{"id":32183,"date":"2023-10-31T20:39:43","date_gmt":"2023-10-31T19:39:43","guid":{"rendered":"https:\/\/supercuotas.gratis\/?page_id=32183"},"modified":"2023-10-31T20:39:43","modified_gmt":"2023-10-31T19:39:43","slug":"winchile-bono-apuestas-combinadas-chile-codigos-promocionales","status":"publish","type":"page","link":"https:\/\/supercuotas.gratis\/cl\/winchile-bono-apuestas-combinadas-chile-codigos-promocionales\/","title":{"rendered":"WinChile Bono Apuestas Combinadas \u00bb \u00a1Bono + GanaGOOL!"},"content":{"rendered":"\n<p><strong>\u00bfQuieres saber si hay en WinChile un Bono para Apuestas Combinadas?<\/strong> Acomp\u00e1\u00f1anos en este art\u00edculo, porque te contaremos todo lo que debes saber al respecto. <strong><a href=\"https:\/\/recor.to\/winchile\" target=\"_blank\" rel=\"noreferrer noopener nofollow sponsored\">\u00a1Conoce la propuesta de esta casa!<\/a><\/strong><\/p>\n\n\n\n<figure class=\"wp-block-image size-large\"><a href=\"https:\/\/recor.to\/winchile\" target=\"_blank\" rel=\"noreferrer noopener nofollow sponsored\"><img fetchpriority=\"high\" decoding=\"async\" width=\"1024\" height=\"491\" src=\"https:\/\/supercuotas.gratis\/wp-content\/uploads\/2023\/10\/winchile-bono-apuestas-combinadas-1024x491.png\" alt=\"winchile bono apuestas combinadas\" class=\"wp-image-32184\" srcset=\"https:\/\/supercuotas.gratis\/wp-content\/uploads\/2023\/10\/winchile-bono-apuestas-combinadas-1024x491.png 1024w, https:\/\/supercuotas.gratis\/wp-content\/uploads\/2023\/10\/winchile-bono-apuestas-combinadas-300x144.png 300w, https:\/\/supercuotas.gratis\/wp-content\/uploads\/2023\/10\/winchile-bono-apuestas-combinadas-768x368.png 768w, https:\/\/supercuotas.gratis\/wp-content\/uploads\/2023\/10\/winchile-bono-apuestas-combinadas.png 1233w\" sizes=\"(max-width: 1024px) 100vw, 1024px\" \/><\/a><\/figure>\n\n\n\n<h2 class=\"wp-block-heading\"><strong>\u00bfTiene WinChile un Bono para Apuestas Combinadas?<\/strong><\/h2>\n\n\n\n<p>Si eres un apostador experto, que no se conforma con poco y acepta los grandes desaf\u00edos, este art\u00edculo est\u00e1 pensado para vos. Porque en \u00e9l vamos a hablar <strong>sobre las apuestas combinadas y si WinChile tiene un Bono<\/strong> para este tipo de pron\u00f3sticos. Adem\u00e1s, repasaremos todo lo que necesitas saber con respecto a las combinadas, su funcionamiento y c\u00f3mo sacar de ellas el m\u00e1ximo provecho. <strong><a href=\"https:\/\/recor.to\/winchile\" target=\"_blank\" rel=\"noreferrer noopener nofollow sponsored\">\u00a1S\u00famate a la comunidad de WinChile!<\/a><\/strong><\/p>\n\n\n\n<p>Lo que debemos decir, es que hasta el momento <strong>no tiene WinChile un Bono para Apuestas Combinadas. <\/strong>Claro que hay ofertas disponibles para Chile, pero no destinadas a los pron\u00f3sticos de tipo parlays. <strong>Hay un Bono de Bienvenida, Bonos de Carga<\/strong>, un Bono Semanal, un Bono Fin de Semana y otros beneficios que puedes aprovechar. <\/p>\n\n\n\n<p>Jugar sin un Bono tiene su parte positiva. Porque podr\u00e1s hacer apuestas combinadas como te plazca, <strong>sin estar sujeto a requisitos de apuesta <\/strong>o a determinadas condiciones. <strong>Nada de l\u00edmites m\u00ednimos o m\u00e1ximos<\/strong> en cuanto a la cantidad de selecciones a combinar, de plazos ni de montos estipulados. Eres el \u00fanico due\u00f1o de tu actividad y no tienes que rendirle cuentas a nadie. <strong><a href=\"https:\/\/recor.to\/winchile\" target=\"_blank\" rel=\"noreferrer noopener nofollow sponsored\">\u00a1Haz tus parlays en WinChile!<\/a><\/strong><\/p>\n\n\n\n<h3 class=\"wp-block-heading\"><strong>M\u00e1s informaci\u00f3n sobre un Bono para Combinadas en WinChile<\/strong><\/h3>\n\n\n\n<p>Para saber si WinChile lanzar\u00e1 m\u00e1s adelante un Bono para Apuestas Combinadas, <strong>ponte en contacto con el servicio de atenci\u00f3n al cliente. <\/strong>Los profesionales de la casa sabr\u00e1n responder todas las preguntas que tengas al respecto. Como sobre cualquier otro t\u00f3pico que tenga que ver con el servicio de la casa en Chile. <\/p>\n\n\n\n<p><strong><a href=\"https:\/\/recor.to\/winchile\" target=\"_blank\" rel=\"noreferrer noopener nofollow sponsored\">Ingresa al sitio web de WinChile<\/a> y presiona sobre &#8220;Contacto&#8221;<\/strong>, que se ubica en la parte superior derecha de la pantalla. All\u00ed ver\u00e1s las opciones para comunicarte, como por ejemplo el WhatsApp. M\u00e1s pr\u00e1ctico y c\u00f3modo, imposible. Obt\u00e9n respuestas oportunas y eficaces, para que tu experiencia de usuario sea impecable. <\/p>\n\n\n\n<p><strong>Tambi\u00e9n te recomendamos repasar la secci\u00f3n &#8220;Preguntas Frecuentes&#8221;<\/strong> para nutrirte de informaci\u00f3n \u00fatil sobre diversos temas vinculados al servicio de WinChile. Entre ellos, los Bonos y Promociones. Antes de avanzar a una explicaci\u00f3n de las combinadas, <strong><em><a href=\"https:\/\/supercuotas.gratis\/cl\/winchile-bono-apuestas-deportivas-chile-codigos-promocionales\/\" target=\"_blank\" rel=\"noreferrer noopener\">\u00a1Descubre si hay en WinChile un Bono para Apuestas Deportivas!<\/a><\/em><\/strong><\/p>\n\n\n\n<h2 class=\"wp-block-heading\"><strong>Gana m\u00e1s con las apuestas combinadas en WinChile<\/strong><\/h2>\n\n\n\n<p>Si bien ya dejamos en claro que no hay un Bono, de todas maneras puedes alcanzar enormes ganancias con las apuestas combinadas en WinChile. Y la raz\u00f3n es simple: <strong>esta casa pone a tu disposici\u00f3n formidables cuotas<\/strong> al momento de llevar a cabo tus pron\u00f3sticos. Tanto para los eventos m\u00e1s destacados como para aquellos no tan masivos o convencionales. Y recuerda que las cuotas es lo que define lo que vas a recibir en caso de acierto. <\/p>\n\n\n\n<p>Y en el caso particular de las apuestas combinadas, <strong>las cuotas de las selecciones que combines se multiplican. <\/strong>Entonces, el pozo de posibles ganancias es todav\u00eda mucho mayor. A m\u00e1s cantidad de selecciones combinadas, m\u00e1s alto ser\u00e1 el monto que puedes obtener. Si tienes experiencia y eres un conocedor de los deportes, <strong><a href=\"https:\/\/recor.to\/winchile\" target=\"_blank\" rel=\"noreferrer noopener nofollow sponsored\">\u00a1Hazte un usuario en WinChile y acepta el desaf\u00edo!<\/a><\/strong><\/p>\n\n\n\n<p>Vale aclarar que <strong>las apuestas combinadas implican un nivel de riesgo y dificultad mayor <\/strong>a las apuestas simples. Porque para ganar una parlay, debes aceptar en absolutamente todas las selecciones. No alcanza con que solo lo hagas en alguna. Incluso si fallas solo en una, la apuesta ser\u00e1 definida como perdida. Por eso, si reci\u00e9n est\u00e1s empezando y no posees experiencia previa, te recomendamos que inicies por los pron\u00f3sticos simples. Y a la hora de combinar, estudia bien los mercados. <\/p>\n\n\n\n<h2 class=\"wp-block-heading\"><strong>Alternativa a un Bono para Combinadas: Cartilla GanaGOOL de WinChile <\/strong><\/h2>\n\n\n\n<p>No hay en WinChile un Bono para Apuestas Combinadas. Pero s\u00ed una oferta que incluye a los pron\u00f3sticos deportivos. Se trata de Cartilla GanaGOOL, que reparte un pozo acumulable que va <strong>desde los 500.000 CLP hasta los 5.000.000 CLP. <\/strong>Del pozo total se reparte un porcentaje en partes iguales entre los ganadores, <strong>de acuerdo a las siguientes categor\u00edas: <\/strong><\/p>\n\n\n\n<ul class=\"wp-block-list\">\n<li><strong>Primera Categor\u00eda: <\/strong>cuando existan 10 aciertos entre los eventos publicados, se entrega el 60% del pozo acumulado. <\/li>\n\n\n\n<li><strong>Segunda Categor\u00eda:<\/strong> cuando existan 9 aciertos entre los eventos publicados, se entrega el 30% del pozo acumulado.<\/li>\n\n\n\n<li><strong>Tercera Categor\u00eda:<\/strong> cuando existan 8 aciertos entre los eventos publicados, se entrega el 10% del pozo acumulado.  <\/li>\n<\/ul>\n\n\n\n<p>La Cartilla GanaGOOL se asigna todos los lunes y posee una vigencia de siete d\u00edas. Lo interesante de esto es que puedes participar cuando quieras y todas las veces que quieras. <strong>La Cartilla<\/strong> <strong>consta de 10 eventos<\/strong> deportivos sobre los cuales debes realizar tus pron\u00f3sticos (Local, Empate o Visita). Y <strong>ganas a partir de los 8 aciertos<\/strong>, como mencionamos m\u00e1s arriba en las distintas categor\u00edas. <strong><a href=\"https:\/\/recor.to\/winchile\" target=\"_blank\" rel=\"noreferrer noopener nofollow sponsored\">\u00a1\u00danete y demuestra cu\u00e1nto sabes de deportes!<\/a><\/strong><\/p>\n\n\n\n<p>Para participar, necesitas <strong>registrar movimientos de carga en los \u00faltimos 30 d\u00edas.<\/strong> Y actividad reciente en el Sitio, con <strong>apuestas por un valor m\u00ednimo de 5.000 CLP <\/strong>con una antig\u00fcedad no mayor a los cinco d\u00edas del inicio de la promoci\u00f3n. Adem\u00e1s, puedes apuntarte hasta 1 hora antes del inicio del primer evento. Y en el caso de que seas uno de los ganadores, los fondos son tuyos y puedes hacer con ellos lo que te plazca. Nada de requisitos de apuesta ni nada de eso. <\/p>\n\n\n\n<figure class=\"wp-block-image size-large\"><a href=\"https:\/\/recor.to\/winchile\" target=\"_blank\" rel=\"noreferrer noopener nofollow sponsored\"><img decoding=\"async\" width=\"1024\" height=\"480\" src=\"https:\/\/supercuotas.gratis\/wp-content\/uploads\/2023\/10\/winchile-bono-para-parlays-1024x480.png\" alt=\"winchile bono para parlays\" class=\"wp-image-32193\" srcset=\"https:\/\/supercuotas.gratis\/wp-content\/uploads\/2023\/10\/winchile-bono-para-parlays-1024x480.png 1024w, https:\/\/supercuotas.gratis\/wp-content\/uploads\/2023\/10\/winchile-bono-para-parlays-300x141.png 300w, https:\/\/supercuotas.gratis\/wp-content\/uploads\/2023\/10\/winchile-bono-para-parlays-768x360.png 768w, https:\/\/supercuotas.gratis\/wp-content\/uploads\/2023\/10\/winchile-bono-para-parlays.png 1233w\" sizes=\"(max-width: 1024px) 100vw, 1024px\" \/><\/a><\/figure>\n\n\n\n<h2 class=\"wp-block-heading\"><strong>Otros Bonos de WinChile para usuarios de Chile<\/strong><\/h2>\n\n\n\n<h3 class=\"wp-block-heading\"><strong>Bono de Bienvenida Sin Dep\u00f3sito<\/strong><\/h3>\n\n\n\n<p>No para apuestas combinadas, pero s\u00ed para juegos de casino, hay en WinChile un imperdible Bono de Bienvenida Sin Dep\u00f3sito. Con \u00e9l, <strong>\u00a1Recibe 10.000 CLP de regalo!<\/strong> Y todo lo que tienes que hacer a cambio es <strong><a href=\"https:\/\/recor.to\/winchile\" target=\"_blank\" rel=\"noreferrer noopener nofollow sponsored\">registrarte<\/a> y luego activar la cuenta<\/strong> en un plazo no superior a los 30 d\u00edas. Tan simple y breve como eso. Una oportunidad que no puedes dejar pasar si disfrutas de jugar en el casino. <\/p>\n\n\n\n<p><strong>El Bono de Bienvenida posee una vigencia de 7 d\u00edas,<\/strong> lo que significa que debes utilizarlo dentro de dicho per\u00edodo de tiempo. Porque luego caducar\u00e1, al igual que las ganancias generadas hasta ese momento. Adem\u00e1s, se trata de una oferta no transferible y que solo est\u00e1 disponible una vez por usuario (antes del primer dep\u00f3sito). <strong><em><a href=\"https:\/\/supercuotas.gratis\/cl\/winchile-bono-casino-chile-codigos-promocionales\/\" target=\"_blank\" rel=\"noreferrer noopener\">\u00a1Accede a m\u00e1s detalles de este Bono para aprovechar en el Casino!<\/a><\/em><\/strong><\/p>\n\n\n\n<h3 class=\"wp-block-heading\"><strong>Bono de Primera, Segunda y Tercera Carga<\/strong><\/h3>\n\n\n\n<p>Tras sacarle todo el jugo al Bono de Bienvenida Sin Dep\u00f3sito, solicita los Bonos de Carga de WinChile. Un total de tres bonificaciones que se entregan de manera secuencial y que, en su conjunto, <strong>te apostan hasta 300.000 CLP Extra <\/strong>para disfrutar en las Slots de casino seleccionadas por la casa. Los Bonos de Carga <strong>se dividen de la siguiente manera: <\/strong><\/p>\n\n\n\n<ul class=\"wp-block-list\">\n<li><strong>Primera Carga:<\/strong> 100% extra hasta un m\u00e1ximo de 100.000 CLP. <\/li>\n\n\n\n<li><strong>Segunda Carga:<\/strong> 25% extra hasta un m\u00e1ximo de 100.000 CLP. <\/li>\n\n\n\n<li><strong>Tercera Carga:<\/strong> 50% extra hasta un m\u00e1ximo de 100.000 CLP. <\/li>\n<\/ul>\n\n\n\n<p><strong>Adem\u00e1s de <a href=\"https:\/\/recor.to\/winchile\" target=\"_blank\" rel=\"noreferrer noopener nofollow sponsored\">abrir una cuenta<\/a>, debes efectuar dep\u00f3sitos<\/strong> para beneficiarte de los Bonos de Carga, Y para los tres casos, el ingreso de dinero m\u00ednimo para calificar es de<strong> 5.000 CLP. <\/strong>Para nada complejo si se compara con la calidad de la oferta. Y una vez que los Bonos hayan sido acreditados en tu cuenta, tendr\u00e1n una vigencia de 30 d\u00edas. <\/p>\n\n\n\n<p>En cuanto a los requisitos para poder liberar el Bono y las ganancias, <strong>apuesta el equivalente al 75% de la carga realizada<\/strong> en juegos de categor\u00eda Slot. Una vez que lo hagas, podr\u00e1s solicitar el siguiente Bono de Carga. No antes. O sino, cuando el saldo de tu cuenta sea inferior a 100 CLP. <\/p>\n\n\n\n<p>De esta manera, llegamos al final de este art\u00edculo. Pero si quieres saber m\u00e1s sobre el servicio de esta casa, <strong>repasa esta <em><a href=\"https:\/\/supercuotas.gratis\/cl\/winchile\/\" target=\"_blank\" rel=\"noreferrer noopener\">Rese\u00f1a Completa de WinChile y sus Bonos.<\/a><\/em> <\/strong>Recuerda que hay otras ofertas que no mencionamos en la presente narraci\u00f3n, como el Bono Semanal y el Bono Fin de Semana. <\/p>\n\n\n\n<figure class=\"wp-block-image size-large\"><a href=\"https:\/\/recor.to\/winchile\" target=\"_blank\" rel=\"noreferrer noopener nofollow sponsored\"><img decoding=\"async\" width=\"1024\" height=\"481\" src=\"https:\/\/supercuotas.gratis\/wp-content\/uploads\/2023\/10\/winchile-oferta-para-parlays-1024x481.png\" alt=\"winchile oferta para parlays\" class=\"wp-image-32202\" srcset=\"https:\/\/supercuotas.gratis\/wp-content\/uploads\/2023\/10\/winchile-oferta-para-parlays-1024x481.png 1024w, https:\/\/supercuotas.gratis\/wp-content\/uploads\/2023\/10\/winchile-oferta-para-parlays-300x141.png 300w, https:\/\/supercuotas.gratis\/wp-content\/uploads\/2023\/10\/winchile-oferta-para-parlays-768x361.png 768w, https:\/\/supercuotas.gratis\/wp-content\/uploads\/2023\/10\/winchile-oferta-para-parlays.png 1235w\" sizes=\"(max-width: 1024px) 100vw, 1024px\" \/><\/a><\/figure>\n\n\n<p>[ratings]<\/p>\n\n\n\n<div class=\"wp-block-rank-math-faq-block\"><div class=\"rank-math-faq-item\"><h3 class=\"rank-math-question\">\u00bfQu\u00e9 es WinChile?<\/h3><div class=\"rank-math-answer\"><strong>Un sitio donde podr\u00e1s hacer mucho dinero<\/strong> tanto en apuestas deportivas como en juegos de casino. <\/div><\/div><div class=\"rank-math-faq-item\"><h3 class=\"rank-math-question\">\u00bfHay en WinChile un Bono para Apuestas Combinadas?<\/h3><div class=\"rank-math-answer\"><strong>No, por el momento no<\/strong> existe esa promoci\u00f3n. S\u00ed hay Bonos, pero no para las apuestas combinadas. <\/div><\/div><div class=\"rank-math-faq-item\"><h3 class=\"rank-math-question\">\u00bfCu\u00e1ndo lanzar\u00e1 WinChile un Bono para Apuestas Combinadas?<\/h3><div class=\"rank-math-answer\">Para saber eso, <strong><a href=\"https:\/\/recor.to\/winchile\" target=\"_blank\" rel=\"noreferrer noopener nofollow sponsored\">ingresa a la plataforma<\/a> y ponte en contacto <\/strong>con el equipo de atenci\u00f3n al cliente. Los profesionales de la casa sabr\u00e1n responderte. <\/div><\/div><div class=\"rank-math-faq-item\"><h3 class=\"rank-math-question\">\u00bfCu\u00e1les son las ventajas y desventajas de las apuestas combinadas?<\/h3><div class=\"rank-math-answer\"><strong>Entregan mayores ganancias<\/strong>, porque las cuotas se multiplican. Pero al mismo tiempo, el riesgo y la dificultad es mayor (tienes que acertar en todas las selecciones para ganar). <\/div><\/div><div class=\"rank-math-faq-item\"><h3 class=\"rank-math-question\">\u00bfHay alguna oferta para apuestas deportivas?<\/h3><div class=\"rank-math-answer\"><strong>Est\u00e1 la Cartilla GanaGOOL<\/strong>, que reparte un porcentaje de un pozo acumulable que va desde los 500.000 CLP hasta los 5.000.000 CLP. <\/div><\/div><div class=\"rank-math-faq-item\"><h3 class=\"rank-math-question\">\u00bfQu\u00e9 Bonos tiene WinChile?<\/h3><div class=\"rank-math-answer\"><strong>Hay un Bono de Bienvenida Sin Dep\u00f3sito<\/strong>, que te entrega 10.000 CLP por el simple hecho de unirte y luego activar la cuenta. <\/div><\/div><div class=\"rank-math-faq-item\"><h3 class=\"rank-math-question\">\u00bfEn qu\u00e9 consisten los Bonos de Carga? <\/h3><div class=\"rank-math-answer\"><strong>Son tres bonos<\/strong> que se entregan de manera secuencial y que te aportan <strong>hasta 300.000 CLP Extra. <\/strong><\/div><\/div><\/div>\n","protected":false},"excerpt":{"rendered":"<p>\u00bfQuieres saber si hay en WinChile un Bono para Apuestas Combinadas? Acomp\u00e1\u00f1anos en este art\u00edculo, porque te contaremos todo lo que debes saber al respecto. \u00a1Conoce la propuesta de esta casa! \u00bfTiene WinChile un Bono para Apuestas Combinadas? Si eres un apostador experto, que no se conforma con poco y acepta los grandes desaf\u00edos, este &#8230; <a title=\"WinChile Bono Apuestas Combinadas \u00bb \u00a1Bono + GanaGOOL!\" class=\"read-more\" href=\"https:\/\/supercuotas.gratis\/cl\/winchile-bono-apuestas-combinadas-chile-codigos-promocionales\/\" aria-label=\"Leer m\u00e1s sobre WinChile Bono Apuestas Combinadas \u00bb \u00a1Bono + GanaGOOL!\">Read more<\/a><\/p>\n","protected":false},"author":73,"featured_media":0,"parent":0,"menu_order":0,"comment_status":"closed","ping_status":"closed","template":"","meta":{"_uag_custom_page_level_css":"","generate_page_header":"","footnotes":""},"class_list":["post-32183","page","type-page","status-publish"],"uagb_featured_image_src":{"full":false,"thumbnail":false,"medium":false,"medium_large":false,"large":false,"1536x1536":false,"2048x2048":false},"uagb_author_info":{"display_name":"Rodrigo Marquez","author_link":"https:\/\/supercuotas.gratis\/cl\/author\/rodrigo-marquez\/"},"uagb_comment_info":0,"uagb_excerpt":"\u00bfQuieres saber si hay en WinChile un Bono para Apuestas Combinadas? Acomp\u00e1\u00f1anos en este art\u00edculo, porque te contaremos todo lo que debes saber al respecto. \u00a1Conoce la propuesta de esta casa! \u00bfTiene WinChile un Bono para Apuestas Combinadas? Si eres un apostador experto, que no se conforma con poco y acepta los grandes desaf\u00edos, este&hellip;","_links":{"self":[{"href":"https:\/\/supercuotas.gratis\/cl\/wp-json\/wp\/v2\/pages\/32183","targetHints":{"allow":["GET"]}}],"collection":[{"href":"https:\/\/supercuotas.gratis\/cl\/wp-json\/wp\/v2\/pages"}],"about":[{"href":"https:\/\/supercuotas.gratis\/cl\/wp-json\/wp\/v2\/types\/page"}],"author":[{"embeddable":true,"href":"https:\/\/supercuotas.gratis\/cl\/wp-json\/wp\/v2\/users\/73"}],"replies":[{"embeddable":true,"href":"https:\/\/supercuotas.gratis\/cl\/wp-json\/wp\/v2\/comments?post=32183"}],"version-history":[{"count":1,"href":"https:\/\/supercuotas.gratis\/cl\/wp-json\/wp\/v2\/pages\/32183\/revisions"}],"predecessor-version":[{"id":32211,"href":"https:\/\/supercuotas.gratis\/cl\/wp-json\/wp\/v2\/pages\/32183\/revisions\/32211"}],"wp:attachment":[{"href":"https:\/\/supercuotas.gratis\/cl\/wp-json\/wp\/v2\/media?parent=32183"}],"curies":[{"name":"wp","href":"https:\/\/api.w.org\/{rel}","templated":true}]}}