{"id":32182,"date":"2023-11-08T15:33:28","date_gmt":"2023-11-08T14:33:28","guid":{"rendered":"https:\/\/supercuotas.gratis\/?page_id=32182"},"modified":"2023-11-08T15:33:29","modified_gmt":"2023-11-08T14:33:29","slug":"ultracasino-bono-slots-codigos-promocionales-chile","status":"publish","type":"page","link":"https:\/\/supercuotas.gratis\/cl\/ultracasino-bono-slots-codigos-promocionales-chile\/","title":{"rendered":"UltraCasino Bono Slots \u00bb $100 MIL para los Mejores Juegos"},"content":{"rendered":"\n<p>Hoy te presentaremos una nueva oferta de casino online que no te puedes perder! <strong>Te contaremos todo lo que necesitas saber de UltraCasino<\/strong>, su catalogo y, lo mas importante, las ofertas de bono en casino y slots a las que puedes acceder para comenzar una experiencia de casino completa.<a href=\"https:\/\/recor.to\/ultracasinochile\" target=\"_blank\" data-type=\"link\" data-id=\"https:\/\/recor.to\/ultracasinochile\" rel=\"noreferrer noopener nofollow sponsored\"> Ingresa a UltraCasino y da inicio a una nueva aventura!<\/a><\/p>\n\n\n\n<figure class=\"wp-block-image size-large\"><a href=\"https:\/\/recor.to\/ultracasinochile\" target=\"_blank\" rel=\"noreferrer noopener nofollow sponsored\"><img fetchpriority=\"high\" decoding=\"async\" width=\"1024\" height=\"340\" src=\"https:\/\/supercuotas.gratis\/wp-content\/uploads\/2023\/11\/ULTRACASINO-bono-slots-1024x340.jpg\" alt=\"ULTRACASINO bono slots\" class=\"wp-image-32245\" srcset=\"https:\/\/supercuotas.gratis\/wp-content\/uploads\/2023\/11\/ULTRACASINO-bono-slots-1024x340.jpg 1024w, https:\/\/supercuotas.gratis\/wp-content\/uploads\/2023\/11\/ULTRACASINO-bono-slots-300x100.jpg 300w, https:\/\/supercuotas.gratis\/wp-content\/uploads\/2023\/11\/ULTRACASINO-bono-slots-768x255.jpg 768w, https:\/\/supercuotas.gratis\/wp-content\/uploads\/2023\/11\/ULTRACASINO-bono-slots.jpg 1349w\" sizes=\"(max-width: 1024px) 100vw, 1024px\" \/><\/a><\/figure>\n\n\n\n<h2 class=\"wp-block-heading\"><strong>\u00bfQu\u00e9 puedo encontrar en UltraCasino?<\/strong><\/h2>\n\n\n\n<p>Como anticipamos, el d\u00eda de hoy <a href=\"https:\/\/supercuotas.gratis\/cl\/ultracasino\/\" target=\"_blank\" data-type=\"link\" data-id=\"https:\/\/supercuotas.gratis\/cl\/ultracasino\/\" rel=\"noreferrer noopener\">te invitamos a conocer UltraCasino<\/a>, un sitio que desde el 2020 <strong>se encuentra ofreciendo a su publico chileno un catalogo imperdible con mas de 2.000 juegos de primera calidad, tragamonedas y los mejores juegos de casino en vivo.<\/strong> Y como te aseguraremos una experiencia \u00fanica, mas adelante te contaremos todo sobre sus ofertas actuales y la disponibilidad de bonos de bienvenida y bono para slots.<\/p>\n\n\n\n<p>El objetivo de UltraCasino es destacarse por su<a href=\"https:\/\/recor.to\/ultracasinochile\" target=\"_blank\" data-type=\"link\" data-id=\"https:\/\/recor.to\/ultracasinochile\" rel=\"noreferrer noopener nofollow sponsored\"> sitio din\u00e1mico y vers\u00e1til,<\/a> dejando a disposici\u00f3n de sus usuarios una oferta que continua expandi\u00e9ndose para adaptarse a todos los gustos y necesidades. Y apostando por la comodidad, <strong>podr\u00e1s acceder a todo su catalogo desde su sitio web tanto en su versi\u00f3n de escritorio como en su versi\u00f3n m\u00f3vil<\/strong>, ya que sus juegos se encuentran adaptados para que puedas acceder desde todos tus dispositivos.<\/p>\n\n\n\n<h2 class=\"wp-block-heading\"><strong>Ofertas y promociones en ULTRACASINO<\/strong><\/h2>\n\n\n\n<p>Una de las tantas razones que hacen que UltraCasino sea una de las mejores ofertas de casino online en Chile, se debe a su amplio abanico de promociones y bonos que ofrece a sus usuarios. <strong>Con solo registrarte en el sitio, podr\u00e1s acceder todas sus ofertas desde la secci\u00f3n &#8220;Promociones&#8221;<\/strong> y, gracias a sus actualizaciones regulares, <a href=\"https:\/\/supercuotas.gratis\/cl\/ultracasino-bono-casino-codigos-promocionales-chile\/\" data-type=\"link\" data-id=\"https:\/\/supercuotas.gratis\/cl\/ultracasino-bono-casino-codigos-promocionales-chile\/\" target=\"_blank\" rel=\"noreferrer noopener\">siempre podr\u00e1s encontrar una que se adapte a ti.<\/a><\/p>\n\n\n\n<h3 class=\"wp-block-heading\"><strong>ULTRACASINO Bono Slots y Casino<\/strong><\/h3>\n\n\n\n<p>Si eres un aficionado del casino online y sus slots, te contamos que UltraCasino posee un bono de bienvenida con el que podr\u00e1s aumentar tu experiencia en los mejores juegos y tragamonedas disponibles desde el momento en que creas tu cuenta. Gracias a su bono de bienvenida, podr\u00e1s acreditar en tu cuenta un monto de hasta $100.000 y 100 jugadas gratis. Con esta oferta imperdible, <strong>UltraCasino ofrece duplicar el monto de tu primer deposito, logrando acceder hasta $100.000 y adem\u00e1s, tendr\u00e1s 100 giros gratis en la tragamonedas Book Of Vikings.<\/strong> <\/p>\n\n\n\n<p>A continuaci\u00f3n, te contamos todo en cuanto a las condiciones que debes cumplir para solicitar este bono y como aprovecharlo al m\u00e1ximo. En primer lugar, se trata de un bono de bienvenida, por lo que <strong>solo podr\u00e1s acceder a \u00e9l si eres un <a href=\"https:\/\/recor.to\/ultracasinochile\" data-type=\"link\" data-id=\"https:\/\/recor.to\/ultracasinochile\" target=\"_blank\" rel=\"noreferrer noopener nofollow sponsored\">nuevo usuario de la pagina<\/a> y\/o no has realizado aun tu primer deposito<\/strong>. Este primer deposito debe ser de un monto m\u00ednimo de $10.000 para poder reclamar la bonificaci\u00f3n y, al momento de realizar la transacci\u00f3n, deber\u00e1s ingresar el c\u00f3digo &#8220;ULTRA&#8221;, sino perder\u00e1s la oportunidad de obtenerlo.<\/p>\n\n\n\n<p>En cuanto a <strong>los 100 giros gratis, estos se acreditaran de forma fragmentada en tu cuenta.<\/strong> Al momento de realizar tu primer deposito, UltraCasino habilitara tus primeros 50 giros para que utilices. Luego, los siguientes 50 giros restantes, se acreditaran en tandas de 10 giros por d\u00eda, durante los cinco pr\u00f3ximos d\u00edas a tu deposito.<\/p>\n\n\n\n<p>Por ultimo, siempre debes tener en cuenta las condiciones de reinversi\u00f3n para cada bonificaci\u00f3n. En este caso, <strong>el dinero del bono debe ser reinvertido un m\u00ednimo de 50 veces<\/strong> dentro de los tres d\u00edas posteriores a la confirmaci\u00f3n del deposito y acreditaci\u00f3n del bono. As\u00ed como las ganancias que obtengas de este bono, est\u00e1n limitadas a 10 veces el importe bonificado. En el caso de <strong>los giros gratis, el requisito de apuesta tambi\u00e9n es de un m\u00ednimo de 50 veces<\/strong>. Debido a que estos giros se acreditan de forma diaria, cada tanda tiene una validez de 24 horas y no son acumulables.<\/p>\n\n\n\n<h3 class=\"wp-block-heading\"><strong>ULTRACASINO Bono Slots<\/strong><\/h3>\n\n\n\n<p>Si eres fan de las tragamonedas y los giros gratis, adem\u00e1s de poder obtener el bono de bienvenida, UltraCasino ofrece tambi\u00e9n un bono \u00fanicamente para slots! Con el bono &#8220;Fin de Semana de Giros Gratis&#8221; podr\u00e1s disfrutar de <strong>100 jugadas gratuitas en la slot Power of Thor Megaways<\/strong> para que puedas utilizar durante el fin de semana. Para acceder este beneficio solo debes depositar un m\u00ednimo de $90.000 de lunes a viernes, y se habilitaran tus jugadas gratis a primera hora del d\u00eda s\u00e1bado! As\u00ed como sucede en el bono de bienvenida, los 100 giros se acreditaran de forma fragmentada, por lo que el s\u00e1bado tendr\u00e1s los primeros 50, y el domingo obtendr\u00e1s las 50 restantes.<\/p>\n\n\n\n<p>Estos giros tambi\u00e9n poseen un requisito de apuesta de 50 veces antes de poder solicitar tus ganancias.<\/p>\n\n\n\n<figure class=\"wp-block-image size-large\"><a href=\"https:\/\/recor.to\/ultracasinochile\" target=\"_blank\" rel=\"noreferrer noopener nofollow sponsored\"><img decoding=\"async\" width=\"1024\" height=\"349\" src=\"https:\/\/supercuotas.gratis\/wp-content\/uploads\/2023\/11\/ULTRACASINO-bono-para-tragamonedas-1024x349.jpg\" alt=\"ULTRACASINO bono para tragamonedas\" class=\"wp-image-32254\" srcset=\"https:\/\/supercuotas.gratis\/wp-content\/uploads\/2023\/11\/ULTRACASINO-bono-para-tragamonedas-1024x349.jpg 1024w, https:\/\/supercuotas.gratis\/wp-content\/uploads\/2023\/11\/ULTRACASINO-bono-para-tragamonedas-300x102.jpg 300w, https:\/\/supercuotas.gratis\/wp-content\/uploads\/2023\/11\/ULTRACASINO-bono-para-tragamonedas-768x262.jpg 768w, https:\/\/supercuotas.gratis\/wp-content\/uploads\/2023\/11\/ULTRACASINO-bono-para-tragamonedas.jpg 1348w\" sizes=\"(max-width: 1024px) 100vw, 1024px\" \/><\/a><\/figure>\n\n\n\n<h3 class=\"wp-block-heading\"><strong>Todo sobre el catalogo de ULTRACASINO<\/strong><\/h3>\n\n\n\n<p><a href=\"https:\/\/recor.to\/ultracasinochile\" target=\"_blank\" data-type=\"link\" data-id=\"https:\/\/recor.to\/ultracasinochile\" rel=\"noreferrer noopener nofollow sponsored\">Ingresando a tu cuenta en el sitio web de UltraCasino,<\/a> adem\u00e1s de las promociones imperdibles que te nombramos anteriormente y muchas mas, <strong>vas a poder encontrar mas de 2000 tragamonedas y 130 juegos de casino en vivo<\/strong>! Entre sus opciones de slots vas poder encontrar las mas destacadas, como Book of Dead y Starburst, adem\u00e1s de opciones tem\u00e1ticas que encontraras en diferentes secciones. Y si aun no te encuentras registrado en el sitio, puedes aprovechar sus juegos en versi\u00f3n demo, donde podr\u00e1s probar todas las opciones disponibles antes de crear tu cuenta y<a href=\"https:\/\/supercuotas.gratis\/cl\/ultracasino-bono-sin-deposito-codigos-promocionales\/\" target=\"_blank\" data-type=\"link\" data-id=\"https:\/\/supercuotas.gratis\/cl\/ultracasino-bono-sin-deposito-codigos-promocionales\/\" rel=\"noreferrer noopener\"> sin hacer dep\u00f3sitos<\/a>.<\/p>\n\n\n\n<p>Y si aun quieres mas opciones, <strong>ULTRACASINO tiene una variedad de opciones de casino en vivo, ruleta y blackjack,<\/strong> para que vivas la toda experiencia de un casino real desde la comodidad de tu hogar.<\/p>\n\n\n\n<h2 class=\"wp-block-heading\"><strong>Crea tu cuenta en ULTRACASINO<\/strong><\/h2>\n\n\n\n<p>Como te contamos anteriormente, para acceder a los mejores beneficios que ofrece el sitio, como su bono de bienvenida o el UltraCasino bono slots, debes crear tu cuenta personal. Pero no te preocupes! <strong>Es un proceso muy breve y sencillo que te llevara no mas de cinco minutos en completar<\/strong>, y una vez finalizado podr\u00e1s disfrutar de todo lo que UltraCasino tiene para ofrecer!<\/p>\n\n\n\n<p>Lo primero que deber\u00e1s hacer es<a href=\"https:\/\/recor.to\/ultracasinochile\" data-type=\"link\" data-id=\"https:\/\/recor.to\/ultracasinochile\" target=\"_blank\" rel=\"noreferrer noopener nofollow sponsored\"> ingresar al sitio web oficial de UltraCasino<\/a>, y dirigirte al bot\u00f3n de &#8220;<strong>Registrarse<\/strong>&#8221; que se encuentra en la esquina superior derecha de tu pantalla. Una vez all\u00ed se habilitara un <strong>formulario que deber\u00e1s completar.<\/strong> En \u00e9l se requerir\u00e1 que ingreses <strong>datos personales, como tu nombre completo, tu fecha de nacimiento para verificar que eres mayor de 18 a\u00f1os, y seleccionar la moneda<\/strong> con la que operar\u00e1s tu cuenta. <strong>Finalmente, deber\u00e1s aceptar los t\u00e9rminos y condiciones que establece el sitio, y listo!<\/strong><\/p>\n\n\n\n<h3 class=\"wp-block-heading\"><strong>M\u00e9todos de pago de UltraCasino<\/strong><\/h3>\n\n\n\n<p>Para que puedas acceder a tu cuenta y realizar tus transferencias de forma c\u00f3moda y confiable, <strong>UltraCasino permite una variedad de m\u00e9todos de pago. <\/strong>Podr\u00e1s elegir la que mas se adapte a ti y acceder de forma f\u00e1cil al dinero de tus ganancias, teniendo la posibilidad de utilizar la misma opci\u00f3n tanto para tus dep\u00f3sitos como para tus retiros de dinero. Entre su selecci\u00f3n podr\u00e1s escoger:<\/p>\n\n\n\n<ul class=\"wp-block-list\">\n<li><strong>Transferencia bancaria<\/strong><\/li>\n\n\n\n<li><strong>Tarjetas de debito\/credito Visa y MasterCard<\/strong><\/li>\n\n\n\n<li><strong>Webpay<\/strong><\/li>\n\n\n\n<li><strong>Skrill<\/strong><\/li>\n\n\n\n<li><strong>Ecopayz<\/strong><\/li>\n<\/ul>\n\n\n\n<p><a href=\"https:\/\/recor.to\/ultracasinochile\" target=\"_blank\" data-type=\"link\" data-id=\"https:\/\/recor.to\/ultracasinochile\" rel=\"noreferrer noopener nofollow sponsored\">Ingresa al sitio de UltraCasino<\/a> para obtener informaci\u00f3n detallada sobre los limites para dep\u00f3sitos y retiros seg\u00fan el m\u00e9todo de pago que desees seleccionar.<\/p>\n\n\n\n<h3 class=\"wp-block-heading\"><strong>\u00bfC\u00f3mo depositar y retirar dinero de mi cuenta de UltraCasino?<\/strong><\/h3>\n\n\n\n<p>Una vez creada tu cuenta, podr\u00e1s iniciar sesi\u00f3n en el sitio web y acceder a tu billetera para realizar tus transacciones bancarias. A trav\u00e9s de la opci\u00f3n de &#8220;<strong>Cashier<\/strong>&#8221; en la barra de men\u00fa de tu cuenta, podr\u00e1s elegir entre las opciones de &#8220;<strong>Deposit<\/strong>&#8221; (Deposito) o &#8220;<strong>Withdraw<\/strong>&#8221; (Retirar). Con estas opciones, se habilitaran los formularios correspondientes para cada operaci\u00f3n, donde deber\u00e1s ingresar los datos bancarios correspondientes a tu cuenta. Una vez completado este paso, la solicitud ser\u00e1 enviada y solo debes esperar a que se acredite el movimiento de tu dinero.<\/p>\n\n\n\n<h2 class=\"wp-block-heading\"><strong>Seguridad y responsabilidad en UltraCasino<\/strong><\/h2>\n\n\n\n<p>UltraCasino es un sitio web que se encuentra actualmente <strong>operado bajo la compa\u00f1\u00eda &#8220;BP Group Limited&#8221;<\/strong>, que a su vez se encuentra autorizada y regulada por las <strong>Autoridad de juego de Malta en la Uni\u00f3n Europea. <\/strong>Por lo que podr\u00e1s acceder a toda la experiencia de <a href=\"https:\/\/recor.to\/ultracasinochile\" data-type=\"link\" data-id=\"https:\/\/recor.to\/ultracasinochile\" target=\"_blank\" rel=\"noreferrer noopener nofollow sponsored\">casino online de una forma totalmente legal.<\/a><\/p>\n\n\n\n<p>Adem\u00e1s, accediendo con tu cuenta, UltraCasino provee un <strong>servicio de atenci\u00f3n 24 horas<\/strong>, al que podas acceder para solucionar tus dudas o problemas que puedan surgir. Te puedes poner en contacto con un representante a trav\u00e9s del chat en vivo disponible en sitio web o por correo electr\u00f3nico.<\/p>\n\n\n\n<figure class=\"wp-block-image size-large\"><a href=\"https:\/\/recor.to\/ultracasinochile\" target=\"_blank\" rel=\"noreferrer noopener nofollow sponsored\"><img decoding=\"async\" width=\"1024\" height=\"495\" src=\"https:\/\/supercuotas.gratis\/wp-content\/uploads\/2023\/11\/ULTRACASINO-oferta-para-slots-1024x495.jpg\" alt=\"ULTRACASINO oferta para slots\" class=\"wp-image-32263\" srcset=\"https:\/\/supercuotas.gratis\/wp-content\/uploads\/2023\/11\/ULTRACASINO-oferta-para-slots-1024x495.jpg 1024w, https:\/\/supercuotas.gratis\/wp-content\/uploads\/2023\/11\/ULTRACASINO-oferta-para-slots-300x145.jpg 300w, https:\/\/supercuotas.gratis\/wp-content\/uploads\/2023\/11\/ULTRACASINO-oferta-para-slots-768x371.jpg 768w, https:\/\/supercuotas.gratis\/wp-content\/uploads\/2023\/11\/ULTRACASINO-oferta-para-slots.jpg 1163w\" sizes=\"(max-width: 1024px) 100vw, 1024px\" \/><\/a><\/figure>\n\n\n<p>[ratings]<\/p>\n\n\n\n<h2 class=\"wp-block-heading\"><strong>Preguntas frecuentes sobre UltraCasino<\/strong><\/h2>\n\n\n\n<div class=\"wp-block-rank-math-faq-block\"><div class=\"rank-math-faq-item\"><h3 class=\"rank-math-question\">\u00bfQue es UltraCasino Chile?<\/h3><div class=\"rank-math-answer\">UltraCasino es un casino online que opera en Chile desde el 2020, y ofrece una experiencia \u00fanica con una variada selecci\u00f3n de tragamonedas, juegos de casino en vivo y juegos de mesa.<\/div><\/div><div class=\"rank-math-faq-item\"><h3 class=\"rank-math-question\">\u00bfHay bono de bienvenida en UltraCasino Chile?<\/h3><div class=\"rank-math-answer\">Si! Podr\u00e1s acreditar en tu cuenta un monto de hasta $100.000 y 100 jugadas gratis. UltraCasino ofrece duplicar el monto de tu primer deposito, logrando acceder hasta $100.000 y adem\u00e1s, tendr\u00e1s 100 giros gratis en la tragamonedas Book Of Vikings. <\/div><\/div><div class=\"rank-math-faq-item\"><h3 class=\"rank-math-question\">\u00bfHay un UltraCasino bono slots para Chile?<\/h3><div class=\"rank-math-answer\">Si! Con el bono &#8220;Fin de Semana de Giros Gratis&#8221; podr\u00e1s disfrutar de 100 jugadas gratuitas en la slot Power of Thor Megaways para que puedas utilizar durante el fin de semana.<\/div><\/div><div class=\"rank-math-faq-item\"><h3 class=\"rank-math-question\">\u00bfC\u00f3mo puedo registrarme en UltraCasino Chile?<\/h3><div class=\"rank-math-answer\">Ingresa al sitio web oficial de UltraCasino y haz clic en &#8220;Registrarse&#8221;. Completa el formulario con tus datos personales y selecciona la moneda con la que operar\u00e1s tu cuenta. Finalmente, deber\u00e1s aceptar los t\u00e9rminos y condiciones que establece el sitio, y listo!<\/div><\/div><div class=\"rank-math-faq-item\"><h3 class=\"rank-math-question\">\u00bfQu\u00e9 m\u00e9todos de pago puedo utilizar en UltraCasino Chile?<\/h3><div class=\"rank-math-answer\">UltraCasino ofrece una selecci\u00f3n de m\u00e9todos dentro de los que podr\u00e1s escoger, como: Transferencias bancarias, tarjetas de cr\u00e9dito\/debito Visa y MasterCard, y una variedad de E-Wallets.<\/div><\/div><div class=\"rank-math-faq-item\"><h3 class=\"rank-math-question\">\u00bfEs seguro registrarme en UltraCasino Chile?<\/h3><div class=\"rank-math-answer\">UltraCasino es un sitio web que se encuentra actualmente operado bajo la compa\u00f1\u00eda &#8220;BP Group Limited&#8221;, que a su vez se encuentra autorizada y regulada por las Autoridad de juego de Malta en la Union Europea. Por lo que podr\u00e1s acceder a toda la experiencia de casino online de una forma totalmente legal.<\/div><\/div><\/div>\n","protected":false},"excerpt":{"rendered":"<p>Hoy te presentaremos una nueva oferta de casino online que no te puedes perder! Te contaremos todo lo que necesitas saber de UltraCasino, su catalogo y, lo mas importante, las ofertas de bono en casino y slots a las que puedes acceder para comenzar una experiencia de casino completa. Ingresa a UltraCasino y da inicio &#8230; <a title=\"UltraCasino Bono Slots \u00bb $100 MIL para los Mejores Juegos\" class=\"read-more\" href=\"https:\/\/supercuotas.gratis\/cl\/ultracasino-bono-slots-codigos-promocionales-chile\/\" aria-label=\"Leer m\u00e1s sobre UltraCasino Bono Slots \u00bb $100 MIL para los Mejores Juegos\">Read more<\/a><\/p>\n","protected":false},"author":83,"featured_media":0,"parent":0,"menu_order":0,"comment_status":"closed","ping_status":"closed","template":"","meta":{"_uag_custom_page_level_css":"","generate_page_header":"","footnotes":""},"class_list":["post-32182","page","type-page","status-publish"],"uagb_featured_image_src":{"full":false,"thumbnail":false,"medium":false,"medium_large":false,"large":false,"1536x1536":false,"2048x2048":false},"uagb_author_info":{"display_name":"Agustina Davies","author_link":"https:\/\/supercuotas.gratis\/cl\/author\/agustina-davies\/"},"uagb_comment_info":0,"uagb_excerpt":"Hoy te presentaremos una nueva oferta de casino online que no te puedes perder! Te contaremos todo lo que necesitas saber de UltraCasino, su catalogo y, lo mas importante, las ofertas de bono en casino y slots a las que puedes acceder para comenzar una experiencia de casino completa. Ingresa a UltraCasino y da inicio&hellip;","_links":{"self":[{"href":"https:\/\/supercuotas.gratis\/cl\/wp-json\/wp\/v2\/pages\/32182","targetHints":{"allow":["GET"]}}],"collection":[{"href":"https:\/\/supercuotas.gratis\/cl\/wp-json\/wp\/v2\/pages"}],"about":[{"href":"https:\/\/supercuotas.gratis\/cl\/wp-json\/wp\/v2\/types\/page"}],"author":[{"embeddable":true,"href":"https:\/\/supercuotas.gratis\/cl\/wp-json\/wp\/v2\/users\/83"}],"replies":[{"embeddable":true,"href":"https:\/\/supercuotas.gratis\/cl\/wp-json\/wp\/v2\/comments?post=32182"}],"version-history":[{"count":3,"href":"https:\/\/supercuotas.gratis\/cl\/wp-json\/wp\/v2\/pages\/32182\/revisions"}],"predecessor-version":[{"id":32272,"href":"https:\/\/supercuotas.gratis\/cl\/wp-json\/wp\/v2\/pages\/32182\/revisions\/32272"}],"wp:attachment":[{"href":"https:\/\/supercuotas.gratis\/cl\/wp-json\/wp\/v2\/media?parent=32182"}],"curies":[{"name":"wp","href":"https:\/\/api.w.org\/{rel}","templated":true}]}}