{"id":32152,"date":"2023-10-31T18:23:25","date_gmt":"2023-10-31T17:23:25","guid":{"rendered":"https:\/\/supercuotas.gratis\/?page_id=32152"},"modified":"2023-10-31T18:24:06","modified_gmt":"2023-10-31T17:24:06","slug":"ultracasino-bono-sin-deposito-codigos-promocionales","status":"publish","type":"page","link":"https:\/\/supercuotas.gratis\/cl\/ultracasino-bono-sin-deposito-codigos-promocionales\/","title":{"rendered":"UltraCasino Bono SIN Dep\u00f3sito \u00bb Ofertas de Bienvenida"},"content":{"rendered":"\n<p><strong>Podremos obtener todo tipo de ganancias<\/strong> con el ULTRACASINO bono sin dep\u00f3sito. Esta gran oferta se encuentra inmersa en una lista interminable de ofertas sin igual a las cuales podremos acceder en tan solo algunos minutos. Para eso, necesitaremos conocer con profundidad como poder jugar de la mejor manera dentro de esta plataforma, siempre teniendo en cuenta la capacidad de llevarnos grandes resultados apostando en los mercados mas interesantes, como puede ser el de deportes como el de casino. Tenemos una chance \u00fanica de jugar<strong><a href=\"https:\/\/recor.to\/ultracasinochile\" target=\"_blank\" rel=\"noreferrer noopener nofollow sponsored\"> \u00a1Que comience la aventura!<\/a><\/strong><\/p>\n\n\n\n<figure class=\"wp-block-image size-large is-resized\"><a href=\"https:\/\/recor.to\/ultracasinochile\" target=\"_blank\" rel=\"noreferrer noopener nofollow sponsored\"><img fetchpriority=\"high\" decoding=\"async\" width=\"1024\" height=\"236\" src=\"https:\/\/supercuotas.gratis\/wp-content\/uploads\/2023\/10\/ULTRACASINO-bono-sin-deposito-1024x236.png\" alt=\"ULTRACASINO bono sin dep\u00f3sito\" class=\"wp-image-32153\" style=\"aspect-ratio:4.338983050847458;width:1422px;height:auto\" srcset=\"https:\/\/supercuotas.gratis\/wp-content\/uploads\/2023\/10\/ULTRACASINO-bono-sin-deposito-1024x236.png 1024w, https:\/\/supercuotas.gratis\/wp-content\/uploads\/2023\/10\/ULTRACASINO-bono-sin-deposito-300x69.png 300w, https:\/\/supercuotas.gratis\/wp-content\/uploads\/2023\/10\/ULTRACASINO-bono-sin-deposito-768x177.png 768w, https:\/\/supercuotas.gratis\/wp-content\/uploads\/2023\/10\/ULTRACASINO-bono-sin-deposito-1536x355.png 1536w, https:\/\/supercuotas.gratis\/wp-content\/uploads\/2023\/10\/ULTRACASINO-bono-sin-deposito.png 1693w\" sizes=\"(max-width: 1024px) 100vw, 1024px\" \/><\/a><\/figure>\n\n\n\n<h2 class=\"wp-block-heading\"><strong>ULTRACASINO bono sin dep\u00f3sito y Ofertas<\/strong><\/h2>\n\n\n\n<p><strong>Una plataforma como esta es indispensable<\/strong> para lograr todos nuestros objetivos como jugadores. En este caso, tenemos que destacar un \u00e1rea de promociones que puede cambiar el rumbo de todos tus movimientos en el casino. En este caso tenemos que hablar del ULTRACASINO bono sin dep\u00f3sito, una de las opciones mas importantes para disfrutar de un lugar sensacional de promociones. En este caso, no podemos olvidarnos que la plataforma no cuenta con un bono sin dep\u00f3sito, pero que al mismo tiempo tiene promociones que pueden ser completamente determinantes para nosotros. <strong><a href=\"https:\/\/supercuotas.gratis\/cl\/ultracasino-bono-slots-codigos-promocionales-chile\/\" target=\"_blank\" rel=\"noreferrer noopener\">Las mejores ofertas <\/a><\/strong>para disfrutar en este espacio estar\u00e1n vigentes ahora.<\/p>\n\n\n\n<p>A pesar de no contar con esta modalidad, tendremos la chance de utilizar todo tipo de opciones. Todas ellas poseen sus propios t\u00e9rminos y condiciones que tendremos que respetar para poder sacarles el mayor provecho posible. Cuestiones tales como las cantidades de cuotas, fechas de vigencia, dep\u00f3sitos m\u00ednimos, entre otras cuestiones que tendr\u00e1n que ser respetadas si lo que queremos es disfrutar de las mejores promociones. A raz\u00f3n de esto, es que venimos a presentar la gran lista de opciones con las cuales <strong>podremos obtener una gran ventaja de juego.<\/strong><\/p>\n\n\n\n<p><strong>En definitiva, se trata de esto: una ventaja.<\/strong> Este beneficio puede ayudarnos a no perder nuestro capital en el caso de que tengamos una mala racha, como tambi\u00e9n para adquirir conocimientos que el d\u00eda de ma\u00f1ana podemos llegar a utilizar para realizar apuestas mayores. Este espacio, a pesar de no contar con un ULTRACASINO bono sin dep\u00f3sito, tenemos para destacar gran cantidad de juegos especiales con los cuales podremos aprovechar una experiencia \u00fanica de juego. No nos olvidemos que todo esto ser\u00e1 el comiendo de una aventura sin igual.<\/p>\n\n\n\n<h3 class=\"wp-block-heading\"><strong>ULTRACASINO bono sin dep\u00f3sito<\/strong> <strong>de Bienvenida para Casino<\/strong><\/h3>\n\n\n\n<p>La mejor forma de jugar dentro del sitio, a pesar de no contar con el ULTRACASINO bono sin dep\u00f3sito, es sin lugar a dudas utilizando el bono especial de bienvenida para apuestas de casino. Este es realmente muy sencillo de obtener, simplemente siguiendo el instructivo presente dentro de este art\u00edculo. En primer lugar, necesitamos considerar tener a nuestra disposici\u00f3n un primer dep\u00f3sito. Esto podremos llevarlo a cabo dentro del sector de dep\u00f3sitos dentro de la plataforma. Una vez en este lugar, podremos acreditar un m\u00ednimo de CLP $10.000. <strong><a href=\"https:\/\/supercuotas.gratis\/cl\/ultracasino\/\" target=\"_blank\" rel=\"noreferrer noopener\">Todos los bonos del casino <\/a>podr\u00e1n ser tuyos tan solo en un instante.<\/strong><\/p>\n\n\n\n<p>Luego de hacer esto, estaremos en condiciones de obtener un bono del 100% con un tope m\u00e1ximo de hasta $100.000 CLP para utilizar dentro del mercado de apuestas para casino. En este lugar podremos aprovechar todo tipo de emociones con los t\u00edtulos seleccionados de la plataforma.  Desde que se activa el bono, tendremos un m\u00e1ximo de 3 d\u00edas para utilizar el mismo, debiendo apostar por lo menos 50 veces el valor del bono para poder activarlo. Esto permitir\u00e1 que podamos utilizar esta oferta en tan solo algunos minutos y aprovechando <strong>sin parar de las emociones.<\/strong><\/p>\n\n\n\n<p>Ahora que sabemos como obtener este gran bono, tenemos que entender que a pesar de no contar con el ULTRACASINO bono sin dep\u00f3sito, tenemos a nuestro alcance un beneficio exclusivo dentro del mercado de apuestas para casino. Todo esto ser\u00e1 una gran ayuda para obtener ventajas en esta plataforma. Pero esto no termina aqu\u00ed, porque todav\u00eda quedan emociones por repasar dentro del sitio que no podemos desaprovechar. La emoci\u00f3n de competir ahora es mucho mayor sabiendo que tenemos <strong>todas estas emociones a nuestro alcance.<\/strong><\/p>\n\n\n\n<h3 class=\"wp-block-heading\"><strong>Giros Gratis para el fin de Semana<\/strong><\/h3>\n\n\n\n<p><strong>Los fines de semana son otro de los d\u00edas claves <\/strong>para poder pasar una velada sensacional de apuestas. En este lugar, llegaremos a un d\u00eda clave para poder aprovechar las apuestas como son los famosos fines de semana. La plataforma sabe que estos son d\u00edas importantes, por lo que tendremos algunos beneficios a nuestro alcance para poder disfrutar. Lo \u00fanico que tendr\u00e1s que hacer para obtenerlo ser\u00e1 jugar de lunes a viernes y sumar una cantidad de 90.000 CLP en apuestas. De esta manera tenemos una opci\u00f3n ideal para obtener 100 giros gratis de Power of Thor Megaways.<\/p>\n\n\n\n<p>Uno de los t\u00edtulos mas importantes que tenemos a disposici\u00f3n dentro del \u00e1rea de apuestas para casino puede ser tuyo para utilizar con estos giros gratis durante nuestra estad\u00eda. A pesar de no contar con el ULTRACASINO bono sin dep\u00f3sito, tendremos miles de promociones como estas con la cual disfrutar de todo tipo de beneficios a partir de ahora. La mejor manera de jugar dentro del casino es con esta cantidad incre\u00edble de promociones que en tan solo algunos segundos y cumpliendo algunos requisitos, podremos aprovechar <strong>para disfrutar dentro de la plataforma.<\/strong><\/p>\n\n\n\n<p>En primer lugar, necesitaremos saber que todos estos bonos solo pueden ser utilizados una vez por grupo familiar o direcci\u00f3n IP. Esto significa que si intentamos utilizar estos bonos dos veces con nuestra misma informaci\u00f3n podr\u00edamos interpretar esto como una actividad fraudulenta que perjudique el comportamiento de nuestro juego en el perfil. Es importante conocer este aspecto para que el desarrollo de nuestro juego sea cada vez mas veloz y podamos aprovechar de todas estas ofertas en tan solo segundos en un espacio \u00fanico para jugar sin parar. Puedes encontrar <strong>mucha mas informaci\u00f3n visitando el<\/strong> <strong><a href=\"https:\/\/supercuotas.gratis\/cl\/ultracasino-bono-casino-codigos-promocionales-chile\/\" target=\"_blank\" rel=\"noreferrer noopener\">siguiente enlace.<\/a><\/strong><\/p>\n\n\n\n<figure class=\"wp-block-image size-large is-resized\"><a href=\"https:\/\/recor.to\/ultracasinochile\" target=\"_blank\" rel=\"noreferrer noopener nofollow sponsored\"><img decoding=\"async\" width=\"1024\" height=\"252\" src=\"https:\/\/supercuotas.gratis\/wp-content\/uploads\/2023\/10\/ultracasino-oferta-gratis-1024x252.png\" alt=\"ultracasino oferta gratis\" class=\"wp-image-32162\" style=\"aspect-ratio:4.063492063492063;width:1421px;height:auto\" srcset=\"https:\/\/supercuotas.gratis\/wp-content\/uploads\/2023\/10\/ultracasino-oferta-gratis-1024x252.png 1024w, https:\/\/supercuotas.gratis\/wp-content\/uploads\/2023\/10\/ultracasino-oferta-gratis-300x74.png 300w, https:\/\/supercuotas.gratis\/wp-content\/uploads\/2023\/10\/ultracasino-oferta-gratis-768x189.png 768w, https:\/\/supercuotas.gratis\/wp-content\/uploads\/2023\/10\/ultracasino-oferta-gratis-1536x378.png 1536w, https:\/\/supercuotas.gratis\/wp-content\/uploads\/2023\/10\/ultracasino-oferta-gratis.png 1774w\" sizes=\"(max-width: 1024px) 100vw, 1024px\" \/><\/a><\/figure>\n\n\n\n<h2 class=\"wp-block-heading\"><strong>Crear una Cuenta<\/strong><\/h2>\n\n\n\n<p><strong>Tenemos que concentrarnos ahora<\/strong> en destacar una de las operaciones mas importantes que tenemos a disposici\u00f3n para <strong><a href=\"https:\/\/recor.to\/ultracasinochile\" target=\"_blank\" rel=\"noreferrer noopener nofollow sponsored\">jugar dentro de la plataforma<\/a><\/strong>. Nos estamos refiriendo a la creaci\u00f3n de una cuenta, proceso por el cual nosotros podremos disfrutar de todos los beneficios que tenemos a nuestro alcance para jugar sin parar dentro del sitio. En este caso, solo unos minutos nos tomar\u00e1 poder iniciar este camino para jugar sin parar desde la comodidad de nuestra casa y poder aprovechar las enormes promociones que luego estar\u00e1n vigentes dentro de la plataforma.<\/p>\n\n\n\n<p>Por empezar, corresponde que ubiquemos el bot\u00f3n de registro vigente dentro de la parte superior derecha de la plataforma. En este lugar, tendremos que <strong><a href=\"https:\/\/recor.to\/ultracasinochile\" target=\"_blank\" rel=\"noreferrer noopener nofollow sponsored\">rellenar una serie de datos<\/a><\/strong>, todos ellos relacionados con nuestra informaci\u00f3n personal para jugar sin parar. Luego de esto, podremos completar los datos como por ejemplo nombre y apellido completo, fecha de nacimiento, moneda con la cual operaremos dentro del sitio, entre otros datos especiales a considerar. Es importante saber que crear esta cuenta puede servirnos para despejar<strong> dudas con el soporte en l\u00ednea de la plataforma.<\/strong><\/p>\n\n\n\n<p><strong>Una vez hecho esto<\/strong>, simplemente tendremos que aceptar los t\u00e9rminos y condiciones del sitio, para poder comenzar nuestro camino de apuestas en tan solo unos minutos. Ahora que contamos con nuestro registro inicial creado correctamente, solo tendremos que aprovechar la utilizaci\u00f3n del ULTRACASINO bono sin dep\u00f3sito para jugar sin parar y disfrutar de las mejores apuestas presentes dentro del sitio. Una cuenta creada es sin\u00f3nimo de apuestas seguras en donde todo nuestro capital se vea respaldado por un espacio de apuestas \u00fanico.<\/p>\n\n\n\n<h2 class=\"wp-block-heading\"><strong>Consideraciones Finales<\/strong><\/h2>\n\n\n\n<p>Solo nos queda ahora repasar todo el conocimiento adquirido durante el desarrollo de este art\u00edculo. Por empezar, tenemos que decir que la mejor forma de jugar en la plataforma es utilizando los bonos especiales de bienvenida para dep\u00f3sito y los bonos disponibles con giros gratis durante los fines de semana. Esto es una gran forma de comenzar a jugar en el caso de que te consideres un novato o principiante jugando en la plataforma. Luego de esto, estaremos en condiciones de elegir el mercado que mejor se adecue a nuestras necesidades,<strong> en este caso el de casino.<\/strong><\/p>\n\n\n\n<p>Dentro de este mercado, encontraremos un universo de apuestas incre\u00edble con el cual podremos aprovechar sin parar de las mejores promociones. Adem\u00e1s de todo esto, la comunidad creada dentro del sitio ser\u00e1 una gran ayuda para poder desenvolvernos de manera correcta en la plataforma y <strong><a href=\"https:\/\/recor.to\/ultracasinochile\" target=\"_blank\" rel=\"noreferrer noopener nofollow sponsored\">disfrutar sin parar <\/a><\/strong>de todos los beneficios presentes a los cuales<strong> podremos acceder para jugar sin parar.<\/strong><\/p>\n\n\n\n<figure class=\"wp-block-image size-large is-resized\"><a href=\"https:\/\/recor.to\/ultracasinochile\" target=\"_blank\" rel=\"noreferrer noopener nofollow sponsored\"><img decoding=\"async\" width=\"1024\" height=\"216\" src=\"https:\/\/supercuotas.gratis\/wp-content\/uploads\/2023\/10\/ultracasino-oferta-sin-depsito-1024x216.png\" alt=\"ultracasino oferta sin depsito\" class=\"wp-image-32171\" style=\"aspect-ratio:4.7407407407407405;width:1424px;height:auto\" srcset=\"https:\/\/supercuotas.gratis\/wp-content\/uploads\/2023\/10\/ultracasino-oferta-sin-depsito-1024x216.png 1024w, https:\/\/supercuotas.gratis\/wp-content\/uploads\/2023\/10\/ultracasino-oferta-sin-depsito-300x63.png 300w, https:\/\/supercuotas.gratis\/wp-content\/uploads\/2023\/10\/ultracasino-oferta-sin-depsito-768x162.png 768w, https:\/\/supercuotas.gratis\/wp-content\/uploads\/2023\/10\/ultracasino-oferta-sin-depsito-1536x325.png 1536w, https:\/\/supercuotas.gratis\/wp-content\/uploads\/2023\/10\/ultracasino-oferta-sin-depsito.png 1756w\" sizes=\"(max-width: 1024px) 100vw, 1024px\" \/><\/a><\/figure>\n\n\n\n<div class=\"wp-block-rank-math-faq-block\"><div class=\"rank-math-faq-item\"><h3 class=\"rank-math-question\">\u00bfQu\u00e9 es ULTRACASINO?<\/h3><div class=\"rank-math-answer\">Esta es una plataforma que funciona en Chile.<\/div><\/div><div class=\"rank-math-faq-item\"><h3 class=\"rank-math-question\">\u00bfPuedo obtener un bono sin dep\u00f3sito?<\/h3><div class=\"rank-math-answer\">La plataforma no cuenta con esta opci\u00f3n.<\/div><\/div><div class=\"rank-math-faq-item\"><h3 class=\"rank-math-question\">\u00bfPuedo obtener un bono para deportes?<\/h3><div class=\"rank-math-answer\">No existe este mercado en la plataforma.<\/div><\/div><div class=\"rank-math-faq-item\"><h3 class=\"rank-math-question\">\u00bfHay bonos de bienvenida para casino?<\/h3><div class=\"rank-math-answer\">Podremos jugar con estas ofertas para el casino.<\/div><\/div><div class=\"rank-math-faq-item\"><h3 class=\"rank-math-question\">\u00bfEs sencillo crear una cuenta?<\/h3><div class=\"rank-math-answer\">En pocos minutos podremos crear una cuenta para comenzar a jugar de inmediato dentro de la plataforma.<\/div><\/div><div class=\"rank-math-faq-item\"><h3 class=\"rank-math-question\">\u00bfDebo usar mis datos personales?<\/h3><div class=\"rank-math-answer\">La plataforma precisa que uses tus datos para poder comenzar a jugar dentro de la plataforma en minutos.<\/div><\/div><div class=\"rank-math-faq-item\"><h3 class=\"rank-math-question\">\u00bfQu\u00e9 otros t\u00edtulos existen dentro del sitio?<\/h3><div class=\"rank-math-answer\">Podr\u00e1s obtener todo tipo de emociones con apuestas de casino, ruleta, p\u00f3ker, entre otros.<\/div><\/div><\/div>\n","protected":false},"excerpt":{"rendered":"<p>Podremos obtener todo tipo de ganancias con el ULTRACASINO bono sin dep\u00f3sito. Esta gran oferta se encuentra inmersa en una lista interminable de ofertas sin igual a las cuales podremos acceder en tan solo algunos minutos. Para eso, necesitaremos conocer con profundidad como poder jugar de la mejor manera dentro de esta plataforma, siempre teniendo &#8230; <a title=\"UltraCasino Bono SIN Dep\u00f3sito \u00bb Ofertas de Bienvenida\" class=\"read-more\" href=\"https:\/\/supercuotas.gratis\/cl\/ultracasino-bono-sin-deposito-codigos-promocionales\/\" aria-label=\"Leer m\u00e1s sobre UltraCasino Bono SIN Dep\u00f3sito \u00bb Ofertas de Bienvenida\">Read more<\/a><\/p>\n","protected":false},"author":72,"featured_media":0,"parent":0,"menu_order":0,"comment_status":"closed","ping_status":"closed","template":"","meta":{"_uag_custom_page_level_css":"","generate_page_header":"","footnotes":""},"class_list":["post-32152","page","type-page","status-publish"],"uagb_featured_image_src":{"full":false,"thumbnail":false,"medium":false,"medium_large":false,"large":false,"1536x1536":false,"2048x2048":false},"uagb_author_info":{"display_name":"Lautaro","author_link":"https:\/\/supercuotas.gratis\/cl\/author\/lautaro\/"},"uagb_comment_info":0,"uagb_excerpt":"Podremos obtener todo tipo de ganancias con el ULTRACASINO bono sin dep\u00f3sito. Esta gran oferta se encuentra inmersa en una lista interminable de ofertas sin igual a las cuales podremos acceder en tan solo algunos minutos. Para eso, necesitaremos conocer con profundidad como poder jugar de la mejor manera dentro de esta plataforma, siempre teniendo&hellip;","_links":{"self":[{"href":"https:\/\/supercuotas.gratis\/cl\/wp-json\/wp\/v2\/pages\/32152","targetHints":{"allow":["GET"]}}],"collection":[{"href":"https:\/\/supercuotas.gratis\/cl\/wp-json\/wp\/v2\/pages"}],"about":[{"href":"https:\/\/supercuotas.gratis\/cl\/wp-json\/wp\/v2\/types\/page"}],"author":[{"embeddable":true,"href":"https:\/\/supercuotas.gratis\/cl\/wp-json\/wp\/v2\/users\/72"}],"replies":[{"embeddable":true,"href":"https:\/\/supercuotas.gratis\/cl\/wp-json\/wp\/v2\/comments?post=32152"}],"version-history":[{"count":2,"href":"https:\/\/supercuotas.gratis\/cl\/wp-json\/wp\/v2\/pages\/32152\/revisions"}],"predecessor-version":[{"id":32181,"href":"https:\/\/supercuotas.gratis\/cl\/wp-json\/wp\/v2\/pages\/32152\/revisions\/32181"}],"wp:attachment":[{"href":"https:\/\/supercuotas.gratis\/cl\/wp-json\/wp\/v2\/media?parent=32152"}],"curies":[{"name":"wp","href":"https:\/\/api.w.org\/{rel}","templated":true}]}}