{"id":32120,"date":"2023-10-30T21:23:14","date_gmt":"2023-10-30T20:23:14","guid":{"rendered":"https:\/\/supercuotas.gratis\/?page_id=32120"},"modified":"2023-10-30T21:24:31","modified_gmt":"2023-10-30T20:24:31","slug":"winchile-bono-poker-codigos-promocionales","status":"publish","type":"page","link":"https:\/\/supercuotas.gratis\/cl\/winchile-bono-poker-codigos-promocionales\/","title":{"rendered":"WinChile Bono P\u00f3ker \u00bb \u00a1Juega y GANA Online!"},"content":{"rendered":"\n<p>Hoy te vamos a contar <strong>si WinChile tiene un Bono para P\u00f3ker. <\/strong>Adem\u00e1s, repasaremos otras ofertas que la casa posee. Como el Bono de Bienvenida y los Bonos de Carga. <strong><a href=\"https:\/\/recor.to\/winchile\" target=\"_blank\" rel=\"noreferrer noopener nofollow sponsored\">\u00a1\u00danete desde Chile!<\/a><\/strong><\/p>\n\n\n\n<figure class=\"wp-block-image size-large\"><a href=\"https:\/\/recor.to\/winchile\" target=\"_blank\" rel=\"noreferrer noopener nofollow sponsored\"><img fetchpriority=\"high\" decoding=\"async\" width=\"1024\" height=\"481\" src=\"https:\/\/supercuotas.gratis\/wp-content\/uploads\/2023\/10\/winchile-bono-poker-1024x481.png\" alt=\"winchile bono p\u00f3ker\" class=\"wp-image-32121\" srcset=\"https:\/\/supercuotas.gratis\/wp-content\/uploads\/2023\/10\/winchile-bono-poker-1024x481.png 1024w, https:\/\/supercuotas.gratis\/wp-content\/uploads\/2023\/10\/winchile-bono-poker-300x141.png 300w, https:\/\/supercuotas.gratis\/wp-content\/uploads\/2023\/10\/winchile-bono-poker-768x361.png 768w, https:\/\/supercuotas.gratis\/wp-content\/uploads\/2023\/10\/winchile-bono-poker.png 1238w\" sizes=\"(max-width: 1024px) 100vw, 1024px\" \/><\/a><\/figure>\n\n\n\n<h2 class=\"wp-block-heading\"><strong>\u00bfHay en WinChile un Bono para P\u00f3ker?<\/strong><\/h2>\n\n\n\n<p><strong>Para jugar al p\u00f3ker, por el momento WinChile no tiene un Bono<\/strong> que puedas solicitar desde Chile. Pero no te preocupes. Porque lo \u00fanico que necesitas para ganar y hacer dinero, son tus habilidades como jugador. No es necesario ninguna oferta ni beneficio especial. Y si promociones buscas, claro que la casa las tiene. Solo que no para utilizar en P\u00f3ker. <strong><a href=\"https:\/\/recor.to\/winchile\" target=\"_blank\" rel=\"noreferrer noopener nofollow sponsored\">\u00a1Visita el Sitio y rec\u00f3rrelo a fondo!<\/a><\/strong><\/p>\n\n\n\n<p>Si bien no lo parece, jugar al p\u00f3ker sin un Bono tiene sus ventajas. Como por ejemplo el hecho de que <strong>no est\u00e1s atado a ning\u00fan requisito de apuesta.<\/strong> Eres libre de jugar tanto como quieras, sin l\u00edmites en cuanto a los montos y en lo que respecta a los tiempos. A veces, las condiciones de apuesta se convierten en un dolor de cabeza. Ac\u00e1 no tendr\u00e1s ese problema. <\/p>\n\n\n\n<p>Como mencionamos arriba, <strong>hay Bonos en WinChile pero no para aplicar en p\u00f3ker. <\/strong>Hay un Bono de Bienvenida, Tres Bonos de Carga, un Bono para el d\u00eda de tu cumplea\u00f1os y mucho m\u00e1s. M\u00e1s adelante, te contaremos los detalles de estas ofertas y d\u00f3nde poder aprovecharlas. Y si quieres averiguarlo por tu cuenta, <strong><a href=\"https:\/\/recor.to\/winchile\" target=\"_blank\" rel=\"noreferrer noopener nofollow sponsored\">\u00a1Ingresa a la plataforma de WinChile!<\/a><\/strong><\/p>\n\n\n\n<h3 class=\"wp-block-heading\"><strong>M\u00e1s informaci\u00f3n sobre un Bono para P\u00f3ker en WinChile<\/strong><\/h3>\n\n\n\n<p><strong>\u00bfLanzar\u00e1 WinChile un Bono para P\u00f3ker?<\/strong> \u00bfCu\u00e1ndo lo har\u00e1? Para conocer las respuestas a dichas preguntas, <strong>ponte en contacto con el equipo de atenci\u00f3n al cliente.<\/strong> Los profesionales de la casa te mantendr\u00e1n al tanto de las \u00faltimas novedades y contestar\u00e1n todas las inquietudes que tengas al respecto. Como as\u00ed tambi\u00e9n sobre cualquier otro tema vinculado al servicio de la casa. No dudes en comunicarte. <\/p>\n\n\n\n<p><strong><a href=\"https:\/\/recor.to\/winchile\" target=\"_blank\" rel=\"noreferrer noopener nofollow sponsored\">Accede a la web de la casa<\/a>, presiona sobre &#8220;Contacto&#8221; <\/strong>(en la parte superior derecha de la pantalla) y aparecer\u00e1n las v\u00edas de comunicaci\u00f3n disponibles. <strong>Una de las opciones es el WhatsApp<\/strong>, algo de uso cotidiano y ultra pr\u00e1ctico. Tambi\u00e9n te recomendamos visitar la secci\u00f3n &#8220;Preguntas Frecuentes&#8221;, ya que hay informaci\u00f3n de suma utilidad sobre los diferentes t\u00f3picos relacionados con el servicio de la casa. Entre ellos, por supuesto, los Bonos y Promociones. <\/p>\n\n\n\n<h2 class=\"wp-block-heading\"><strong>Las mejores mesas de p\u00f3ker para jugar en WinChile<\/strong><\/h2>\n\n\n\n<p>Como mencionamos arriba, el hecho de que no haya un Bono para P\u00f3ker, no significa que no puedas jugar y por supuesto ganar en este juego tan popular en Chile y en diferentes partes del mundo. <strong>WinChile pone a tu disposici\u00f3n una secci\u00f3n entera dedicada al p\u00f3ker<\/strong>, para que elijas la mesa donde te sientas a gusto y con m\u00e1s confianza. \u00a1Pon a prueba tus habilidades como jugador!<\/p>\n\n\n\n<p><strong>WinChile tambi\u00e9n tiene una App para jugar al p\u00f3ker desde el celular<\/strong>, en el momento que sea y cuando lo desees. Sin tener que esperar a situarte frente a un ordenador. Corta con la rutina y mata los tiempos de espera mientras haces dinero. No es una mala opci\u00f3n, \u00bfVerdad? Esta casa te da la posibilidad de llevarlo a cabo. <\/p>\n\n\n\n<p><strong>Los Torneos de P\u00f3ker entregan premios incre\u00edbles<\/strong>, por lo que te recomendamos participar. Por supuesto, aseg\u00farate de tener experiencia en este tipo de juego y de conocer cada una de sus reglas y funcionamiento. Ahora, hacemos un par\u00e9ntesis antes de avanzar: <strong><em><a href=\"https:\/\/supercuotas.gratis\/cl\/winchile-bono-apuestas-deportivas-chile-codigos-promocionales\/\" target=\"_blank\" rel=\"noreferrer noopener\">\u00a1Descubre si hay en WinChile un Bono para Apuestas Deportivas!<\/a><\/em><\/strong><\/p>\n\n\n\n<h2 class=\"wp-block-heading\"><strong>Bonos de WinChile para aprovechar desde Chile<\/strong><\/h2>\n\n\n\n<h3 class=\"wp-block-heading\"><strong>Bono de Bienvenida: \u00a110.000 CLP Sin Dep\u00f3sito!<\/strong><\/h3>\n\n\n\n<p>No para P\u00f3ker, pero s\u00ed para usar en otras opciones de Casino, WinChile cuenta con un Bono de Bienvenida. Una oferta que <strong>no requiere de ning\u00fan ingreso de dinero<\/strong> de tu parte, por lo que, de m\u00ednima, no pierdes absolutamente nada. Por el simple hecho de unirte a su comunidad, <strong>la casa te regala 10.000 CLP<\/strong> para que empieces a probar suerte sin poner en riesgo tu dinero. <strong><a href=\"https:\/\/recor.to\/winchile\" target=\"_blank\" rel=\"noreferrer noopener nofollow sponsored\">\u00a1Reg\u00edstrate y no dejes pasar este beneficio!<\/a><\/strong><\/p>\n\n\n\n<p>Todo lo que tienes que hacer es <strong>abrir una cuenta y luego activarla en un plazo no superior a los 30 d\u00edas.<\/strong> Tan simple como eso, sin trucos ni trabas de ninguna clase. Por supuesto, eres libre de aceptar o rechazar el derecho al uso del Bono. Pero de nuestra parte te aconsejamos que no lo dejes pasar. No todos los d\u00edas te topas con un regalo de esta clase. <\/p>\n\n\n\n<p>El Bono de Bienvenida Sin Dep\u00f3sito de WinChile est\u00e1 disponible <strong>para un amplio cat\u00e1logo de juegos de casino<\/strong> seleccionados por la casa. Adem\u00e1s, no es transferible y solo lo puedes solicitar una vez (antes de efectuar tu primer dep\u00f3sito). Y <strong>la vigencia es de 7 d\u00edas<\/strong>, lo que significa que dispones de dicho per\u00edodo de tiempo para darle uso. Luego, caducar\u00e1 y no habr\u00e1 marcha atr\u00e1s. <strong><em><a href=\"https:\/\/supercuotas.gratis\/cl\/winchile-bono-casino-chile-codigos-promocionales\/\" target=\"_blank\" rel=\"noreferrer noopener\">\u00a1Conoce m\u00e1s sobre este Bono para disfrutar en el Casino!<\/a><\/em><\/strong><\/p>\n\n\n\n<h3 class=\"wp-block-heading\"><strong>Bonos de Carga<\/strong><\/h3>\n\n\n\n<p>Adem\u00e1s del Bono de Bienvenida, hay en WinChile Tres Bonos de Carga. Estas bonificaciones tampoco est\u00e1n disponibles para el p\u00f3ker, pero s\u00ed para un amplio men\u00fa de Slots seleccionadas por la casa. Si se toman en cuenta en su conjunto, los Bonos de Carga <strong>\u00a1entregan hasta 300.000 CLP Extra!<\/strong> M\u00e1s fondos para jugar y m\u00e1s chances de ganar. <strong>Observa el detalle de cada uno: <\/strong><\/p>\n\n\n\n<ul class=\"wp-block-list\">\n<li><strong>Primera Carga: <\/strong>100% extra hasta un m\u00e1ximo de 100.000 CLP<\/li>\n\n\n\n<li><strong>Segunda Carga: <\/strong>25% extra hasta un m\u00e1ximo de 100.000 CLP<\/li>\n\n\n\n<li><strong>Tercera Carga: <\/strong>50% extra hasta un m\u00e1ximo de 100.000 CLP<\/li>\n<\/ul>\n\n\n\n<p><strong>Adem\u00e1s de <a href=\"https:\/\/recor.to\/winchile\" target=\"_blank\" rel=\"noreferrer noopener nofollow sponsored\">registrarte<\/a>, en este caso necesitas realizar un dep\u00f3sito.<\/strong> Que no puede ser inferior a <strong>5.000 CLP<\/strong> en ninguno de los tres casos. Los Bonos de Carga tampoco son transferibles y solo los puedes solicitar una sola vez, no m\u00e1s. Adem\u00e1s, cada uno posee una <strong>vigencia de 30 d\u00edas. <\/strong>Tiempo m\u00e1s que suficiente para que les saques el m\u00e1ximo provecho. <\/p>\n\n\n\n<p>Para poder retirar las ganancias generadas a partir de los Bonos de Carga, <strong>apuesta el equivalente al 75% de la carga realizada<\/strong> en juegos de categor\u00eda Slot. Y recuerda que para solicitar un Bono, primer debes completar los requisitos del anterior. Porque se trata de Bonos que se entregan de manera secuencial. <\/p>\n\n\n\n<figure class=\"wp-block-image size-large\"><a href=\"https:\/\/recor.to\/winchile\" target=\"_blank\" rel=\"noreferrer noopener nofollow sponsored\"><img decoding=\"async\" width=\"1024\" height=\"447\" src=\"https:\/\/supercuotas.gratis\/wp-content\/uploads\/2023\/10\/winchile-mesas-de-poker-1024x447.png\" alt=\"winchile mesas de p\u00f3ker\" class=\"wp-image-32130\" srcset=\"https:\/\/supercuotas.gratis\/wp-content\/uploads\/2023\/10\/winchile-mesas-de-poker-1024x447.png 1024w, https:\/\/supercuotas.gratis\/wp-content\/uploads\/2023\/10\/winchile-mesas-de-poker-300x131.png 300w, https:\/\/supercuotas.gratis\/wp-content\/uploads\/2023\/10\/winchile-mesas-de-poker-768x335.png 768w, https:\/\/supercuotas.gratis\/wp-content\/uploads\/2023\/10\/winchile-mesas-de-poker.png 1235w\" sizes=\"(max-width: 1024px) 100vw, 1024px\" \/><\/a><\/figure>\n\n\n\n<h2 class=\"wp-block-heading\"><strong>M\u00e1s sobre el servicio de WinChile<\/strong><\/h2>\n\n\n\n<p>Ya te dijimos que no hay en WinChile un Bono para P\u00f3ker, pero tambi\u00e9n pudiste comprobar que hay otras ofertas que la casa tiene. Ahora, lleg\u00f3 el momento de repasar otras cuestiones. <strong>En lo que respecta a la plataforma de la casa, es una de las m\u00e1s atractivas<\/strong> del mercado. Con mucho colorido y todas las im\u00e1genes en alta calidad. <\/p>\n\n\n\n<p>Pero lo m\u00e1s importante en ese sentido es que <strong>la \u00e1gil navegaci\u00f3n est\u00e1 garantizada.<\/strong> <strong>Categor\u00edas claras y precisas<\/strong>, para que no pierdas el tiempo a la hora de llegar a lo que sea que busques. Un punto clave para que disfrutes de una buena experiencia de usuario. <strong><a href=\"https:\/\/recor.to\/winchile\" target=\"_blank\" rel=\"noreferrer noopener nofollow sponsored\">\u00a1Ingresa y compru\u00e9balo!<\/a><\/strong><\/p>\n\n\n\n<p>Por supuesto que <strong>la seguridad est\u00e1 garantizada, ya que la casa posee licencia<\/strong> para prestar su servicio en Chile. Todo est\u00e1 acorde a la legislaci\u00f3n vigente y no tienes de qu\u00e9 preocuparte en ese aspecto. Adem\u00e1s, WinChile protege tus datos personales con tecnolog\u00eda de punta. La comunicaci\u00f3n desde y hacia el Sitio siempre se produce a trav\u00e9s de canales seguros. <\/p>\n\n\n\n<h3 class=\"wp-block-heading\"><strong>Variedad de M\u00e9todos de Pago<\/strong><\/h3>\n\n\n\n<p>Para cerrar el art\u00edculo, una breve menci\u00f3n a los m\u00e9todos de pago. WinChile te permite hacer dep\u00f3sitos y retiradas de dinero con <strong>tarjetas de cr\u00e9dito o d\u00e9bito, billeteras electr\u00f3nicas y tambi\u00e9n mediante transferencia bancaria.<\/strong> Y a la hora de sacar fondos no te pone l\u00edmites, por lo que puedes retirar todo lo que quieras. Por supuesto, siempre que los fondos se encuentren en tu cuenta.<\/p>\n\n\n\n<p>Te recomendamos siempre consultar los tiempos de procesamiento de las transacciones, porque es algo que var\u00eda de un m\u00e9todo de pago a otro. Y para saber m\u00e1s sobre la propuesta de esta casa, <strong>repasa la siguiente <a href=\"https:\/\/supercuotas.gratis\/cl\/winchile\/\" target=\"_blank\" rel=\"noreferrer noopener\">Rese\u00f1a Completa de WinChile y sus Bonos para Chile.<\/a><\/strong> No hay dudas de que se trata de una de las opciones m\u00e1s seductoras.  <\/p>\n\n\n\n<figure class=\"wp-block-image size-large\"><a href=\"https:\/\/recor.to\/winchile\" target=\"_blank\" rel=\"noreferrer noopener nofollow sponsored\"><img decoding=\"async\" width=\"1024\" height=\"480\" src=\"https:\/\/supercuotas.gratis\/wp-content\/uploads\/2023\/10\/winchile-oferta-para-poker-1024x480.png\" alt=\"winchile oferta para p\u00f3ker\" class=\"wp-image-32139\" srcset=\"https:\/\/supercuotas.gratis\/wp-content\/uploads\/2023\/10\/winchile-oferta-para-poker-1024x480.png 1024w, https:\/\/supercuotas.gratis\/wp-content\/uploads\/2023\/10\/winchile-oferta-para-poker-300x141.png 300w, https:\/\/supercuotas.gratis\/wp-content\/uploads\/2023\/10\/winchile-oferta-para-poker-768x360.png 768w, https:\/\/supercuotas.gratis\/wp-content\/uploads\/2023\/10\/winchile-oferta-para-poker.png 1234w\" sizes=\"(max-width: 1024px) 100vw, 1024px\" \/><\/a><\/figure>\n\n\n\n<h2 class=\"wp-block-heading\"><strong>Preguntas frecuentes sobre un Bono para P\u00f3ker en WinChile<\/strong><\/h2>\n\n\n\n<div class=\"wp-block-rank-math-faq-block\"><div class=\"rank-math-faq-item\"><h3 class=\"rank-math-question\">\u00bfQu\u00e9 es WinChile?<\/h3><div class=\"rank-math-answer\"><strong>Un Sitio donde encontrar\u00e1s la diversi\u00f3n del casino<\/strong> y tambi\u00e9n la emoci\u00f3n y adrenalina de las apuestas deportivas. <\/div><\/div><div class=\"rank-math-faq-item\"><h3 class=\"rank-math-question\">\u00bfHay en WinChile un Bono para P\u00f3ker?<\/h3><div class=\"rank-math-answer\"><strong>No por el momento<\/strong>, pero de todas maneras puedes ganar en tus mesas de p\u00f3ker favoritas. <\/div><\/div><div class=\"rank-math-faq-item\"><h3 class=\"rank-math-question\">\u00bfCu\u00e1les son las Mesas de P\u00f3ker que tiene WinChile?<\/h3><div class=\"rank-math-answer\"><strong><a href=\"https:\/\/recor.to\/winchile\" target=\"_blank\" rel=\"noreferrer noopener nofollow sponsored\">Ingresa a la plataforma<\/a> y pincha sobre la opci\u00f3n &#8220;P\u00f3ker&#8221;<\/strong> que se ubica en la parte superior derecha de la pantalla. All\u00ed aparecer\u00e1n todas las opciones. <\/div><\/div><div class=\"rank-math-faq-item\"><h3 class=\"rank-math-question\">\u00bfCu\u00e1ndo lanzar\u00e1 WinChile un Bono para P\u00f3ker?<\/h3><div class=\"rank-math-answer\">Para saber eso, <strong>ponte en contacto<\/strong> con el equipo de atenci\u00f3n al cliente de WinChile. <\/div><\/div><div class=\"rank-math-faq-item\"><h3 class=\"rank-math-question\">\u00bfQu\u00e9 Bonos tiene WinChile para los usuarios de Chile?<\/h3><div class=\"rank-math-answer\"><strong>Hay un Bono de Bienvenida Sin Dep\u00f3sito<\/strong>, que te regala 10.000 CLP por crear una cuenta y luego activarla. <\/div><\/div><div class=\"rank-math-faq-item\"><h3 class=\"rank-math-question\">\u00bfEn qu\u00e9 consisten los Bonos de Carga?<\/h3><div class=\"rank-math-answer\">Son tres bonificaciones que, en su conjunto, <strong>te entregan hasta 300.000 CLP <\/strong>para que disfrutes en las Slots de casino. <\/div><\/div><div class=\"rank-math-faq-item\"><h3 class=\"rank-math-question\">\u00bfEs seguro jugar en WinChile?<\/h3><div class=\"rank-math-answer\"><strong>Por supuesto, ya que la casa posee licencia<\/strong> para brindar su servicio dentro de Chile. <\/div><\/div><\/div>\n","protected":false},"excerpt":{"rendered":"<p>Hoy te vamos a contar si WinChile tiene un Bono para P\u00f3ker. Adem\u00e1s, repasaremos otras ofertas que la casa posee. Como el Bono de Bienvenida y los Bonos de Carga. \u00a1\u00danete desde Chile! \u00bfHay en WinChile un Bono para P\u00f3ker? Para jugar al p\u00f3ker, por el momento WinChile no tiene un Bono que puedas solicitar &#8230; <a title=\"WinChile Bono P\u00f3ker \u00bb \u00a1Juega y GANA Online!\" class=\"read-more\" href=\"https:\/\/supercuotas.gratis\/cl\/winchile-bono-poker-codigos-promocionales\/\" aria-label=\"Leer m\u00e1s sobre WinChile Bono P\u00f3ker \u00bb \u00a1Juega y GANA Online!\">Read more<\/a><\/p>\n","protected":false},"author":73,"featured_media":0,"parent":0,"menu_order":0,"comment_status":"closed","ping_status":"closed","template":"","meta":{"_uag_custom_page_level_css":"","generate_page_header":"","footnotes":""},"class_list":["post-32120","page","type-page","status-publish"],"uagb_featured_image_src":{"full":false,"thumbnail":false,"medium":false,"medium_large":false,"large":false,"1536x1536":false,"2048x2048":false},"uagb_author_info":{"display_name":"Rodrigo Marquez","author_link":"https:\/\/supercuotas.gratis\/cl\/author\/rodrigo-marquez\/"},"uagb_comment_info":0,"uagb_excerpt":"Hoy te vamos a contar si WinChile tiene un Bono para P\u00f3ker. Adem\u00e1s, repasaremos otras ofertas que la casa posee. Como el Bono de Bienvenida y los Bonos de Carga. \u00a1\u00danete desde Chile! \u00bfHay en WinChile un Bono para P\u00f3ker? Para jugar al p\u00f3ker, por el momento WinChile no tiene un Bono que puedas solicitar&hellip;","_links":{"self":[{"href":"https:\/\/supercuotas.gratis\/cl\/wp-json\/wp\/v2\/pages\/32120","targetHints":{"allow":["GET"]}}],"collection":[{"href":"https:\/\/supercuotas.gratis\/cl\/wp-json\/wp\/v2\/pages"}],"about":[{"href":"https:\/\/supercuotas.gratis\/cl\/wp-json\/wp\/v2\/types\/page"}],"author":[{"embeddable":true,"href":"https:\/\/supercuotas.gratis\/cl\/wp-json\/wp\/v2\/users\/73"}],"replies":[{"embeddable":true,"href":"https:\/\/supercuotas.gratis\/cl\/wp-json\/wp\/v2\/comments?post=32120"}],"version-history":[{"count":2,"href":"https:\/\/supercuotas.gratis\/cl\/wp-json\/wp\/v2\/pages\/32120\/revisions"}],"predecessor-version":[{"id":32149,"href":"https:\/\/supercuotas.gratis\/cl\/wp-json\/wp\/v2\/pages\/32120\/revisions\/32149"}],"wp:attachment":[{"href":"https:\/\/supercuotas.gratis\/cl\/wp-json\/wp\/v2\/media?parent=32120"}],"curies":[{"name":"wp","href":"https:\/\/api.w.org\/{rel}","templated":true}]}}