{"id":32089,"date":"2023-10-30T18:44:27","date_gmt":"2023-10-30T17:44:27","guid":{"rendered":"https:\/\/supercuotas.gratis\/?page_id=32089"},"modified":"2023-10-30T18:44:28","modified_gmt":"2023-10-30T17:44:28","slug":"paripesa","status":"publish","type":"page","link":"https:\/\/supercuotas.gratis\/cl\/paripesa\/","title":{"rendered":"PARIPESA | Bonos + Rese\u00f1a COMPLETA en Chile"},"content":{"rendered":"\n<p>Siempre es bueno abrirse a nuevos rumbos, caminos o selecciones. Dicho esto, queremos proponerte una nueva opci\u00f3n para ti, en donde realizar\u00e1s las mejores apuestas de todas, siendo sumamente bonificadas cada una de ellas. <strong>En esta oportunidad hablaremos sobre Paripesa, un <a href=\"https:\/\/recor.to\/paripesa\" target=\"_blank\" rel=\"noreferrer noopener nofollow sponsored\">sitio <\/a>sumamente innovador dentro de Chile<\/strong>. \u00a1Ven con nosotros a conocerlo!<\/p>\n\n\n\n<figure class=\"wp-block-image size-large\"><a href=\"https:\/\/recor.to\/paripesa\" target=\"_blank\" rel=\"noreferrer noopener nofollow sponsored\"><img fetchpriority=\"high\" decoding=\"async\" width=\"1024\" height=\"455\" src=\"https:\/\/supercuotas.gratis\/wp-content\/uploads\/2023\/10\/paripesa-1024x455.png\" alt=\"paripesa\" class=\"wp-image-32091\" srcset=\"https:\/\/supercuotas.gratis\/wp-content\/uploads\/2023\/10\/paripesa-1024x455.png 1024w, https:\/\/supercuotas.gratis\/wp-content\/uploads\/2023\/10\/paripesa-300x133.png 300w, https:\/\/supercuotas.gratis\/wp-content\/uploads\/2023\/10\/paripesa-768x341.png 768w, https:\/\/supercuotas.gratis\/wp-content\/uploads\/2023\/10\/paripesa.png 1350w\" sizes=\"(max-width: 1024px) 100vw, 1024px\" \/><\/a><\/figure>\n\n\n\n<h2 class=\"wp-block-heading\">Apunta los primeros aspectos de Paripesa<\/h2>\n\n\n\n<p>Queremos darte la bienvenida, nuevamente, dentro de este sitio dedicado a las mejores p\u00e1ginas de apuestas a lo largo y ancho del mundo. Dentro de <a href=\"https:\/\/supercuotas.gratis\/cl\/\" target=\"_blank\" rel=\"noreferrer noopener\">supercuotas.gratis, tendr\u00e1s la oportunidad de encontrar la mejor informaci\u00f3n de las apuestas en el mundo<\/a>. <strong>En esta oportunidad queremos mostrarte una casa de azar, como lo es Paripesa<\/strong>. Ya que la misma est\u00e1 revolucionando el mercado, de una manera sumamente imperdible. <\/p>\n\n\n\n<p>Para comenzar a hablar de este sitio de apuestas, queremos que sepas  que el mismo no cuenta con demasiado tiempo en el mercado, per a\u00fan as\u00ed da de que hablar. <strong>Ya que en el lapso de su salida hasta el d\u00eda de hoy, cuenta con m\u00e1s de 400.000 usuarios sumamente activos<\/strong>, los cuales eligen este <a href=\"https:\/\/recor.to\/paripesa\" target=\"_blank\" rel=\"noreferrer noopener nofollow sponsored\">sitio<\/a> todos los d\u00edas para realizar sus jugadas. <\/p>\n\n\n\n<p>\u00bfPor qu\u00e9 es tan elegido esta casa de apuestas? Es simple, ya que dentro de la misma podr\u00e1s encontrar un sin fin de sectores, bonos y promociones las cuales permiten a sus usuarios ser beneficiados. <strong>Siguiendo con esta l\u00ednea, dentro de lo mencionado, debes saber que aqu\u00ed encontrar\u00e1s una gran seguridad<\/strong>. Para que de esta forma, siempre que juegues lo hagas de la forma m\u00e1s segura y resguardada posible. <\/p>\n\n\n\n<p>No solo hallar\u00e1s la mejor seguridad y protecci\u00f3n dentro de <a href=\"https:\/\/recor.to\/paripesa\" target=\"_blank\" rel=\"noreferrer noopener nofollow sponsored\">Paripesa<\/a>, sino que podr\u00e1s toparte con los mejores bonos y promociones. Para que de esta forma, puedas aumentar tus primeros ingresos, <strong>o solamente obtener promociones las cuales bonifiquen algunos de los eventos destacados dentro de este sitio<\/strong>. <\/p>\n\n\n\n<h2 class=\"wp-block-heading\">Aprende a registrarte dentro de esta p\u00e1gina de apuestas<\/h2>\n\n\n\n<p>Si eres un lector de nuestro sitio, \u00bfQue es lo primero que deber\u00e1s realizar en Paripesa? Si, claramente, <a href=\"https:\/\/recor.to\/paripesa\" target=\"_blank\" rel=\"noreferrer noopener nofollow sponsored\">completar tu formulario de inscripci\u00f3n.<\/a> Es por eso que tendremos el agrado de ayudarte a llevar a cabo este proceso, <strong>el cual es sumamente simple y tan solo te tomar\u00e1 cinco minutos poder finalizarlo. <\/strong><\/p>\n\n\n\n<p>Para quienes est\u00e9n en dudas sobre la velocidad de este proceso, queremos que sepas que el mismo, verdaderamente te tomar\u00e1 este tiempo. Ya que dentro de esta <a href=\"https:\/\/recor.to\/paripesa\" target=\"_blank\" rel=\"noreferrer noopener nofollow sponsored\">casa de apuestas<\/a>, tendr\u00e1s la posibilidad de acceder a una interfaz extremadamente sencilla de utilizar.<strong> La misma est\u00e1 pensada para aquellos usuarios inexpertos, que no han realizado nunca este proceso<\/strong>. De esta manera, podr\u00e1s obtener r\u00e1pidamente tu cuenta y as\u00ed poder jugar de la mejor forma. <\/p>\n\n\n\n<p>Antes de brindarte los pasos a seguir, queremos que sepas lo siguiente: <strong>dentro de esta p\u00e1gina de azar, solo podr\u00e1s acceder a obtener un usuario por direcci\u00f3n de IP.<\/strong> En el caso que desees realizar este proceso nuevamente, este sitio no te dejar\u00e1 volver completarlo. Ya que esta regla es sumamente estricta. No solamente podr\u00e1s reclamar una cuenta, sino que todos los datos que ingreses estar\u00e1n completamente seguros aqu\u00ed. <\/p>\n\n\n\n<p>Para quienes quieran ser usuarios de <a href=\"https:\/\/recor.to\/paripesa\" target=\"_blank\" rel=\"noreferrer noopener nofollow sponsored\">Paripesa<\/a>, <strong>deber\u00e1n llevar a cabo los siguientes pasos<\/strong>:<\/p>\n\n\n\n<ul class=\"wp-block-list\">\n<li>Lo primero que deber\u00e1s realizar para comenzar tu registro es, <strong>ingresar dentro de esta p\u00e1gina de apuestas<\/strong>. <\/li>\n\n\n\n<li>Cuando est\u00e9s dentro de la misma, deber\u00e1s dirigirte a la esquina derecha y <strong>hacer clic donde dice &#8220;crear cuenta&#8221;<\/strong>. <\/li>\n\n\n\n<li>Instantes despu\u00e9s de haber realizado esta acci\u00f3n, <strong>se abrir\u00e1 un formulario de registro<\/strong>. <\/li>\n\n\n\n<li>Este mismo, claramente, <strong>deber\u00e1 ser completado con los datos solicitados<\/strong>. <\/li>\n\n\n\n<li>Luego de llevar a cabo este paso, tendr\u00e1s que <strong>aceptar los t\u00e9rminos y condiciones del <a href=\"https:\/\/recor.to\/paripesa\" target=\"_blank\" rel=\"noreferrer noopener nofollow sponsored\">sitio<\/a><\/strong>. <\/li>\n\n\n\n<li>Una vez que hayas finalizado todos y cada uno de estos pasos, <strong>ya ser\u00e1s usuario de Paripesa<\/strong>. <\/li>\n<\/ul>\n\n\n\n<h2 class=\"wp-block-heading\">Conoce los sectores de azar, dentro de Paripesa<\/h2>\n\n\n\n<p>Ya has aprendido a obtener una cuenta dentro de esta <a href=\"https:\/\/recor.to\/paripesa\" target=\"_blank\" rel=\"noreferrer noopener nofollow sponsored\">p\u00e1gina de apuestas<\/a>, <strong>ahora ser\u00e1 el momento oportuno para acceder a descubrir los sectores de azar dentro de Paripesa<\/strong>. Para que de esta manera, puedas realizar grandes jugadas sin parar. Teniendo en cuenta todo lo que hemos mencionado, encontrar\u00e1s un sin fin de variedades para que todos los usuarios sean beneficiados. <\/p>\n\n\n\n<p>Queremos decirte que todos y cada uno de los sectores que mencionaremos, son sumamente seguros. <strong>Esto se debe a que este sitio de apuestas, cuenta con todas las licencias de apuestas completamente al d\u00eda<\/strong>. Para que as\u00ed, cada usuario pueda jugar de manera sumamente segura. <\/p>\n\n\n\n<p><strong>Casino:<\/strong> no necesita presentaci\u00f3n esta rama de apuestas, ya que la misma est\u00e1 conformada por uno de los juegos m\u00e1s accedidos por los usuarios. Estamos hablando de los slots, una de las maquinas m\u00e1s populares de los juegos en l\u00ednea. De esta forma, podr\u00e1s encontrar un sin fin de motivos para realizar grandes apuestas. <\/p>\n\n\n\n<p><strong>Apuestas deportivas:<\/strong> en este sector podr\u00e1s realizar un sin fin de jugadas, pero en eventos reales. \u00bfCualquier evento? Si, mientras que sea deportivo podr\u00e1s hacerlo. Ya que dentro de este apartado solo podr\u00e1s realizar, como dice el nombre de esta rama, apuestas deportiva. <\/p>\n\n\n\n<p><strong>Casino en vivo:<\/strong> dentro de Paripesa podr\u00e1s acceder a hallar a un sin fin de experiencias, esta es una de las mejores. Esto se debe a que dentro de este <a href=\"https:\/\/recor.to\/paripesa\" target=\"_blank\" rel=\"noreferrer noopener nofollow sponsored\">sitio<\/a>, podr\u00e1s sentirte en un casino real. Podr\u00e1s acceder a una gran variedad de mesas, en las cuales experimentar\u00e1s un sin fin de emociones. Aqu\u00ed podr\u00e1s encontrar desde blackjack, baccarat, poker, ruletas, entre otro sin fin de variedades de juegos sumamente en vivo. \u00bfEst\u00e1s listo para descubrir cada una de estas mesas?<\/p>\n\n\n\n<figure class=\"wp-block-image size-large\"><a href=\"https:\/\/recor.to\/paripesa\" target=\"_blank\" rel=\"noreferrer noopener nofollow sponsored\"><img decoding=\"async\" width=\"1024\" height=\"447\" src=\"https:\/\/supercuotas.gratis\/wp-content\/uploads\/2023\/10\/paripesa-chile-1024x447.png\" alt=\"paripesa chile\" class=\"wp-image-32100\" srcset=\"https:\/\/supercuotas.gratis\/wp-content\/uploads\/2023\/10\/paripesa-chile-1024x447.png 1024w, https:\/\/supercuotas.gratis\/wp-content\/uploads\/2023\/10\/paripesa-chile-300x131.png 300w, https:\/\/supercuotas.gratis\/wp-content\/uploads\/2023\/10\/paripesa-chile-768x336.png 768w, https:\/\/supercuotas.gratis\/wp-content\/uploads\/2023\/10\/paripesa-chile.png 1348w\" sizes=\"(max-width: 1024px) 100vw, 1024px\" \/><\/a><\/figure>\n\n\n\n<h2 class=\"wp-block-heading\">\u00bfParipesa cuenta con beneficios? \u00a1Con\u00f3celos aqu\u00ed!<\/h2>\n\n\n\n<p>Luego de conocer los sectores de apuestas y resolver el <a href=\"https:\/\/recor.to\/paripesa\" target=\"_blank\" rel=\"noreferrer noopener nofollow sponsored\">proceso de inscripci\u00f3n, dentro de Paripesa<\/a>, <strong>ser\u00e1 el momento de conocer los beneficios que esta p\u00e1gina le ofrece a sus usuarios<\/strong>. Teniendo en cuenta eso, hablaremos de la variedad de beneficios que hallar\u00e1s y algunos de los pasos que deber\u00e1s seguir para reclamarlo. <\/p>\n\n\n\n<p>Hemos mencionado los pasos, ya que no todos podr\u00e1n acceder a todas las bonificaciones, ya que, dentro de este sitio hallar\u00e1s distintas modalidades. De esta manera, te contaremos todas y cada una de ellas. <strong>Para empezar, tienes que saber que esta casa cuenta con dos formas de beneficios<\/strong>. Siendo sumamente distintas entre si, ya que est\u00e1n dirigidas a diferentes usuarios y sectores. <\/p>\n\n\n\n<p>Como ya hemos dicho, aqu\u00ed podr\u00e1s encontrar dos tipos de beneficios: los bonos de bienvenida y las promociones. <strong>En el caso de los beneficios de bienvenida, tienen un plazo de duraci\u00f3n mucho m\u00e1s largo<\/strong>. Esto quiere decir que varios usuarios podr\u00e1n acceder a el. Adem\u00e1s este esta pensado para quienes sean nuevos usuarios, en otras palabras para quienes se registren por primera vez. <\/p>\n\n\n\n<p>Las promociones, ser\u00e1n para quienes est\u00e9n registrados hace m\u00e1s tiempo y las mismas tienen un tiempo m\u00e1s corto de duraci\u00f3n. <strong>Ya que est\u00e1s est\u00e1n pensadas para eventos especiales de todos y cada uno de los sectores de apuestas<\/strong>. Claramente para acceder a estas promociones, deber\u00e1s ser usuario de este sitio. <\/p>\n\n\n\n<p>En esta ocasi\u00f3n solamente hablaremos del beneficio de bienvenida, ya que ser\u00e1 tu primer dep\u00f3sito el que realizar\u00e1s, ya que eres un nuevo usuario. Adem\u00e1s este primer ingreso estar\u00e1 bonificado por ser un reci\u00e9n llegado a esta <a href=\"https:\/\/recor.to\/paripesa\" target=\"_blank\" rel=\"noreferrer noopener nofollow sponsored\">p\u00e1gina de apuestas<\/a>. <strong>Este beneficio te dar\u00e1 el 100% de tu primer dep\u00f3sito hasta $106 USD<\/strong>. As\u00ed podr\u00e1s realizar tus apuestas ganadoras, en los mejores sectores de apuestas. <\/p>\n\n\n\n<h2 class=\"wp-block-heading\">Aprende todo sobre las mejores formas de pago<\/h2>\n\n\n\n<p>Para aquellos amantes de las apuestas, podr\u00e1n acceder a un sin fin de beneficios, algo que ya habr\u00e1s visto. <strong>Pero para obtener todas y cada una de estas bonificaciones, tendr\u00e1n que acceder a conocer las formas de dep\u00f3sito<\/strong>. Ya que en el caso que no utilices ninguna de estas, no tendr\u00e1s la posibilidad de acceder a reclamar estos beneficios de apuestas. <\/p>\n\n\n\n<p>Para eso, tendr\u00e1s la oportunidad de conocer dentro de supercuotas.gratis las mejores variedad de m\u00e9todos de pago. <strong>Cr\u00e9enos que todas y cada una de ellas, son las mejores dentro de Chile<\/strong>. No solo eso, sino que todas y cada una de ellas, forman parte de los mejores bancos dentro de este territorio. <\/p>\n\n\n\n<p>Adem\u00e1s de ser parte de los mejores bancos, estas modalidades de ingreso son compatibles con todos los beneficios dentro de esta p\u00e1gina. <strong>Recuerda, querido lector, que en el caso de no ser compatible, estar\u00e1 aclarado dentro del beneficio que desees acceder<\/strong>. <\/p>\n\n\n\n<p>Dentro de <a href=\"https:\/\/recor.to\/paripesa\" target=\"_blank\" rel=\"noreferrer noopener nofollow sponsored\">Paripesa<\/a>, <strong>podr\u00e1s hallar las siguientes formas de pago:<\/strong><\/p>\n\n\n\n<ul class=\"wp-block-list\">\n<li>Jeton Wallet<\/li>\n\n\n\n<li>Skrill<\/li>\n\n\n\n<li>Neteller<\/li>\n\n\n\n<li>AirTM<\/li>\n\n\n\n<li>Transferencia Bancaria<\/li>\n\n\n\n<li>Bitcoin<\/li>\n\n\n\n<li>Ethereum<\/li>\n\n\n\n<li>Litecoin<\/li>\n<\/ul>\n\n\n\n<figure class=\"wp-block-image size-large\"><a href=\"https:\/\/recor.to\/paripesa\" target=\"_blank\" rel=\"noreferrer noopener nofollow sponsored\"><img decoding=\"async\" width=\"1024\" height=\"452\" src=\"https:\/\/supercuotas.gratis\/wp-content\/uploads\/2023\/10\/paripesa-bonos-ofertas-1024x452.png\" alt=\"paripesa bonos ofertas\" class=\"wp-image-32109\" srcset=\"https:\/\/supercuotas.gratis\/wp-content\/uploads\/2023\/10\/paripesa-bonos-ofertas-1024x452.png 1024w, https:\/\/supercuotas.gratis\/wp-content\/uploads\/2023\/10\/paripesa-bonos-ofertas-300x132.png 300w, https:\/\/supercuotas.gratis\/wp-content\/uploads\/2023\/10\/paripesa-bonos-ofertas-768x339.png 768w, https:\/\/supercuotas.gratis\/wp-content\/uploads\/2023\/10\/paripesa-bonos-ofertas.png 1347w\" sizes=\"(max-width: 1024px) 100vw, 1024px\" \/><\/a><\/figure>\n\n\n<p>[ratings]<\/p>\n\n\n\n<div class=\"wp-block-rank-math-faq-block\"><div class=\"rank-math-faq-item\"><h3 class=\"rank-math-question\">\u00bfQu\u00e9 es Paripesa?<\/h3><div class=\"rank-math-answer\">Este es un sitio de apuestas dentro de Chile, en el podr\u00e1s encontrar un sitio para realizar grandes jugadas.<\/div><\/div><div class=\"rank-math-faq-item\"><h3 class=\"rank-math-question\">\u00bfCu\u00e1les son las caracter\u00edsticas de este sitio?<\/h3><div class=\"rank-math-answer\">Esta es una casa de apuestas sumamente en l\u00ednea, donde hallar\u00e1s promociones, juegos y bonos de bienvenida.<\/div><\/div><div class=\"rank-math-faq-item\"><h3 class=\"rank-math-question\">\u00bfQu\u00e9 sectores encontrar\u00e9?<\/h3><div class=\"rank-math-answer\">Tendr\u00e1s la posibilidad de acceder a apuestas deportivas, casino, casino en vivo, entre otras opciones. <\/div><\/div><div class=\"rank-math-faq-item\"><h3 class=\"rank-math-question\">\u00bfEs necesario completar el registro para acceder?<\/h3><div class=\"rank-math-answer\">Claro que si, deber\u00e1s registrarte para ser beneficiario de todo lo mencionado. <\/div><\/div><div class=\"rank-math-faq-item\"><h3 class=\"rank-math-question\">\u00bfPosee beneficios esta casa?<\/h3><div class=\"rank-math-answer\">Claro que si, tendr\u00e1s la posibilidad de acceder a un bono de bienvenida. <\/div><\/div><div class=\"rank-math-faq-item\"><h3 class=\"rank-math-question\">\u00bfEs seguro este sitio?<\/h3><div class=\"rank-math-answer\">Si, ya que cuenta con una gran variedad de normas de seguridad.<\/div><\/div><div class=\"rank-math-faq-item\"><h3 class=\"rank-math-question\">\u00bfDebo ser mayor para ingresar aqu\u00ed?<\/h3><div class=\"rank-math-answer\">Si. <\/div><\/div><\/div>\n","protected":false},"excerpt":{"rendered":"<p>Siempre es bueno abrirse a nuevos rumbos, caminos o selecciones. Dicho esto, queremos proponerte una nueva opci\u00f3n para ti, en donde realizar\u00e1s las mejores apuestas de todas, siendo sumamente bonificadas cada una de ellas. En esta oportunidad hablaremos sobre Paripesa, un sitio sumamente innovador dentro de Chile. \u00a1Ven con nosotros a conocerlo! Apunta los primeros &#8230; <a title=\"PARIPESA | Bonos + Rese\u00f1a COMPLETA en Chile\" class=\"read-more\" href=\"https:\/\/supercuotas.gratis\/cl\/paripesa\/\" aria-label=\"Leer m\u00e1s sobre PARIPESA | Bonos + Rese\u00f1a COMPLETA en Chile\">Read more<\/a><\/p>\n","protected":false},"author":74,"featured_media":0,"parent":0,"menu_order":0,"comment_status":"closed","ping_status":"closed","template":"","meta":{"_uag_custom_page_level_css":"","generate_page_header":"","footnotes":""},"class_list":["post-32089","page","type-page","status-publish"],"uagb_featured_image_src":{"full":false,"thumbnail":false,"medium":false,"medium_large":false,"large":false,"1536x1536":false,"2048x2048":false},"uagb_author_info":{"display_name":"Facundo","author_link":"https:\/\/supercuotas.gratis\/cl\/author\/facundo\/"},"uagb_comment_info":0,"uagb_excerpt":"Siempre es bueno abrirse a nuevos rumbos, caminos o selecciones. Dicho esto, queremos proponerte una nueva opci\u00f3n para ti, en donde realizar\u00e1s las mejores apuestas de todas, siendo sumamente bonificadas cada una de ellas. En esta oportunidad hablaremos sobre Paripesa, un sitio sumamente innovador dentro de Chile. \u00a1Ven con nosotros a conocerlo! Apunta los primeros&hellip;","_links":{"self":[{"href":"https:\/\/supercuotas.gratis\/cl\/wp-json\/wp\/v2\/pages\/32089","targetHints":{"allow":["GET"]}}],"collection":[{"href":"https:\/\/supercuotas.gratis\/cl\/wp-json\/wp\/v2\/pages"}],"about":[{"href":"https:\/\/supercuotas.gratis\/cl\/wp-json\/wp\/v2\/types\/page"}],"author":[{"embeddable":true,"href":"https:\/\/supercuotas.gratis\/cl\/wp-json\/wp\/v2\/users\/74"}],"replies":[{"embeddable":true,"href":"https:\/\/supercuotas.gratis\/cl\/wp-json\/wp\/v2\/comments?post=32089"}],"version-history":[{"count":2,"href":"https:\/\/supercuotas.gratis\/cl\/wp-json\/wp\/v2\/pages\/32089\/revisions"}],"predecessor-version":[{"id":32118,"href":"https:\/\/supercuotas.gratis\/cl\/wp-json\/wp\/v2\/pages\/32089\/revisions\/32118"}],"wp:attachment":[{"href":"https:\/\/supercuotas.gratis\/cl\/wp-json\/wp\/v2\/media?parent=32089"}],"curies":[{"name":"wp","href":"https:\/\/api.w.org\/{rel}","templated":true}]}}