{"id":32027,"date":"2023-10-29T17:35:45","date_gmt":"2023-10-29T16:35:45","guid":{"rendered":"https:\/\/supercuotas.gratis\/?page_id=32027"},"modified":"2023-10-29T17:36:38","modified_gmt":"2023-10-29T16:36:38","slug":"roobet","status":"publish","type":"page","link":"https:\/\/supercuotas.gratis\/cl\/roobet\/","title":{"rendered":"ROOBET | Bonos + Rese\u00f1a COMPLETA en Chile"},"content":{"rendered":"\n<p><strong>Lleg\u00f3 el momento de conocer ROOBET<\/strong>, una de las plataformas de casino mas importantes de todo Chile. Dentro de este articulo nos encargaremos de conocer no solo los aspectos generales del sitio, sino tambi\u00e9n todo tipo de ventajas a las cuales podremos acceder para jugar como verdaderos profesionales\u00a0<strong><a href=\"https:\/\/recor.to\/roobet\" target=\"_blank\" rel=\"noreferrer noopener nofollow sponsored\">\u00a1Vamos todos a jugar!<\/a><\/strong><\/p>\n\n\n\n<figure class=\"wp-block-image size-large is-resized\"><a href=\"https:\/\/recor.to\/roobet\" target=\"_blank\" rel=\"noreferrer noopener nofollow sponsored\"><img fetchpriority=\"high\" decoding=\"async\" width=\"1024\" height=\"413\" src=\"https:\/\/supercuotas.gratis\/wp-content\/uploads\/2023\/10\/ROOBET-1024x413.png\" alt=\"ROOBET\" class=\"wp-image-32028\" style=\"aspect-ratio:2.4794188861985473;width:1093px;height:auto\" srcset=\"https:\/\/supercuotas.gratis\/wp-content\/uploads\/2023\/10\/ROOBET-1024x413.png 1024w, https:\/\/supercuotas.gratis\/wp-content\/uploads\/2023\/10\/ROOBET-300x121.png 300w, https:\/\/supercuotas.gratis\/wp-content\/uploads\/2023\/10\/ROOBET-768x309.png 768w, https:\/\/supercuotas.gratis\/wp-content\/uploads\/2023\/10\/ROOBET-1536x619.png 1536w, https:\/\/supercuotas.gratis\/wp-content\/uploads\/2023\/10\/ROOBET-2048x825.png 2048w\" sizes=\"(max-width: 1024px) 100vw, 1024px\" \/><\/a><\/figure>\n\n\n\n<h2 class=\"wp-block-heading\" id=\"h-aspectos-generales-de-roobet\"><strong>Aspectos Generales de ROOBET<\/strong><\/h2>\n\n\n\n<p>Una de las primeras opciones que encontraremos disponibles para desarrollar nuestras apuestas, es sin lugar a dudas ROOBET. Esta casa de apuestas que abre sus puertas en Chile es una de las mejores chances que tenemos si lo que buscamos es disfrutar de diversi\u00f3n asegurada y obtenci\u00f3n de ganancias.<\/p>\n\n\n\n<p><strong>Esto tiene una explicaci\u00f3n muy sencilla<\/strong>, la plataforma se ocupa de entregar a todos los usuarios una experiencia completa. Desde el primer momento que ingreses a la pagina de inicio, vas a encontrarte con un lugar \u00fanico en donde con velocidad podr\u00e1s reconocer los mercados mas importantes para jugar sin parar.<\/p>\n\n\n\n<p>A esto se le suma la chance de poder utilizar todo tipo de promociones especiales y oportunidades con ventajas para poder obtener ganancias. La estructura novedosa y moderna de este casino te har\u00e1 poder reconocer en pocos minutos los mercados mas importantes y los t\u00edtulos especiales&nbsp;<strong>con mayor preponderancia.<\/strong><\/p>\n\n\n\n<p>En este caso, ROOBET se destaca por sobre el resto. A esto se le suman la lista de los mejores proveedores de software que entregan juegos de todo tipo en los mercados mas importantes del mundo. Las mejores oportunidades para disfrutar sin lugar a dudas se encuentran<strong>&nbsp;en un espacio como este.<\/strong><\/p>\n\n\n\n<h3 class=\"wp-block-heading\" id=\"h-aspectos-legales\"><strong>Aspectos Legales<\/strong><\/h3>\n\n\n\n<p>No podemos olvidarnos de los aspectos legales en esta plataforma. Estos ser\u00e1n los que nos permitir\u00e1n poder jugar de manera segura, sabiendo que encontraremos el respaldo suficiente para poder depositar nuestro dinero sabiendo que el mismo ser\u00e1 protegido en cualquiera proceso&nbsp;<strong>dentro de nuestras apuestas diarias.<\/strong><\/p>\n\n\n\n<p><strong>En este caso, debemos decir que la plataforma<\/strong>&nbsp;cuenta con las licencias de car\u00e1cter internacional necesarias para operar de manera segura, respetando la jurisprudencia de los pa\u00edses en donde decide abrir sus puertas para todos sus jugadores, esto es una ventaja especial que tenemos dentro de la plataforma.<\/p>\n\n\n\n<p>Poder apostar sin preocuparnos por nada, es una de las mejores ventajas que tenemos en esta plataforma. Esto significa que podremos aprovechar con todo tipo de juegos que anteriormente fueron expuestos a rigurosos est\u00e1ndares de calidad, velando por los intereses de todos los&nbsp;<strong>usuarios que utilizan la plataforma.<\/strong><\/p>\n\n\n\n<p>Para terminar, solo debemos asegurar que ROOBET cuenta con todo lo necesario para considerarse una plataforma totalmente segura. Ahora es tu turno de iniciar tu camino de apuestas aprovechando una plataforma que puede cambiar el destino de tus apuestas en tan solo algunos&nbsp;<strong>minutos y desde la comodidad de tu casa.<\/strong><\/p>\n\n\n\n<h2 class=\"wp-block-heading\" id=\"h-crear-una-cuenta\"><strong>Crear una Cuenta<\/strong><\/h2>\n\n\n\n<p><strong>Si lo que queremos es comenzar a jugar dentro de ROOBET<\/strong>, definitivamente necesitaremos crear una cuenta. Para eso, vamos a necesitar comenzar a jugar buscando la pagina de inicio, lugar en donde encontraremos el bot\u00f3n de registro que suele aparecer en el sector superior derecho de la pantalla.<\/p>\n\n\n\n<p>Una vez en este lugar, tenemos que completar una serie de datos, todos ellos relacionados con nuestra informaci\u00f3n personal. Estos datos servir\u00e1n para poder crear nuestro perfil de forma correcta, creando un vinculo estrecho entre nosotros y el soporte en linea de la plataforma para cualquier duda o&nbsp;<strong>eventualidad que tengamos dentro del sitio.<\/strong><\/p>\n\n\n\n<p>Los datos que podremos completar estar\u00e1n relacionados con nuestro nombre y apellido, direcci\u00f3n de correo, fecha de nacimiento, pa\u00eds de residencia, moneda con la cual operaremos dentro del sitio. Luego de completar todos estos datos, solo tendremos que aceptar los t\u00e9rminos y condiciones de la&nbsp;<strong>plataforma para jugar.<\/strong><\/p>\n\n\n\n<p><strong>Ya tenemos nuestra cuenta creada para comenzar<\/strong>&nbsp;a jugar dentro de la plataforma en ROOBET. Luego de esto ya estaremos en condiciones de comenzar nuestra aventura en este gran espacio. La emoci\u00f3n de competir es ahora mucho mayor sabiendo que tenemos gran cantidad de emociones desde la comodidad de nuestra casa.<\/p>\n\n\n\n<h2 class=\"wp-block-heading\" id=\"h-metodos-de-pago\"><strong>M\u00e9todos de Pago<\/strong><\/h2>\n\n\n\n<p><strong>Otro de los espacios que ser\u00e1&nbsp;<\/strong>importante respetar y conocer tiene que ver con los m\u00e9todos de pago. Estos ser\u00e1n fundamentales para realizar operaciones como pueden ser ingresar dinero o retirar ganancias de la plataforma. Es importante que entendamos como funcionan las opciones de pago para poder disfrutar de esta plataforma.<\/p>\n\n\n\n<p>En primer lugar, tenemos que destacar la utilizaci\u00f3n de tarjetas de cr\u00e9dito y debito, uno de los m\u00e9todos mas utilizados por los usuarios. Por otro lado, tendremos la chance de jugar con billeteras virtuales que tambi\u00e9n son de gran ayuda para aquellos jugadores que buscan utilizar&nbsp;<strong>estas operaciones desde su dispositivo movil.<\/strong><\/p>\n\n\n\n<p>Por ultimo, tenemos que entender que para poder depositar dinero dentro de la plataforma, simplemente vamos a necesitar ubicarnos dentro de la secci\u00f3n de dep\u00f3sitos para especificar la cantidad de dinero que buscaremos acreditar dentro de nuestro perfil. Luego de esto solo&nbsp;<strong>necesitaremos elegir el m\u00e9todo de pago.<\/strong><\/p>\n\n\n\n<p><strong>Ahora ya estamos listos para comenzar a jugar<\/strong>, elegir el mercado correspondiente para nosotros e iniciar el camino de apuestas que tanto est\u00e1bamos esperando para disfrutar. Es momento de competir en ROOBET, una de las casas de apuestas mas importantes de todos los tiempos para disfrutar sin parar. Puedes encontrar mucha mas informaci\u00f3n sobre la plataforma visitando el&nbsp;<strong><a href=\"https:\/\/supercuotas.gratis\/cl\/\" target=\"_blank\" rel=\"noreferrer noopener\">siguiente enlace.<\/a><\/strong><\/p>\n\n\n\n<figure class=\"wp-block-image size-large is-resized\"><a href=\"https:\/\/recor.to\/roobet\" target=\"_blank\" rel=\"noreferrer noopener nofollow sponsored\"><img decoding=\"async\" width=\"1024\" height=\"444\" src=\"https:\/\/supercuotas.gratis\/wp-content\/uploads\/2023\/10\/roobet-chile-1024x444.png\" alt=\"roobet chile\" class=\"wp-image-32037\" style=\"aspect-ratio:2.3063063063063063;width:1096px;height:auto\" srcset=\"https:\/\/supercuotas.gratis\/wp-content\/uploads\/2023\/10\/roobet-chile-1024x444.png 1024w, https:\/\/supercuotas.gratis\/wp-content\/uploads\/2023\/10\/roobet-chile-300x130.png 300w, https:\/\/supercuotas.gratis\/wp-content\/uploads\/2023\/10\/roobet-chile-768x333.png 768w, https:\/\/supercuotas.gratis\/wp-content\/uploads\/2023\/10\/roobet-chile-1536x666.png 1536w, https:\/\/supercuotas.gratis\/wp-content\/uploads\/2023\/10\/roobet-chile-2048x888.png 2048w\" sizes=\"(max-width: 1024px) 100vw, 1024px\" \/><\/a><\/figure>\n\n\n\n<h2 class=\"wp-block-heading\"><strong>Bonos y Ofertas especiales<\/strong><\/h2>\n\n\n\n<p><strong>No podemos olvidarnos de una de las \u00e1reas<\/strong> mas importantes que tiene cualquier casa de apuestas para casino. Nos estamos refiriendo a los espacios de bonos y ofertas especiales para disfrutar. En este caso, tenemos que mencionar una serie de promociones que lo \u00fanico que nos entregaran seran ventajas especiales para poder desarrollarnos dentro de ROOBET y poder disfrutar sin parar de una jornada sensacional de apuestas.<\/p>\n\n\n\n<p>En este caso, tenemos que recordar que la mayor\u00eda de estos bonos contaran con sus propios t\u00e9rminos y condiciones. Los mismos tendremos que respetarlos a raja tabla para poder utilizarlos de la mejor manera. Aspectos como cantidad de cuotas, rollover, fechas de vigencia y dep\u00f3sitos m\u00ednimos. Todos estos son importante respetar para que el desarrollo de nuestro juego pueda resolverse <strong>de manera completamente segura.<\/strong><\/p>\n\n\n\n<p>Es por eso que nuestra misi\u00f3n dentro de este articulo ser\u00e1 repasar todo lo relacionado con las <strong><a href=\"https:\/\/recor.to\/roobet\" target=\"_blank\" rel=\"noreferrer noopener nofollow sponsored\">ofertas de bienvenida<\/a><\/strong> y promociones mas importantes de la plataforma. Una forma ideal de poder llevar adelante nuestras mejores apuestas en un lugar que fue pensado solo para nuestra diversi\u00f3n. Es momento de conocer todo lo relacionado con las ventajas especiales que podremos aprovechar dentro <strong>del sitio en tan solo algunos minutos.<\/strong><\/p>\n\n\n\n<h3 class=\"wp-block-heading\"><strong>Bono de Bienvenida para Casino<\/strong><\/h3>\n\n\n\n<p>La mejor forma de comenzar tu camino dentro de la plataforma es utilizando el bono de bienvenida para casino, una de las opciones mas buscadas por todo tipo de jugadores en la plataforma. En este caso, podremos obtener hasta 80 USD es tiradas gratis utilizando los t\u00edtulos de casino mas importantes de la plataforma. Para poder jugar con ellos, simplemente vamos a necesitar en primer<strong> lugar realizar un deposito dentro de la plataforma.<\/strong><\/p>\n\n\n\n<p><strong>Luego de hacer esto<\/strong>, estaremos en condiciones de poder <strong><a href=\"https:\/\/recor.to\/roobet\" target=\"_blank\" rel=\"noreferrer noopener nofollow sponsored\">percibir las apuestas<\/a><\/strong>, dependiendo de la cantidad de dinero que hayamos acreditado dentro de la plataforma en primer lugar. Solo de esta forma ya estaremos en condiciones de comenzar a jugar. Debemos recordar que necesitaremos cumplir con la mayor\u00eda de edad para poder jugar dentro del sitio y llevarnos las mejores chances de obtener ganancias y disfrutar sin parar.<\/p>\n\n\n\n<h3 class=\"wp-block-heading\"><strong>Bono de Bienvenida para Deportes<\/strong><\/h3>\n\n\n\n<p>Otro de los mercados mas importantes de todo el mundo es sin lugar a dudas el mercado de apuestas deportivas. Este espacio ser\u00e1 fundamental conocer como poder jugar con una ventaja, mas teniendo en cuenta que con el estaremos accediendo a una lista interminable de partidos, competiciones, torneos, juegos y disciplinas deportivas especiales que pueden ser muy especiales en ROOBET <strong>para poder jugar dentro de la plataforma.<\/strong><\/p>\n\n\n\n<p>Es por eso que debemos tener en cuenta la calidad de disfrutar un espacio como este en donde nosotros seamos los verdaderos protagonistas de la plataforma. Para poder jugar con el, simplemente vamos a necesitar realizar un deposito dentro del sitio para luego acceder a un bono que recibiremos duplicado dependiendo de la cantidad de dinero que <strong><a href=\"https:\/\/recor.to\/roobet\" target=\"_blank\" rel=\"noreferrer noopener nofollow sponsored\">acreditemos dentro de nuestro perfil<\/a><\/strong>. Luego de esto, <strong>ya estamos en condiciones de jugar.<\/strong><\/p>\n\n\n\n<p>Una chance ideal de poder disfrutar dentro de la plataforma tiene que ver con los espacios mas incre\u00edbles de apuestas. Todos los bonos especiales de esta plataforma pueden ser \u00fanicos teniendo en cuenta la gran cantidad de posibilidades que tendremos para jugar dentro del sitio y disfrutar sin lugar a dudas <strong>de un gran lugar de juego.<\/strong><\/p>\n\n\n\n<figure class=\"wp-block-image size-large is-resized\"><a href=\"https:\/\/recor.to\/roobet\" target=\"_blank\" rel=\"noreferrer noopener nofollow sponsored\"><img decoding=\"async\" width=\"1024\" height=\"449\" src=\"https:\/\/supercuotas.gratis\/wp-content\/uploads\/2023\/10\/roobet-bonos-ofertas-1024x449.png\" alt=\"roobet bonos ofertas\" class=\"wp-image-32046\" style=\"aspect-ratio:2.2806236080178173;width:1091px;height:auto\" srcset=\"https:\/\/supercuotas.gratis\/wp-content\/uploads\/2023\/10\/roobet-bonos-ofertas-1024x449.png 1024w, https:\/\/supercuotas.gratis\/wp-content\/uploads\/2023\/10\/roobet-bonos-ofertas-300x132.png 300w, https:\/\/supercuotas.gratis\/wp-content\/uploads\/2023\/10\/roobet-bonos-ofertas-768x337.png 768w, https:\/\/supercuotas.gratis\/wp-content\/uploads\/2023\/10\/roobet-bonos-ofertas-1536x674.png 1536w, https:\/\/supercuotas.gratis\/wp-content\/uploads\/2023\/10\/roobet-bonos-ofertas-2048x899.png 2048w\" sizes=\"(max-width: 1024px) 100vw, 1024px\" \/><\/a><\/figure>\n\n\n\n<h2 class=\"wp-block-heading\"><strong>Preguntas Frecuentes<\/strong><\/h2>\n\n\n\n<div class=\"wp-block-rank-math-faq-block\"><div class=\"rank-math-faq-item\"><h3 class=\"rank-math-question\">\u00bfQu\u00e9 es ROOBET?<\/h3><div class=\"rank-math-answer\">ROOBET es una plataforma de apuestas.<\/div><\/div><div class=\"rank-math-faq-item\"><h3 class=\"rank-math-question\">\u00bfPuedo jugar con un bono para casino?<\/h3><div class=\"rank-math-answer\">Podr\u00e1s jugar con un bono para este mercado.<\/div><\/div><div class=\"rank-math-faq-item\"><h3 class=\"rank-math-question\">\u00bfHay opciones para deportes?<\/h3><div class=\"rank-math-answer\">Podr\u00e1s jugar con opciones para deportes.<\/div><\/div><div class=\"rank-math-faq-item\"><h3 class=\"rank-math-question\">\u00bfEs f\u00e1cil crear una cuenta?<\/h3><div class=\"rank-math-answer\">En pocos minutos podr\u00e1s acceder a tu primer cuenta.<\/div><\/div><div class=\"rank-math-faq-item\"><h3 class=\"rank-math-question\">\u00bfROOBET es seguro?<\/h3><div class=\"rank-math-answer\">El sitio cuenta con todo lo necesario para operar.<\/div><\/div><div class=\"rank-math-faq-item\"><h3 class=\"rank-math-question\">\u00bfQu\u00e9 otros t\u00edtulos hay dentro del sitio?<\/h3><div class=\"rank-math-answer\">Apuestas deportivas, casino y mucho mas.<\/div><\/div><div class=\"rank-math-faq-item\"><h3 class=\"rank-math-question\">\u00bfPuedo jugar con otros mercados?<\/h3><div class=\"rank-math-answer\">Hay todo tipo de mercados para jugar.<\/div><\/div><\/div>\n","protected":false},"excerpt":{"rendered":"<p>Lleg\u00f3 el momento de conocer ROOBET, una de las plataformas de casino mas importantes de todo Chile. Dentro de este articulo nos encargaremos de conocer no solo los aspectos generales del sitio, sino tambi\u00e9n todo tipo de ventajas a las cuales podremos acceder para jugar como verdaderos profesionales\u00a0\u00a1Vamos todos a jugar! Aspectos Generales de ROOBET &#8230; <a title=\"ROOBET | Bonos + Rese\u00f1a COMPLETA en Chile\" class=\"read-more\" href=\"https:\/\/supercuotas.gratis\/cl\/roobet\/\" aria-label=\"Leer m\u00e1s sobre ROOBET | Bonos + Rese\u00f1a COMPLETA en Chile\">Read more<\/a><\/p>\n","protected":false},"author":72,"featured_media":0,"parent":0,"menu_order":0,"comment_status":"closed","ping_status":"closed","template":"","meta":{"_uag_custom_page_level_css":"","generate_page_header":"","footnotes":""},"class_list":["post-32027","page","type-page","status-publish"],"uagb_featured_image_src":{"full":false,"thumbnail":false,"medium":false,"medium_large":false,"large":false,"1536x1536":false,"2048x2048":false},"uagb_author_info":{"display_name":"Lautaro","author_link":"https:\/\/supercuotas.gratis\/cl\/author\/lautaro\/"},"uagb_comment_info":0,"uagb_excerpt":"Lleg\u00f3 el momento de conocer ROOBET, una de las plataformas de casino mas importantes de todo Chile. Dentro de este articulo nos encargaremos de conocer no solo los aspectos generales del sitio, sino tambi\u00e9n todo tipo de ventajas a las cuales podremos acceder para jugar como verdaderos profesionales\u00a0\u00a1Vamos todos a jugar! Aspectos Generales de ROOBET&hellip;","_links":{"self":[{"href":"https:\/\/supercuotas.gratis\/cl\/wp-json\/wp\/v2\/pages\/32027","targetHints":{"allow":["GET"]}}],"collection":[{"href":"https:\/\/supercuotas.gratis\/cl\/wp-json\/wp\/v2\/pages"}],"about":[{"href":"https:\/\/supercuotas.gratis\/cl\/wp-json\/wp\/v2\/types\/page"}],"author":[{"embeddable":true,"href":"https:\/\/supercuotas.gratis\/cl\/wp-json\/wp\/v2\/users\/72"}],"replies":[{"embeddable":true,"href":"https:\/\/supercuotas.gratis\/cl\/wp-json\/wp\/v2\/comments?post=32027"}],"version-history":[{"count":2,"href":"https:\/\/supercuotas.gratis\/cl\/wp-json\/wp\/v2\/pages\/32027\/revisions"}],"predecessor-version":[{"id":32056,"href":"https:\/\/supercuotas.gratis\/cl\/wp-json\/wp\/v2\/pages\/32027\/revisions\/32056"}],"wp:attachment":[{"href":"https:\/\/supercuotas.gratis\/cl\/wp-json\/wp\/v2\/media?parent=32027"}],"curies":[{"name":"wp","href":"https:\/\/api.w.org\/{rel}","templated":true}]}}