{"id":28357,"date":"2023-05-31T21:12:11","date_gmt":"2023-05-31T19:12:11","guid":{"rendered":"https:\/\/supercuotas.gratis\/?page_id=28357"},"modified":"2023-06-03T00:16:06","modified_gmt":"2023-06-02T22:16:06","slug":"ultracasino-bono-casino-codigos-promocionales-chile","status":"publish","type":"page","link":"https:\/\/supercuotas.gratis\/cl\/ultracasino-bono-casino-codigos-promocionales-chile\/","title":{"rendered":"ULTRACASINO Bono Casino \u00bb \u00a1$100 MIL de Bienvenida!"},"content":{"rendered":"\n<p>Hoy vamos a estar hablando de una de las mejores promociones disponibles en un sitio como este! Porque te vamos a contar todo lo que tienes que saber sobre Ultracasino, y su ultra Bono de Bienvenida para el Casino<strong>. As\u00ed que, sin muchas vueltas, te contamos las mejores cualidades de este sitio y por qu\u00e9 lo recomendamos para jugar. Luego, todo lo que tienes que saber sobre esta oferta y sus T\u00e9rminos y Condiciones.<\/strong> Comencemos con esto: <a href=\"https:\/\/recor.to\/ultracasino\" target=\"_blank\" rel=\"noreferrer noopener nofollow sponsored\">Ap\u00fantate en Ultracasino. <\/a><\/p>\n\n\n\n<figure class=\"wp-block-image size-full is-resized\"><a href=\"https:\/\/recor.to\/ultracasino\" target=\"_blank\" rel=\"noreferrer noopener nofollow sponsored\"><img fetchpriority=\"high\" decoding=\"async\" src=\"https:\/\/supercuotas.gratis\/wp-content\/uploads\/2023\/05\/ultracasino-bono-casino.jpg\" alt=\"ultracasino bono casino\" class=\"wp-image-28437\" width=\"675\" height=\"360\" srcset=\"https:\/\/supercuotas.gratis\/wp-content\/uploads\/2023\/05\/ultracasino-bono-casino.jpg 480w, https:\/\/supercuotas.gratis\/wp-content\/uploads\/2023\/05\/ultracasino-bono-casino-300x160.jpg 300w\" sizes=\"(max-width: 675px) 100vw, 675px\" \/><\/a><\/figure>\n\n\n\n<p>Si est\u00e1s buscando el sitio adecuado para hacer tus apuestas y pasar unas buenas horas de entretenimiento y probar tu suerte, entonces llegaste al lugar adecuado. Porque hoy vamos a estar hablando de Ultracasino, y todo lo que tiene para ofrecer a sus nuevos usuarios y los habituales.<strong> Principalmente, vamos a conocer su Bono de Bienvenida para el casino. <\/strong><\/p>\n\n\n\n<p>Y es que este sitio es uno de los m\u00e1s reconocidos actualmente en el pa\u00eds de Chile. Y sin dudas, el Bono para Casino de Ultracasino es un gran aporte a ese reconocimiento. Porque aqu\u00ed puedes ganar dinero real, apostando con tu dinero real, en uno de<a href=\"https:\/\/supercuotas.gratis\/cl\/\" target=\"_blank\" rel=\"noreferrer noopener\"> los mejores sitios del pa\u00eds<\/a>.<strong> As\u00ed que, para comenzar con este art\u00edculo, primero vamos a hacer un repaso sobre todo lo que ofrece esta plataforma. <\/strong><\/p>\n\n\n\n<p>Y luego, llegaremos de una vez a toda la informaci\u00f3n que tienes que conocer sobre su mejor promoci\u00f3n disponible, para quienes se registren ahora mismo. Recuerda que este sitio est\u00e1 repleto de ofertas exclusivas! Para acceder a cualquiera de ellas, el requisito b\u00e1sico ser\u00e1 siempre el mismo<strong>: estar registrado en el casino. As\u00ed que, mientras continuamos con la rese\u00f1a, puedes apuntarte ahora en <a href=\"https:\/\/recor.to\/ultracasino\" target=\"_blank\" rel=\"noreferrer noopener nofollow sponsored\">Ultracasino.cl<\/a>!<\/strong><\/p>\n\n\n\n<h2 class=\"wp-block-heading\"><strong>Todo lo que tienes que saber sobre Ultracasino Chile <\/strong><\/h2>\n\n\n\n<p>Como ya te lo adelantamos, antes de llegar a la informaci\u00f3n sobre el Bono para Casino de Ultracasino, te contamos todos los motivos por los que recomendamos este sitio. Y es que es muy posible que ya hayas escuchado hablar de esa plataforma. <strong>Pero, si no es as\u00ed, tienes a tu disposici\u00f3n toda la informaci\u00f3n. <\/strong><\/p>\n\n\n\n<p>Lo primero que tienes que saber, es que este es un sitio de apuestas virtuales tan completo, que ofrece todo tipo de apuestas en l\u00ednea. Es decir, no solo puedes jugar al Casino Online de much\u00edsimas maneras, por ejemplo con las versiones autom\u00e1ticas de las tragamonedas. <strong>Sino que adem\u00e1s cuenta con un exclusivo Casino en vivo con mesas de ruleta y otros juegos, en tiempo real. <\/strong><\/p>\n\n\n\n<p>Es por eso que este sitio no deja de destacar. Porque adem\u00e1s de contar con un muy interesante y adecuado dise\u00f1o est\u00e9tico, al rojo vivo, tambi\u00e9n es un sitio muy bien organizado y muy intuitivo. Todo esto aportar\u00e1 a que tu experiencia jugando sea relajante, adem\u00e1s de divertida.<strong> Estos son algunos de los criterios que creemos fundamentales para elegir un sitio. <\/strong><\/p>\n\n\n\n<p>Por supuesto, luego de todo esto tambi\u00e9n tenemos las cuestiones de seguridad, que en el mundo virtual son cuestiones fundamentales. Porque en este sitio tendr\u00e1s que ingresar dinero real para apostarlo, y por supuesto, querr\u00e1s saber que cuentas con todas las medidas de seguridad garantizada.<strong> Por suerte, tenemos la informaci\u00f3n de que este sitio est\u00e1 licenciado por las autoridades de Malta hasta nuestro territorio.  Y por lo tanto, es regulado constantemente. <\/strong><\/p>\n\n\n\n<p>Siempre tendr\u00e1s a las entidades legales como respaldo ante cualquier consulta o reclamo. <strong>Con la intenci\u00f3n de que esto te haga sentir seguro, puedes buscar t\u00fa mismo esa informaci\u00f3n, navegando hacia abajo en el <a href=\"https:\/\/recor.to\/ultracasino\" target=\"_blank\" rel=\"noreferrer noopener nofollow sponsored\">sitio oficial de Ultracasino. <\/a><\/strong><\/p>\n\n\n\n<h3 class=\"wp-block-heading\"><strong>Las ventajas de jugar en Ultracasino <\/strong><\/h3>\n\n\n\n<p>Para resumir un poco sobre las cualidades de este sitio, y dirigirnos directamente al Bono para Casino de Ultracasino Chile, te dejamos una lista con lo que m\u00e1s nos ha gustado. <strong>No dudes en visitar el sitio y recorrerlo t\u00fa mismo, con tus propios criterios y exigencias. <\/strong><\/p>\n\n\n\n<ul class=\"wp-block-list\">\n<li>Es un sitio con una enorme variedad de servicios y opciones de juego<\/li>\n\n\n\n<li>Opciones de juegos virtuales en el Casino Online<\/li>\n\n\n\n<li>Opciones de juegos en tiempo real en el Casino en Vivo<\/li>\n\n\n\n<li>No solo tiene variedad de juegos disponibles, sino variedad de versiones sobre el mismo juego con diferentes tem\u00e1ticas<\/li>\n\n\n\n<li>Buenas opciones en m\u00e9todos de pago seguros, r\u00e1pidos y sin comisiones<\/li>\n\n\n\n<li>El registro en Ultracasino es completamente gratuito<\/li>\n\n\n\n<li>Sistema de seguridad y encriptado de datos que te mantendr\u00e1 seguro a ti y a toda tu informaci\u00f3n personal <\/li>\n\n\n\n<li>Variedad de ofertas, promociones y beneficios que se renuevan constantemente  <\/li>\n<\/ul>\n\n\n\n<figure class=\"wp-block-image size-large\"><a href=\"https:\/\/recor.to\/ultracasino\" target=\"_blank\" rel=\"noreferrer noopener nofollow sponsored\"><img decoding=\"async\" width=\"1024\" height=\"290\" src=\"https:\/\/supercuotas.gratis\/wp-content\/uploads\/2023\/05\/ultracasino-bono-bienvenida-1024x290.png\" alt=\"ultracasino bono bienvenida\" class=\"wp-image-28446\" srcset=\"https:\/\/supercuotas.gratis\/wp-content\/uploads\/2023\/05\/ultracasino-bono-bienvenida-1024x290.png 1024w, https:\/\/supercuotas.gratis\/wp-content\/uploads\/2023\/05\/ultracasino-bono-bienvenida-300x85.png 300w, https:\/\/supercuotas.gratis\/wp-content\/uploads\/2023\/05\/ultracasino-bono-bienvenida-768x217.png 768w, https:\/\/supercuotas.gratis\/wp-content\/uploads\/2023\/05\/ultracasino-bono-bienvenida.png 1130w\" sizes=\"(max-width: 1024px) 100vw, 1024px\" \/><\/a><\/figure>\n\n\n\n<h2 class=\"wp-block-heading\"><strong>El Bono para Casino en Ultracasino: \u00a1Hasta S\/400 en saldo extra! <\/strong><\/h2>\n\n\n\n<p>Ahora s\u00ed, hablemos de una vez y por todas de una de las mejores ofertas disponibles en el sitio. Estamos hablando del Bono de Bienvenida para Casino en Ultracasino, para todos los nuevos usuarios registrados. Esto significa que el sitio tiene un beneficio esper\u00e1ndote, simplemente por registrarte en su plataforma y hacer tu primer dep\u00f3sito para jugar. Por supuesto, las condiciones que aplican siempre son:<strong> ser mayor de los 18 a\u00f1os, abrir una \u00fanica cuenta de usuario en el sitio, y hacer un dep\u00f3sito de dinero real por el monto m\u00ednimo aclarado. <\/strong><\/p>\n\n\n\n<p>\u00bfEn qu\u00e9 consiste toda esta oferta? Bueno, se trata de una promoci\u00f3n exclusiva para los nuevos usuarios que se unan al sitio, y consiste en un bono que duplicar\u00e1 tu primer dep\u00f3sito en el sitio. <strong>Es decir, te regala un 100% extra sobre el valor de tu primer dep\u00f3sito, hasta un m\u00e1ximo de 100.000 CLP de dinero gratuito! Adem\u00e1s, la oferta no finaliza all\u00ed, sino que contin\u00faa regal\u00e1ndote tambi\u00e9n unos 100 Giros Gratis <\/strong>para utilizar en las tragamonedas del casino.<a href=\"https:\/\/recor.to\/ultracasino\" target=\"_blank\" rel=\"noreferrer noopener nofollow sponsored\"> \u00a1Sigue jugando gratis con este bono! <\/a><\/p>\n\n\n\n<h3 class=\"wp-block-heading\"><strong>C\u00f3mo obtener el Bono para Casino en Ultracasino<\/strong><\/h3>\n\n\n\n<ol class=\"wp-block-list\">\n<li><strong>Ingresa al sitio:<\/strong> para comenzar, <a href=\"https:\/\/recor.to\/ultracasino\" target=\"_blank\" rel=\"noreferrer noopener nofollow sponsored\">\u00fanete a la plataforma de Ultracasino<\/a> y reg\u00edstrate como usuario de la misma. <\/li>\n\n\n\n<li><strong>Haz tu primer dep\u00f3sito: <\/strong>important\u00edsimo que, al realizar tu primer dep\u00f3sito ingreses el c\u00f3digo promocional ULTRA, y deposites al menos 10.000 CLP. <\/li>\n\n\n\n<li><strong>Activa los Giros Gratis: <\/strong>una vez que hayas depositado, tendr\u00e1s la oportunidad de acceder a tus primeros 50 Giros Gratis en Book of Vikings. <\/li>\n\n\n\n<li><strong>Sigue jugando:<\/strong> obt\u00e9n tu bono de bienvenida del 100% extra para los mejores juegos del sitio, y contin\u00faa recibiendo los Giros Gratis durante 5 d\u00edas. <\/li>\n<\/ol>\n\n\n\n<h2 class=\"wp-block-heading\"><strong>T\u00e9rminos y Condiciones del Bono Casino<\/strong><\/h2>\n\n\n\n<ul class=\"wp-block-list\">\n<li>Solo podr\u00e1n acceder al sitio los usuarios que tengan al menos 18 a\u00f1os de edad <\/li>\n\n\n\n<li>El usuario tendr\u00e1 que cumplir con un requisito de apuesta de 50 veces el valor del bono que haya recibido <\/li>\n\n\n\n<li>Cada usuario participante tendr\u00e1 un plazo de 3 d\u00edas en total para cumplir el rollover mencionado arriba<\/li>\n\n\n\n<li>El usuario solo podr\u00e1 retirar sus ganancias una vez cumplido el rollover, y estas ganancias se limitar\u00e1n a 10 veces el valor del bono<\/li>\n\n\n\n<li>El jugador que quiera recibir el bono tendr\u00e1 que hacer un dep\u00f3sito m\u00ednimo de 10.000 CLP <\/li>\n\n\n\n<li>Los Giros Gratis tambi\u00e9n tendr\u00e1n un rollover x50 <\/li>\n\n\n\n<li>50 Giros Gratis se acreditar\u00e1n al momento del dep\u00f3sito, mientras que los 50 restantes se acreditar\u00e1n en partes iguales durante los siguientes 5 d\u00edas <\/li>\n\n\n\n<li>Los Giros Gratis son exclusivos para la tragamonedas Book of Vikings <\/li>\n\n\n\n<li>Los usuarios tendr\u00e1n acceso al bono de bienvenida por \u00fanica vez con su primer dep\u00f3sito <\/li>\n\n\n\n<li>El usuario tendr\u00e1 24 hs como m\u00e1ximo para jugar los Giros Gratis desde obtenidos <\/li>\n\n\n\n<li>Se aplican todos los T\u00e9rminos y Condiciones de <a href=\"https:\/\/recor.to\/ultracasino\" target=\"_blank\" rel=\"noreferrer noopener nofollow sponsored\">Ultracasino.cl <\/a><\/li>\n<\/ul>\n\n\n\n<h2 class=\"wp-block-heading\">Otra oferta imperdible: \u00a1Giros Gratis todas las semanas! <\/h2>\n\n\n\n<p>Por \u00faltimo, y con esto cerramos, no pod\u00edamos irnos sin contarte sobre otro bono para el Casino disponible en Ultracasino. Y con esto, ilustrar lo que ya te ven\u00edamos anunciando: que este sitio est\u00e1 repleto de ofertas especiales y beneficios para alegrar tus d\u00edas y darte m\u00e1s y m\u00e1s ventaja.<strong> Y es el turno de la oferta de Jugadas Gratuitas, disponible todos los fines de semana. \u00bfQuieres saber de que se trata? Te contamos un poco m\u00e1s sobre esta oferta que, como siempre, aplica solo a los usuarios registrados. <\/strong>Pero, en este caso, no depende de tu primer dep\u00f3sito!<\/p>\n\n\n\n<p>En<strong> este caso, por hacer cualquier dep\u00f3sito durante la semana, de lunes a viernes, vas a recibir un total de 100 Giros Gratis por el fin de semana! <\/strong>Actualmente, los mismos son exclusivos para el juego Power of Thor Megaways, pero el juego seleccionado ir\u00e1 variando a lo largo del tiempo, por lo que es tu responsabilidad mantenerte al tanto. <a href=\"https:\/\/supercuotas.gratis\/cl\/ultracasino\/\" target=\"_blank\" rel=\"noreferrer noopener\">No olvides conocer m\u00e1s sobre los t\u00e9rminos y condiciones en Ultracasino! <\/a>\u00bfTe lo vas a perder?<\/p>\n\n\n\n<figure class=\"wp-block-image size-large\"><a href=\"https:\/\/recor.to\/ultracasino\" target=\"_blank\" rel=\"noreferrer noopener nofollow sponsored\"><img decoding=\"async\" width=\"1024\" height=\"442\" src=\"https:\/\/supercuotas.gratis\/wp-content\/uploads\/2023\/05\/ultracasino-oferta-bienvenida-1024x442.jpg\" alt=\"ultracasino oferta bienvenida\" class=\"wp-image-28455\" srcset=\"https:\/\/supercuotas.gratis\/wp-content\/uploads\/2023\/05\/ultracasino-oferta-bienvenida-1024x442.jpg 1024w, https:\/\/supercuotas.gratis\/wp-content\/uploads\/2023\/05\/ultracasino-oferta-bienvenida-300x130.jpg 300w, https:\/\/supercuotas.gratis\/wp-content\/uploads\/2023\/05\/ultracasino-oferta-bienvenida-768x332.jpg 768w, https:\/\/supercuotas.gratis\/wp-content\/uploads\/2023\/05\/ultracasino-oferta-bienvenida.jpg 1200w\" sizes=\"(max-width: 1024px) 100vw, 1024px\" \/><\/a><\/figure>\n\n\n<p>[ratings]<\/p>\n\n\n\n<h2 class=\"wp-block-heading\">Preguntas frecuentes sobre Ultracasino Chile<\/h2>\n\n\n\n<div class=\"wp-block-rank-math-faq-block\"><div class=\"rank-math-faq-item\"><h3 class=\"rank-math-question\">\u00bfQu\u00e9 es Ultracasino Chile?<\/h3><div class=\"rank-math-answer\">Ultracasino es un servicio de apuestas en juegos de casino de manera online.<\/div><\/div><div class=\"rank-math-faq-item\"><h3 class=\"rank-math-question\">\u00bfC\u00f3mo puedo jugar en Ultracasino?<\/h3><div class=\"rank-math-answer\">Lo \u00fanico que necesitas es ingresar en el sitio desde tu navegador, y registrarse. <\/div><\/div><div class=\"rank-math-faq-item\"><h3 class=\"rank-math-question\">\u00bfCu\u00e1nto tengo que pagar por registrarme en Ultracasino?<\/h3><div class=\"rank-math-answer\">Nada! El registro es completamente gratuito. <\/div><\/div><div class=\"rank-math-faq-item\"><h3 class=\"rank-math-question\">\u00bfTengo que ser mayor de edad en Ultracasino?<\/h3><div class=\"rank-math-answer\">S\u00ed, es obligatorio ser mayor de edad. <\/div><\/div><div class=\"rank-math-faq-item\"><h3 class=\"rank-math-question\">\u00bfEs confiable el sitio de Ultracasino?<\/h3><div class=\"rank-math-answer\">S\u00ed, Ultracasino es un sitio confiable y con estrictas medidas de seguridad. <\/div><\/div><div class=\"rank-math-faq-item\"><h3 class=\"rank-math-question\">\u00bfPuedo jugar en Ultracasino desde el m\u00f3vil?<\/h3><div class=\"rank-math-answer\">S\u00ed, al sitio puedes ingresar desde cualquier dispositivo y se adaptar\u00e1. <\/div><\/div><div class=\"rank-math-faq-item\"><h3 class=\"rank-math-question\">\u00bfQu\u00e9 hago si tengo alg\u00fan problema en Ultracasino?<\/h3><div class=\"rank-math-answer\">Puedes comunicarte en el momento con su servicio de atenci\u00f3n al cliente, a trav\u00e9s del chat en vivo. <\/div><\/div><\/div>\n","protected":false},"excerpt":{"rendered":"<p>Hoy vamos a estar hablando de una de las mejores promociones disponibles en un sitio como este! Porque te vamos a contar todo lo que tienes que saber sobre Ultracasino, y su ultra Bono de Bienvenida para el Casino. As\u00ed que, sin muchas vueltas, te contamos las mejores cualidades de este sitio y por qu\u00e9 &#8230; <a title=\"ULTRACASINO Bono Casino \u00bb \u00a1$100 MIL de Bienvenida!\" class=\"read-more\" href=\"https:\/\/supercuotas.gratis\/cl\/ultracasino-bono-casino-codigos-promocionales-chile\/\" aria-label=\"Leer m\u00e1s sobre ULTRACASINO Bono Casino \u00bb \u00a1$100 MIL de Bienvenida!\">Read more<\/a><\/p>\n","protected":false},"author":75,"featured_media":0,"parent":0,"menu_order":0,"comment_status":"closed","ping_status":"closed","template":"","meta":{"_uag_custom_page_level_css":"","generate_page_header":"","footnotes":""},"class_list":["post-28357","page","type-page","status-publish"],"uagb_featured_image_src":{"full":false,"thumbnail":false,"medium":false,"medium_large":false,"large":false,"1536x1536":false,"2048x2048":false},"uagb_author_info":{"display_name":"Rocio","author_link":"https:\/\/supercuotas.gratis\/cl\/author\/rocio\/"},"uagb_comment_info":0,"uagb_excerpt":"Hoy vamos a estar hablando de una de las mejores promociones disponibles en un sitio como este! Porque te vamos a contar todo lo que tienes que saber sobre Ultracasino, y su ultra Bono de Bienvenida para el Casino. As\u00ed que, sin muchas vueltas, te contamos las mejores cualidades de este sitio y por qu\u00e9&hellip;","_links":{"self":[{"href":"https:\/\/supercuotas.gratis\/cl\/wp-json\/wp\/v2\/pages\/28357","targetHints":{"allow":["GET"]}}],"collection":[{"href":"https:\/\/supercuotas.gratis\/cl\/wp-json\/wp\/v2\/pages"}],"about":[{"href":"https:\/\/supercuotas.gratis\/cl\/wp-json\/wp\/v2\/types\/page"}],"author":[{"embeddable":true,"href":"https:\/\/supercuotas.gratis\/cl\/wp-json\/wp\/v2\/users\/75"}],"replies":[{"embeddable":true,"href":"https:\/\/supercuotas.gratis\/cl\/wp-json\/wp\/v2\/comments?post=28357"}],"version-history":[{"count":12,"href":"https:\/\/supercuotas.gratis\/cl\/wp-json\/wp\/v2\/pages\/28357\/revisions"}],"predecessor-version":[{"id":28622,"href":"https:\/\/supercuotas.gratis\/cl\/wp-json\/wp\/v2\/pages\/28357\/revisions\/28622"}],"wp:attachment":[{"href":"https:\/\/supercuotas.gratis\/cl\/wp-json\/wp\/v2\/media?parent=28357"}],"curies":[{"name":"wp","href":"https:\/\/api.w.org\/{rel}","templated":true}]}}