{"id":28346,"date":"2023-05-31T19:00:49","date_gmt":"2023-05-31T17:00:49","guid":{"rendered":"https:\/\/supercuotas.gratis\/?page_id=28346"},"modified":"2023-05-31T19:01:39","modified_gmt":"2023-05-31T17:01:39","slug":"ultracasino","status":"publish","type":"page","link":"https:\/\/supercuotas.gratis\/cl\/ultracasino\/","title":{"rendered":"ULTRACASINO | Bonos + Rese\u00f1a COMPLETA 2023"},"content":{"rendered":"\n<p>\u00a1Qu\u00e9 placer encontrarnos nuevamente en otro art\u00edculo de <strong>SuperCuotas.gratis<\/strong>! Prep\u00e1rate para recibir noticias agradables y disfrutar de tu pasatiempo favorito: jugar en el mejor Casino Online de todo el pa\u00eds de Chile. \u00bfSorprendido por tama\u00f1a afirmaci\u00f3n? <strong>Pues al descubrir UltraCasino estar\u00e1s en el para\u00edso.<\/strong> Un sitio de calidad, s\u00faper divertido y con Promociones alucinantes para activar. <strong><a href=\"https:\/\/recor.to\/ultracasino\" target=\"_blank\" rel=\"noreferrer noopener nofollow sponsored\">\u00a1Reg\u00edstrate de inmediato en UltraCasino desde Chile!<\/a><\/strong><\/p>\n\n\n\n<figure class=\"wp-block-image size-large\"><a href=\"https:\/\/recor.to\/ultracasino\" target=\"_blank\" rel=\"noreferrer noopener nofollow sponsored\"><img fetchpriority=\"high\" decoding=\"async\" width=\"1024\" height=\"302\" src=\"https:\/\/supercuotas.gratis\/wp-content\/uploads\/2023\/05\/ultracasino-1024x302.webp\" alt=\"ultracasino\" class=\"wp-image-28347\" srcset=\"https:\/\/supercuotas.gratis\/wp-content\/uploads\/2023\/05\/ultracasino-1024x302.webp 1024w, https:\/\/supercuotas.gratis\/wp-content\/uploads\/2023\/05\/ultracasino-300x88.webp 300w, https:\/\/supercuotas.gratis\/wp-content\/uploads\/2023\/05\/ultracasino-768x226.webp 768w, https:\/\/supercuotas.gratis\/wp-content\/uploads\/2023\/05\/ultracasino-1536x453.webp 1536w, https:\/\/supercuotas.gratis\/wp-content\/uploads\/2023\/05\/ultracasino.webp 1575w\" sizes=\"(max-width: 1024px) 100vw, 1024px\" \/><\/a><\/figure>\n\n\n\n<p>Encontrar tu Casino en l\u00ednea favorito no es poca cosa realmente  y te permitir\u00e1 asegurar largas horas de diversi\u00f3n, emociones incre\u00edbles y, por qu\u00e9 no, premios de dinero en efectivo al demostrar tu talento innato. Es en este contexto que surge un nombre que sobresale frente a la competencia en Chile: <strong>UltraCasino<\/strong>.<\/p>\n\n\n\n<p>El sitio que ofrece una experiencia <strong>Ultra<\/strong> a trav\u00e9s de los mejores y m\u00e1s originales Juegos de Casino Online. Ll\u00e9nate de energ\u00eda, divi\u00e9rtete como nunca antes y gana m\u00e1s. Es por ello que desde <strong>SuperCuotas.gratis<\/strong> planteamos en esta nota escribir una rese\u00f1a completa y con lujo de detalle sobre la plataforma. Todas las ventajas que otorga para los jugadores as\u00ed como las principales caracter\u00edsticas. <\/p>\n\n\n\n<p>Por supuesto, <strong>tambi\u00e9n dedicaremos el tiempo a mencionar los Bonos y las Promociones m\u00e1s interesantes para activar en la p\u00e1gina. <\/strong>Tu camino dentro del mejor Casino en l\u00ednea de Chile estar\u00e1 repleto de beneficios para hacer mucho m\u00e1s rentable tu juego. Bonos de Bienvenida, Promociones en tus dep\u00f3sitos, Cashback en tus jugadas y mucho pero mucho m\u00e1s. <\/p>\n\n\n\n<p>Sin m\u00e1s introducci\u00f3n, te recomendamos que <strong><a href=\"https:\/\/recor.to\/ultracasino\" target=\"_blank\" rel=\"noreferrer noopener nofollow sponsored\">abras tu cuenta ya mismo en UltraCasino desde Chile<\/a><\/strong> y des rienda suelta a la alegr\u00eda de hallar tu plataforma de Juegos de Casino y Juegos de Azar en l\u00ednea favorita. A la postre, te lamentar\u00e1s cada segundo que has desperdiciado sin ser parte del maravilloso mundo <strong>Ultra<\/strong>. \u00a1Recarga al 100% tus bater\u00edas y utiliza toda la energ\u00eda posible para ganar!<\/p>\n\n\n\n<h2 class=\"wp-block-heading\"><strong>\u00bfQui\u00e9n es UltraCasino? Informaci\u00f3n primordial sobre el Casino en auge del mercado en Chile<\/strong><\/h2>\n\n\n\n<p>Para dar inicio a esta rese\u00f1a de UltraCasino partiremos por los aspectos tal vez m\u00e1s de rigor y generales del Casino. En el punto m\u00e1s elemental y dirigido a las personas que no han o\u00eddo nombrar siquiera a la marca, <strong><a href=\"https:\/\/recor.to\/ultracasino\" target=\"_blank\" rel=\"noreferrer noopener nofollow sponsored\">UltraCasino es un sitio en l\u00ednea dedicado a los Juegos de Casino por completo.<\/a><\/strong><\/p>\n\n\n\n<p>Pero antes, con las debidas disculpas, te queremos extender una invitaci\u00f3n especial. Si eres un aficionado a las Apuestas Deportivas y a los Juegos de Casino Online, pues no puedes dejar de <a href=\"https:\/\/supercuotas.gratis\/cl\/\" target=\"_blank\" rel=\"noreferrer noopener\">visitar y leer nuestra p\u00e1gina SuperCuotas.gratis<\/a>. Todas las noticias y las novedades m\u00e1s resonantes de la industria en el pa\u00eds de Chile.<\/p>\n\n\n\n<p><strong>Regresando a UltraCasino, lo primero que destaca es la est\u00e9tica y lo divertido del dise\u00f1o de la p\u00e1gina web.<\/strong> Y no solo es una p\u00e1gina encantadora por su belleza y por lo entretenido de su estilo sino que es una plataforma s\u00faper accesible de navegar. As\u00ed, hasta las personas menos h\u00e1biles con las nuevas tecnolog\u00edas podr\u00e1n jugar de forma sencilla y sin problemas. <\/p>\n\n\n\n<p>Una caracter\u00edstica que no queremos obviar es la transparencia y lo seguro de jugar en el mejor Casino Online de Chile. <strong><a href=\"https:\/\/recor.to\/ultracasino\" target=\"_blank\" rel=\"noreferrer noopener nofollow sponsored\">El sitio web de UltraCasino<\/a><\/strong> es administrado en el plano internacional por la empresa <strong>BP Group LTD<\/strong>. Dicha compa\u00f1\u00eda est\u00e1 registrada comercialmente y asentada en el pa\u00eds de Malta, y opera en el rubro con la licencia de juego expedida por el mencionado gobierno. <\/p>\n\n\n\n<p>\u00a1Para jugar con energ\u00eda y que tus bater\u00edas nunca se agoten, <strong>la \u00fanica respuesta es UltraCasino<\/strong>! Pru\u00e9balo con tus propios ojos y confirma por ti mismo que es la p\u00e1gina ideal para usted. Grandes dosis de adrenalina, recompensas incre\u00edbles de dinero en efectivo y diversi\u00f3n absoluta.<\/p>\n\n\n\n<h3 class=\"wp-block-heading has-text-align-center\"><strong>\u00bfQuieres conocer las bondades del mejor Casino Online de Chile?<\/strong><\/h3>\n\n\n\n<p>El modo Ultra es tentador y seguramente ya est\u00e1s ansioso por cargar tu barra de energ\u00eda y mostrarle a todos que eres un jugador fascinante de Casino. A continuaci\u00f3n, un listado con las virtudes m\u00e1s relevantes de la grandiosa plataforma. <\/p>\n\n\n\n<ul class=\"wp-block-list\">\n<li><strong><a href=\"https:\/\/recor.to\/ultracasino\" target=\"_blank\" rel=\"noreferrer noopener nofollow sponsored\">El sitio web de UltraCasino<\/a><\/strong> dispone de una incre\u00edble, variada y nutrida colecci\u00f3n de Juegos de Casino. M\u00e1quinas Tragamonedas, Live Casino, Jackpots y todos tus juegos favoritos.<\/li>\n\n\n\n<li>Una de las p\u00e1ginas de Juegos de Casino Online con m\u00e1s usuarios activos a diario en el pa\u00eds de Chile.<\/li>\n\n\n\n<li>Los mejores proveedor de software gaming de la industria internacional. Si est\u00e1 en UltraCasino es un juego de comprobada calidad y transparente al m\u00e1ximo.<\/li>\n\n\n\n<li><strong>M\u00e9todos de pago r\u00e1pidos, pr\u00e1cticos y seguros.<\/strong><\/li>\n\n\n\n<li>Bonos y Promociones que otorgan beneficios asombrosos. Recompensas de dinero en efectivo que no podr\u00e1s siquiera creer.<\/li>\n\n\n\n<li>Est\u00e1ndares extremos de protecci\u00f3n de datos personales y financieros. <\/li>\n\n\n\n<li>Innovaci\u00f3n constante en el sitio.<\/li>\n\n\n\n<li>Licencia de juego actualizada, expedida por el gobierno de Malta y con vigencia en el plano internacional.<\/li>\n\n\n\n<li><strong>Asistencia al cliente disponible las 24 horas del d\u00eda con soporte de chat en vivo.<\/strong><\/li>\n<\/ul>\n\n\n\n<figure class=\"wp-block-image size-large\"><a href=\"https:\/\/recor.to\/ultracasino\" target=\"_blank\" rel=\"noreferrer noopener nofollow sponsored\"><img decoding=\"async\" width=\"1024\" height=\"367\" src=\"https:\/\/supercuotas.gratis\/wp-content\/uploads\/2023\/05\/ultracasino-chile-1-1024x367.webp\" alt=\"ultracasino chile\" class=\"wp-image-28422\" srcset=\"https:\/\/supercuotas.gratis\/wp-content\/uploads\/2023\/05\/ultracasino-chile-1-1024x367.webp 1024w, https:\/\/supercuotas.gratis\/wp-content\/uploads\/2023\/05\/ultracasino-chile-1-300x107.webp 300w, https:\/\/supercuotas.gratis\/wp-content\/uploads\/2023\/05\/ultracasino-chile-1-768x275.webp 768w, https:\/\/supercuotas.gratis\/wp-content\/uploads\/2023\/05\/ultracasino-chile-1-1536x550.webp 1536w, https:\/\/supercuotas.gratis\/wp-content\/uploads\/2023\/05\/ultracasino-chile-1.webp 1549w\" sizes=\"(max-width: 1024px) 100vw, 1024px\" \/><\/a><\/figure>\n\n\n\n<h2 class=\"wp-block-heading\"><strong>Resumen por todas las Promociones que ofrece UltraCasino<\/strong><\/h2>\n\n\n\n<p>No es exageraci\u00f3n ni un truco cuando afirmamos que en <strong><a href=\"https:\/\/recor.to\/ultracasino\" target=\"_blank\" rel=\"noreferrer noopener nofollow sponsored\">el Casino de UltraCasino<\/a><\/strong> los beneficios te permitir\u00e1n elevar tu juego a un nivel que jam\u00e1s pensaste alcanzar. M\u00faltiples bonificaciones para que tus estrategias cobren a\u00fan mayor relevancia y para experimentar jugadas osadas. <\/p>\n\n\n\n<p>Y es una herramienta, la de Bonos y Promociones, que los clientes valoran mucho en su experiencia. De hecho, a opini\u00f3n subjetiva de <strong>SuperCuotas.gratis<\/strong>, no hay sensaci\u00f3n que se le compare a la de apostar y jugar en tus juegos favoritos con dinero de bonificaci\u00f3n. <\/p>\n\n\n\n<p>Uno de los Bonos m\u00e1s destacados en UltraCasino es la posibilidad de obtener 100 Giros Gratis todos los Fines de Semana. La Oferta bajo el nombre de &#8220;<strong>Fin de Semana de Giros Gratis<\/strong>&#8221; propone un beneficio de 100 Giros Gratis para aquellos jugadores que depositen, por lo menos, $90.000 CLP a lo largo de la semana. Realiza tus dep\u00f3sitos entre los d\u00edas lunes y viernes, y recibe 100 Jugadas Gratuitas para el Slot &#8220;<strong>Power of Thor Megaways<\/strong>&#8221; durante el fin de semana.<\/p>\n\n\n\n<p>Otra oportunidad imperdible en el sitio de UltraCasino es &#8220;<strong>\u00a1La Alfombra Roja!<\/strong>&#8220;. \u00bfDe qu\u00e9 va? Es la presentaci\u00f3n de nuevos lanzamientos en el sitio, con juegos revolucionarios de lo \u00faltimo del mercado de los Juegos de Casino en l\u00ednea. <strong>UltraCasino propone beneficios especiales para disfrutar de los lanzamientos<\/strong> y explorar sin temor ni riesgo alguno los innovadores juegos de la plataforma. \u00a1Tres juegos nuevos cada dos semanas para potenciar tu diversi\u00f3n!<\/p>\n\n\n\n<p><em>Tambi\u00e9n puede resultar de tu inter\u00e9s: <a href=\"https:\/\/supercuotas.gratis\/cl\/ultracasino-bono-casino-codigos-promocionales-chile\/\" target=\"_blank\" rel=\"noreferrer noopener\">\u00a1Todos los C\u00f3digos Promocionales para utilizar en UltraCasino Chile!<\/a><\/em><\/p>\n\n\n\n<h3 class=\"wp-block-heading has-text-align-center\"><strong>El Bono Bienvenida: \u00a1Un recibimiento con alfombra roja para ti!<\/strong><\/h3>\n\n\n\n<p>En la secci\u00f3n anterior brindamos un repaso por los principales beneficios de UltraCasino pero sin mencionar el Bono de Bienvenida. \u00bfPor qu\u00e9? Pues porque es una Promoci\u00f3n tan rentable para usted que merec\u00eda una secci\u00f3n exclusiva. <\/p>\n\n\n\n<p>Al <strong><a href=\"https:\/\/recor.to\/ultracasino\" target=\"_blank\" rel=\"noreferrer noopener nofollow sponsored\">registrar tu cuenta por primera vez en UltraCasino desde Chile<\/a><\/strong> estar\u00e1s en condiciones de adquirir la bonificaci\u00f3n de Bienvenida. La Promoci\u00f3n funciona bajo la siguiente modalidad: <\/p>\n\n\n\n<ol class=\"wp-block-list\">\n<li>Ingresar a UltraCasino y registrar tu cuenta.<\/li>\n\n\n\n<li>Introducir el C\u00f3digo Promocional &#8220;<strong>ULTRA<\/strong>&#8220;.<\/li>\n\n\n\n<li>Completar con \u00e9xito tu primer dep\u00f3sito en el sitio.<\/li>\n\n\n\n<li><strong>\u00a1Listo!<\/strong><\/li>\n<\/ol>\n\n\n\n<p><strong>As\u00ed de sencillo y r\u00e1pido es activar tanto como obtener el Bono de Bienvenida a UltraCasino, destinado \u00fanicamente a nuevos miembros.<\/strong> Ahora bien, \u00bfQu\u00e9 beneficios otorga? Prep\u00e1rate para comenzar de una manera grata y magn\u00edfica porque la Oferta de Bienvenida propone el 100% de bonus extra respecto al dep\u00f3sito inicial. <strong>El tope m\u00e1ximo de Bono a recibir es de $100.000 CLP. <\/strong>Adem\u00e1s, tambi\u00e9n se te acreditar\u00e1n en tu cuenta 100 Jugadas Gratuitas para disfrutar de los Slots en la plataforma. <\/p>\n\n\n\n<figure class=\"wp-block-image size-large\"><a href=\"https:\/\/recor.to\/ultracasino\" target=\"_blank\" rel=\"noreferrer noopener nofollow sponsored\"><img decoding=\"async\" width=\"1024\" height=\"462\" src=\"https:\/\/supercuotas.gratis\/wp-content\/uploads\/2023\/05\/ultracasino-bonos-ofertas-1-1024x462.webp\" alt=\"ultracasino bonos ofertas\" class=\"wp-image-28413\" srcset=\"https:\/\/supercuotas.gratis\/wp-content\/uploads\/2023\/05\/ultracasino-bonos-ofertas-1-1024x462.webp 1024w, https:\/\/supercuotas.gratis\/wp-content\/uploads\/2023\/05\/ultracasino-bonos-ofertas-1-300x135.webp 300w, https:\/\/supercuotas.gratis\/wp-content\/uploads\/2023\/05\/ultracasino-bonos-ofertas-1-768x346.webp 768w, https:\/\/supercuotas.gratis\/wp-content\/uploads\/2023\/05\/ultracasino-bonos-ofertas-1.webp 1457w\" sizes=\"(max-width: 1024px) 100vw, 1024px\" \/><\/a><\/figure>\n\n\n\n<h2 class=\"wp-block-heading\"><strong>Preguntas Frecuentes sobre el Casino y los Bonos de UltraCasino en Chile <\/strong><\/h2>\n\n\n\n<div class=\"wp-block-rank-math-faq-block\"><div class=\"rank-math-faq-item\"><h3 class=\"rank-math-question\">\u00bfQu\u00e9 es UltraCasino en Chile?<\/h3><div class=\"rank-math-answer\">El sitio de UltraCasino es una plataforma Online de Juegos de Casino y Juegos de Azar. Sin\u00f3nimo de diversi\u00f3n, calidad y compromiso para con los clientes.<\/div><\/div><div class=\"rank-math-faq-item\"><h3 class=\"rank-math-question\">\u00bfDe qu\u00e9 se trata el Bono Bienvenida a UltraCasino?<\/h3><div class=\"rank-math-answer\">La Oferta de Bienvenida es una bonificaci\u00f3n especial para los nuevos miembros que registran su cuenta desde Chile por primera vez.<\/div><\/div><div class=\"rank-math-faq-item\"><h3 class=\"rank-math-question\">\u00bfCu\u00e1les son los beneficios que propone la Oferta de Bienvenida?<\/h3><div class=\"rank-math-answer\">Los beneficios de la Oferta de Bienvenida te tentar\u00e1n a unirte ya mismo a UltraCasino. Obt\u00e9n el 100% de bonus extra respecto a tu primer pago, hasta $100.000 CLP. Tambi\u00e9n, 100 Giros Gratis para las M\u00e1quinas Tragamonedas.<\/div><\/div><div class=\"rank-math-faq-item\"><h3 class=\"rank-math-question\">\u00bfExisten otros Bonos o Promociones para activar en UltraCasino?<\/h3><div class=\"rank-math-answer\">Si, obvio que si. La p\u00e1gina propone una selecci\u00f3n de aproximadamente una decena de beneficios distintos para reclamar y disfrutar.<\/div><\/div><div class=\"rank-math-faq-item\"><h3 class=\"rank-math-question\">\u00bfEn qu\u00e9 consiste el &#8220;Fin de Semana de Giros Gratis&#8221;?<\/h3><div class=\"rank-math-answer\">El &#8220;<strong>Fin de Semana de Giros Gratis<\/strong>&#8221; es un Bono exclusivo para los usuarios que depositen, de lunes a viernes, por lo menos $90.000 CLP en UltraCasino. \u00a1Obt\u00e9n 100 Giros Gratis para el fin de semana!<\/div><\/div><div class=\"rank-math-faq-item\"><h3 class=\"rank-math-question\">\u00bfC\u00f3mo es el procedimiento para abrir tu cuenta en UltraCasino desde Chile?<\/h3><div class=\"rank-math-answer\">Pues muy sencillo. Entra a la p\u00e1gina web oficial, completa el formulario de inscripci\u00f3n y confirma la operaci\u00f3n mediante correo electr\u00f3nico o tel\u00e9fono celular. <\/div><\/div><div class=\"rank-math-faq-item\"><h3 class=\"rank-math-question\">\u00bfCu\u00e1les son los requisitos para estar en condiciones de jugar en UltraCasino?<\/h3><div class=\"rank-math-answer\">Simplemente deber\u00e1s ser mayor de 18 a\u00f1os de edad y residente del pa\u00eds de Chile. Para apostar por dinero real, es obligatorio disponer de una cuenta a tu nombre en el sitio.<\/div><\/div><\/div>\n","protected":false},"excerpt":{"rendered":"<p>\u00a1Qu\u00e9 placer encontrarnos nuevamente en otro art\u00edculo de SuperCuotas.gratis! Prep\u00e1rate para recibir noticias agradables y disfrutar de tu pasatiempo favorito: jugar en el mejor Casino Online de todo el pa\u00eds de Chile. \u00bfSorprendido por tama\u00f1a afirmaci\u00f3n? Pues al descubrir UltraCasino estar\u00e1s en el para\u00edso. Un sitio de calidad, s\u00faper divertido y con Promociones alucinantes para &#8230; <a title=\"ULTRACASINO | Bonos + Rese\u00f1a COMPLETA 2023\" class=\"read-more\" href=\"https:\/\/supercuotas.gratis\/cl\/ultracasino\/\" aria-label=\"Leer m\u00e1s sobre ULTRACASINO | Bonos + Rese\u00f1a COMPLETA 2023\">Read more<\/a><\/p>\n","protected":false},"author":79,"featured_media":0,"parent":0,"menu_order":0,"comment_status":"closed","ping_status":"closed","template":"","meta":{"_uag_custom_page_level_css":"","generate_page_header":"","footnotes":""},"class_list":["post-28346","page","type-page","status-publish"],"uagb_featured_image_src":{"full":false,"thumbnail":false,"medium":false,"medium_large":false,"large":false,"1536x1536":false,"2048x2048":false},"uagb_author_info":{"display_name":"Jeronimo","author_link":"https:\/\/supercuotas.gratis\/cl\/author\/jeronimo\/"},"uagb_comment_info":0,"uagb_excerpt":"\u00a1Qu\u00e9 placer encontrarnos nuevamente en otro art\u00edculo de SuperCuotas.gratis! Prep\u00e1rate para recibir noticias agradables y disfrutar de tu pasatiempo favorito: jugar en el mejor Casino Online de todo el pa\u00eds de Chile. \u00bfSorprendido por tama\u00f1a afirmaci\u00f3n? Pues al descubrir UltraCasino estar\u00e1s en el para\u00edso. Un sitio de calidad, s\u00faper divertido y con Promociones alucinantes para&hellip;","_links":{"self":[{"href":"https:\/\/supercuotas.gratis\/cl\/wp-json\/wp\/v2\/pages\/28346","targetHints":{"allow":["GET"]}}],"collection":[{"href":"https:\/\/supercuotas.gratis\/cl\/wp-json\/wp\/v2\/pages"}],"about":[{"href":"https:\/\/supercuotas.gratis\/cl\/wp-json\/wp\/v2\/types\/page"}],"author":[{"embeddable":true,"href":"https:\/\/supercuotas.gratis\/cl\/wp-json\/wp\/v2\/users\/79"}],"replies":[{"embeddable":true,"href":"https:\/\/supercuotas.gratis\/cl\/wp-json\/wp\/v2\/comments?post=28346"}],"version-history":[{"count":4,"href":"https:\/\/supercuotas.gratis\/cl\/wp-json\/wp\/v2\/pages\/28346\/revisions"}],"predecessor-version":[{"id":28470,"href":"https:\/\/supercuotas.gratis\/cl\/wp-json\/wp\/v2\/pages\/28346\/revisions\/28470"}],"wp:attachment":[{"href":"https:\/\/supercuotas.gratis\/cl\/wp-json\/wp\/v2\/media?parent=28346"}],"curies":[{"name":"wp","href":"https:\/\/api.w.org\/{rel}","templated":true}]}}