{"id":28211,"date":"2023-05-24T21:37:21","date_gmt":"2023-05-24T19:37:21","guid":{"rendered":"https:\/\/supercuotas.gratis\/?page_id=28211"},"modified":"2023-06-06T04:03:31","modified_gmt":"2023-06-06T02:03:31","slug":"winchile-bono-apuestas-deportivas-chile-codigos-promocionales","status":"publish","type":"page","link":"https:\/\/supercuotas.gratis\/cl\/winchile-bono-apuestas-deportivas-chile-codigos-promocionales\/","title":{"rendered":"WINCHILE Apuestas Deportivas \u00bb Cartilla GANAGOOL"},"content":{"rendered":"\n<p>Atenci\u00f3n a los fan\u00e1ticos de las Apuestas Deportivas porque ser\u00e1 la ocasi\u00f3n de poner a prueba su talento y luchar por conseguir premios incre\u00edbles. <strong>Y es que la incre\u00edble Cartilla Ganagool de Winchile propone diversi\u00f3n, emoci\u00f3n y recompensas asombrosas. <\/strong>Winchile, una de las mejores plataformas Online, trae un Bono para las Apuestas Deportivas irresistible. No lo dudes m\u00e1s: <strong><a href=\"https:\/\/recor.to\/winchile\" target=\"_blank\" rel=\"noreferrer noopener nofollow sponsored\">reg\u00edstrate ya mismo en Winchile desde Chile.<\/a><\/strong><\/p>\n\n\n\n<figure class=\"wp-block-image size-large is-resized\"><a href=\"https:\/\/recor.to\/winchile\" target=\"_blank\" rel=\"noreferrer noopener nofollow sponsored\"><img fetchpriority=\"high\" decoding=\"async\" src=\"https:\/\/supercuotas.gratis\/wp-content\/uploads\/2023\/05\/winchine-bono-apuestas-deportivas-1024x1024.webp\" alt=\"winchile bono apuestas deportivas\" class=\"wp-image-28212\" width=\"579\" height=\"579\" srcset=\"https:\/\/supercuotas.gratis\/wp-content\/uploads\/2023\/05\/winchine-bono-apuestas-deportivas-1024x1024.webp 1024w, https:\/\/supercuotas.gratis\/wp-content\/uploads\/2023\/05\/winchine-bono-apuestas-deportivas-300x300.webp 300w, https:\/\/supercuotas.gratis\/wp-content\/uploads\/2023\/05\/winchine-bono-apuestas-deportivas-150x150.webp 150w, https:\/\/supercuotas.gratis\/wp-content\/uploads\/2023\/05\/winchine-bono-apuestas-deportivas-768x768.webp 768w, https:\/\/supercuotas.gratis\/wp-content\/uploads\/2023\/05\/winchine-bono-apuestas-deportivas.webp 1080w\" sizes=\"(max-width: 579px) 100vw, 579px\" \/><\/a><\/figure>\n\n\n\n<p>Las personas en Chile, o la gran mayor\u00eda de ellas, comparten un amor en com\u00fan: el deporte. Un pa\u00eds sumamente apasionado por las distintas disciplinas con, l\u00f3gicamente, el f\u00fatbol como principal estrella y uno de los fen\u00f3menos populares m\u00e1s relevantes de la Naci\u00f3n. Por ello, no es descabellado pensar que las Apuestas Deportivas son una de las actividades m\u00e1s aclamadas por los chilenos. <strong>\u00a1Y Winchile es el sitio ideal para disfrutar del rubro!<\/strong><\/p>\n\n\n\n<p>En el d\u00eda de la fecha, desde <strong>Supercuotas.gratis<\/strong>, la p\u00e1gina imprescindible para los apasionados de este mundillo tan atrapante como lo es el entretenimiento y las apuestas, nos dedicaremos a comentar <strong>el Bono que otorga la Casa de Winchile para los usuarios a la hora de realizar Apuestas Deportivas. <\/strong>M\u00e1s precisamente, <strong>la fant\u00e1stica y divertida Cartilla Ganagool<\/strong>, una herramienta que te permitir\u00e1 obtener premios de dinero en efectivo asombrosos y agregarle la pizca de adrenalina necesaria a los eventos deportivos.<\/p>\n\n\n\n<p><strong>La Cartilla Ganagool es una Promoci\u00f3n semanal de Winchile con un pozo base a repartir de $500.000 CLP.<\/strong> Demuestra tu conocimiento en los deportes y todo tu talento para predecir con certeza los resultados para obtener recompensas sin igual. Tu cartera lo agradecer\u00e1 con \u00e9nfasis y, adem\u00e1s, todos los eventos deportivos de tu preferencia resultar\u00e1n a\u00fan mucho m\u00e1s emocionantes. <strong>\u00a1Es un verdadero Win Win!<\/strong> Por lo tanto, corre a <strong><a href=\"https:\/\/recor.to\/winchile\" target=\"_blank\" rel=\"noreferrer noopener nofollow sponsored\">registrar tu cuenta de inmediato en Winchile de Chile<\/a><\/strong> y a jugar.<\/p>\n\n\n\n<h2 class=\"wp-block-heading\"><strong>La Cartilla Ganagool: \u00a1el Bono para las Apuestas Deportivas en Winchile!<\/strong><\/h2>\n\n\n\n<p>La ocasi\u00f3n de potenciar tus ganancias al m\u00e1ximo en las Apuestas Deportivas dentro de la Casa de Winchile es una realidad con el fabuloso Bono o Promoci\u00f3n &#8220;<strong>Cartilla Ganagool<\/strong>&#8220;. Obviamente, no tienes por qu\u00e9 conocerla de antemano y aqu\u00ed cobra real importancia el presente art\u00edculo de nuestro sitio <strong>Supercuotas.gratis<\/strong>. <strong>\u00a1Todo lo que precisas comprender para aprovechar al l\u00edmite los beneficios de la &#8220;Cartilla Ganagool&#8221;!<\/strong><\/p>\n\n\n\n<p>De a poco iremos mostrando de qu\u00e9 va la &#8220;<strong>Cartilla Ganagool<\/strong>&#8220;, las principales instrucciones a seguir para aprovechar la Promoci\u00f3n, los beneficios y las posibles recompensas. Un oc\u00e9ano de interesantes oportunidades en <strong><a href=\"https:\/\/recor.to\/winchile\" target=\"_blank\" rel=\"noreferrer noopener nofollow sponsored\">la plataforma de Winchile<\/a><\/strong> se abre ante tus ojos.<\/p>\n\n\n\n<p>La &#8220;<strong>Cartilla Ganagool<\/strong>&#8221; es una cartilla gratuita que se le asigna a cada jugador que cumpla con los requisitos de Winchile por semana. La cartilla se compone de 10 eventos deportivos a pronosticar seleccionados por la empresa durante cada per\u00edodo semanal. \u00bfC\u00f3mo obtener premios? Pues <strong>al acertar tu pron\u00f3stico en un m\u00ednimo de 8 de los 10 eventos deportivos ya estar\u00e1s en condiciones de reclamar tu premio<\/strong> y as\u00ed recibir un Bono para las Apuestas Deportivas en Winchile.<\/p>\n\n\n\n<p>Tal y como hemos mencionado en la introducci\u00f3n, <strong>el pozo base a repartir en cada &#8220;Cartilla Ganagool&#8221; semanal es de $500.000 CLP.<\/strong> El premio total se reparte en tres categor\u00edas de la siguiente manera, siempre y cuando exista al menos un usuario que cumpla con los aciertos:<\/p>\n\n\n\n<ul class=\"wp-block-list\">\n<li>Primera Categor\u00eda: los jugadores con 10 aciertos recibir\u00e1n el equivalente al 60% del pozo publicado.<\/li>\n\n\n\n<li>Segunda Categor\u00eda: para los usuarios con 9 aciertos corresponde el equivalente al 30% del pozo publicado.<\/li>\n\n\n\n<li>Tercera Categor\u00eda: por \u00faltimo, los apostadores con 8 aciertos obtendr\u00e1n a modo de premio el equivalente al 10% del pozo publicado.<\/li>\n<\/ul>\n\n\n\n<h3 class=\"wp-block-heading has-text-align-center\"><strong>Instrucciones y consideraciones generales de la &#8220;Cartilla Ganagool&#8221; en Winchile<\/strong><\/h3>\n\n\n\n<p>Entre las instrucciones m\u00e1s relevantes a cumplir al participar de la &#8220;<strong>Cartilla Ganagool<\/strong>&#8221; en Winchile es que es una Promoci\u00f3n v\u00e1lida \u00fanicamente para cuentas activas y que hayan realizado, por lo menos, un dep\u00f3sito de dinero real previamente en los \u00faltimos 30 d\u00edas. Adem\u00e1s, es requisito haber realizado una apuesta de, m\u00ednimo, $5.000 CLP en los 5 d\u00edas anteriores.<\/p>\n\n\n\n<p>La &#8220;<strong>Cartilla Ganagool<\/strong>&#8221; se asignar\u00e1 de forma totalmente gratuita los lunes de todas las semanas en <strong><a href=\"https:\/\/recor.to\/winchile\" target=\"_blank\" rel=\"noreferrer noopener nofollow sponsored\">el sitio de Winchile<\/a><\/strong>. Para acceder a ella deber\u00e1s iniciar sesi\u00f3n en tu cuenta de Winchile y hacer clic en la opci\u00f3n &#8220;<strong>Cartilla Ganagool<\/strong>&#8220;, ubicada en la parte media de la pantalla principal. <\/p>\n\n\n\n<p><strong>Los 10 eventos accesibles en la cartilla tendr\u00e1n 3 opciones para apostar: Local, Empate o Visitante.<\/strong> Los apostadores deber\u00e1n introducir su selecci\u00f3n en cada evento de la cartilla para colocar la apuesta. Los usuarios tendr\u00e1n tiempo de completar la &#8220;<strong>Cartilla Ganagool<\/strong>&#8221; hasta una hora antes de dar inicio el primer evento deportivo de la cartilla. Si existe m\u00e1s de un ganador por categor\u00eda, el pozo se repartir\u00e1 de manera equitativa entre ellos.<\/p>\n\n\n\n<p><em>Otro art\u00edculo de <strong>Supercuotas.gratis<\/strong> imperdible para ti: <a href=\"https:\/\/supercuotas.gratis\/cl\/winchile-bono-casino-chile-codigos-promocionales\/\" target=\"_blank\" rel=\"noreferrer noopener\">Disfruta de todos los C\u00f3digos Promocionales para activar en el Casino en l\u00ednea de Winchile desde Chile.<\/a><\/em><\/p>\n\n\n\n<figure class=\"wp-block-image size-full is-resized\"><a href=\"https:\/\/recor.to\/winchile\" target=\"_blank\" rel=\"noreferrer noopener nofollow sponsored\"><img decoding=\"async\" src=\"https:\/\/supercuotas.gratis\/wp-content\/uploads\/2023\/05\/winchile-bono-deportes.webp\" alt=\"winchile bono deportes\" class=\"wp-image-28222\" width=\"717\" height=\"259\" srcset=\"https:\/\/supercuotas.gratis\/wp-content\/uploads\/2023\/05\/winchile-bono-deportes.webp 554w, https:\/\/supercuotas.gratis\/wp-content\/uploads\/2023\/05\/winchile-bono-deportes-300x108.webp 300w\" sizes=\"(max-width: 717px) 100vw, 717px\" \/><\/a><\/figure>\n\n\n\n<h2 class=\"wp-block-heading\"><strong>Caracter\u00edsticas generales y bondades de Winchile. \u00a1La Casa de Apuestas furor para los chilenos!<\/strong><\/h2>\n\n\n\n<p>\u00bfQu\u00e9 es Winchile? Es una pregunta totalmente v\u00e1lida si no eres un aficionado frecuente en el mundo del entretenimiento Online. <strong><a href=\"https:\/\/recor.to\/winchile\" target=\"_blank\" rel=\"noreferrer noopener nofollow sponsored\">Winchile es un sitio en l\u00ednea dedicado a las Apuestas Deportivas as\u00ed como a los Juegos de Casino.<\/a><\/strong> \u00a1Una de las opciones preferidas por los usuarios de Chile para despuntar el vicio y vivir grandes ratos de diversi\u00f3n!<\/p>\n\n\n\n<p>La calidad de la plataforma se observa tan solo al ingresar por primera vez a la misma. <strong>Una presentaci\u00f3n m\u00e1s que bonita, con un estilo impecable y un dise\u00f1o maravilloso.<\/strong> Asimismo, m\u00e1s all\u00e1 del apartado est\u00e9tico, Winchile es una p\u00e1gina web que funciona con agilidad, velocidad y que es s\u00faper segura para los distintos dispositivos.<\/p>\n\n\n\n<p>Nos referimos a los distintos dispositivos porque Winchile es compatible tanto desde la versi\u00f3n escritorio para computadores como la versi\u00f3n m\u00f3vil para acceder, jugar y apostar desde los dispositivos m\u00f3viles como Tabletas o celulares. <strong>Una ventaja imperdible para los apostadores que podr\u00e1n seguir los eventos deportivos minuto a minuto y controlar sus pron\u00f3sticos en vivo. <\/strong> <\/p>\n\n\n\n<p>Por otro lado, Winchile es un sitio con una seria y firme preocupaci\u00f3n por asegurar a los clientes una experiencia a resguardo y transparente. Por ello, garantiza resultados transparentes tanto en los Juegos de Casino como en las Apuestas Deportivas. Y, por supuesto, <strong>opera con licencia de juego y bajo estricto control de las autoridades pertinentes. <\/strong><\/p>\n\n\n\n<p><em>Inf\u00f3rmate por completo sobre la plataforma furor del momento en el pa\u00eds de Chile al visitar el siguiente art\u00edculo exclusivo de <strong>Supercuotas.gratis<\/strong>: <a href=\"https:\/\/supercuotas.gratis\/cl\/winchile\/\" target=\"_blank\" rel=\"noreferrer noopener\">Rese\u00f1a y an\u00e1lisis en profundidad sobre Winchile.<\/a><\/em><\/p>\n\n\n\n<h3 class=\"wp-block-heading has-text-align-center\"><strong>Otra Oferta imperdible de Winchile: Bono Bienvenida<\/strong><\/h3>\n\n\n\n<p>\u00bfAcaso estabas en la b\u00fasqueda del argumento final que incline la balanza para <strong><a href=\"https:\/\/recor.to\/winchile\" target=\"_blank\" rel=\"noreferrer noopener nofollow sponsored\">unirte de inmediato en Winchile<\/a><\/strong>? El Bono Bienvenida, que no precisa de dep\u00f3sito de dinero previo por parte de los usuarios, es la raz\u00f3n definitiva. <\/p>\n\n\n\n<p>Con el Bono Bienvenida los nuevos miembros que registren por primera vez su cuenta en Winchile obtendr\u00e1n <strong>$10.000 CLP de bonificaci\u00f3n<\/strong> \u00a1De regalo! Porque no es necesario realizar dep\u00f3sito previo de dinero. <strong>Simplemente, crea tu cuenta, activa la misma y disfruta los beneficios. <\/strong><\/p>\n\n\n\n<p>Vale aclarar que el Bono Bienvenida a Winchile no es posible de utilizar en la plataforma de Apuestas Deportivas. Los $10.000 CLP solamente ser\u00e1n v\u00e1lidos para los juegos de Casino seleccionados especialmente por el sitio. <strong>\u00a1Pero no deja de ser una oportunidad fant\u00e1stica para iniciar con el pie derecho y con todo por ganar!<\/strong><\/p>\n\n\n\n<figure class=\"wp-block-image size-large\"><a href=\"https:\/\/recor.to\/winchile\" target=\"_blank\" rel=\"noreferrer noopener nofollow sponsored\"><img decoding=\"async\" width=\"1024\" height=\"253\" src=\"https:\/\/supercuotas.gratis\/wp-content\/uploads\/2023\/05\/winchile-oferta-apuestas-deportivas-1024x253.webp\" alt=\"winchile oferta apuestas deportivas\" class=\"wp-image-28231\" srcset=\"https:\/\/supercuotas.gratis\/wp-content\/uploads\/2023\/05\/winchile-oferta-apuestas-deportivas-1024x253.webp 1024w, https:\/\/supercuotas.gratis\/wp-content\/uploads\/2023\/05\/winchile-oferta-apuestas-deportivas-300x74.webp 300w, https:\/\/supercuotas.gratis\/wp-content\/uploads\/2023\/05\/winchile-oferta-apuestas-deportivas-768x190.webp 768w, https:\/\/supercuotas.gratis\/wp-content\/uploads\/2023\/05\/winchile-oferta-apuestas-deportivas-1536x380.webp 1536w, https:\/\/supercuotas.gratis\/wp-content\/uploads\/2023\/05\/winchile-oferta-apuestas-deportivas.webp 1548w\" sizes=\"(max-width: 1024px) 100vw, 1024px\" \/><\/a><\/figure>\n\n\n\n<h2 class=\"wp-block-heading\"><strong>Preguntas Frecuentes sobre el Bono para Apuestas Deportivas en la plataforma de Winchile<\/strong><\/h2>\n\n\n\n<div class=\"wp-block-rank-math-faq-block\"><div class=\"rank-math-faq-item\"><h3 class=\"rank-math-question\">\u00bfEn qu\u00e9 consiste la Promoci\u00f3n &#8220;Cartilla Ganagool&#8221; en el sitio de Winchile?<\/h3><div class=\"rank-math-answer\">La &#8220;Cartilla Ganagool&#8221; es un Bono semanal disponible en Winchile para colocar tus pron\u00f3sticos y obtener premios incre\u00edbles en las Apuestas Deportivas.<\/div><\/div><div class=\"rank-math-faq-item\"><h3 class=\"rank-math-question\">\u00bfC\u00f3mo es la modalidad de la &#8220;Cartilla Ganagool&#8221;?<\/h3><div class=\"rank-math-answer\">La &#8220;Cartilla Ganagool&#8221; es una cartilla de 10 eventos deportivos que los usuarios deben completar por cada semana. Al acertar un m\u00ednimo de 8 eventos deportivos estar\u00e1s en condiciones de aplicar al pozo estipulado previamente.<\/div><\/div><div class=\"rank-math-faq-item\"><h3 class=\"rank-math-question\">\u00bfC\u00f3mo se asigna la &#8220;Cartilla Ganagool&#8221; en las cuentas de Winchile?<\/h3><div class=\"rank-math-answer\">La &#8220;Cartilla Ganagool&#8221; se asigna de manera autom\u00e1tica y gratuita en todas las cuentas que cumplan con los requisitos pautados. Todos los d\u00edas lunes llegar\u00e1 a tu cuenta la cartilla para completar. <\/div><\/div><div class=\"rank-math-faq-item\"><h3 class=\"rank-math-question\">\u00bfCu\u00e1les son los requisitos para recibir la cartilla semanal en Winchile?<\/h3><div class=\"rank-math-answer\">Los requisitos es mantener una cuenta activa en Winchile, con un dep\u00f3sito en los \u00faltimos 30 d\u00edas y una apuesta de un valor m\u00ednimo de $5.000 CLP en los 5 d\u00edas previos.<\/div><\/div><div class=\"rank-math-faq-item\"><h3 class=\"rank-math-question\">\u00bfQui\u00e9n escoge los eventos deportivos de la cartilla?<\/h3><div class=\"rank-math-answer\">La cartilla es diagramada por la Casa de Winchile y llega a la cuenta de los jugadores ya con los 10 eventos deportivos seleccionados.<\/div><\/div><div class=\"rank-math-faq-item\"><h3 class=\"rank-math-question\">\u00bfCu\u00e1ndo se considera ganador a un usuario en la promoci\u00f3n &#8220;Cartilla Ganagool&#8221;?<\/h3><div class=\"rank-math-answer\">Al acertar 8, 9 o 10 de tus pron\u00f3sticos recibir\u00e1s premios por la cartilla. Depende cu\u00e1ntos aciertos ser\u00e1 la categor\u00eda y el porcentaje de premio a repartir del pozo total.<\/div><\/div><div class=\"rank-math-faq-item\"><h3 class=\"rank-math-question\">\u00bfExisten otros beneficios para reclamar en Winchile?<\/h3><div class=\"rank-math-answer\">Si existen otros beneficios en Winchile pero no v\u00e1lidos para las Apuestas Deportivas. Prueba el Bono de Bienvenida o el Bono de Primeras Cargas para utilizar en el Casino Online de la plataforma.<\/div><\/div><\/div>\n","protected":false},"excerpt":{"rendered":"<p>Atenci\u00f3n a los fan\u00e1ticos de las Apuestas Deportivas porque ser\u00e1 la ocasi\u00f3n de poner a prueba su talento y luchar por conseguir premios incre\u00edbles. Y es que la incre\u00edble Cartilla Ganagool de Winchile propone diversi\u00f3n, emoci\u00f3n y recompensas asombrosas. Winchile, una de las mejores plataformas Online, trae un Bono para las Apuestas Deportivas irresistible. No &#8230; <a title=\"WINCHILE Apuestas Deportivas \u00bb Cartilla GANAGOOL\" class=\"read-more\" href=\"https:\/\/supercuotas.gratis\/cl\/winchile-bono-apuestas-deportivas-chile-codigos-promocionales\/\" aria-label=\"Leer m\u00e1s sobre WINCHILE Apuestas Deportivas \u00bb Cartilla GANAGOOL\">Read more<\/a><\/p>\n","protected":false},"author":79,"featured_media":0,"parent":0,"menu_order":0,"comment_status":"closed","ping_status":"closed","template":"","meta":{"_uag_custom_page_level_css":"","generate_page_header":"","footnotes":""},"class_list":["post-28211","page","type-page","status-publish"],"uagb_featured_image_src":{"full":false,"thumbnail":false,"medium":false,"medium_large":false,"large":false,"1536x1536":false,"2048x2048":false},"uagb_author_info":{"display_name":"Jeronimo","author_link":"https:\/\/supercuotas.gratis\/cl\/author\/jeronimo\/"},"uagb_comment_info":0,"uagb_excerpt":"Atenci\u00f3n a los fan\u00e1ticos de las Apuestas Deportivas porque ser\u00e1 la ocasi\u00f3n de poner a prueba su talento y luchar por conseguir premios incre\u00edbles. Y es que la incre\u00edble Cartilla Ganagool de Winchile propone diversi\u00f3n, emoci\u00f3n y recompensas asombrosas. Winchile, una de las mejores plataformas Online, trae un Bono para las Apuestas Deportivas irresistible. No&hellip;","_links":{"self":[{"href":"https:\/\/supercuotas.gratis\/cl\/wp-json\/wp\/v2\/pages\/28211","targetHints":{"allow":["GET"]}}],"collection":[{"href":"https:\/\/supercuotas.gratis\/cl\/wp-json\/wp\/v2\/pages"}],"about":[{"href":"https:\/\/supercuotas.gratis\/cl\/wp-json\/wp\/v2\/types\/page"}],"author":[{"embeddable":true,"href":"https:\/\/supercuotas.gratis\/cl\/wp-json\/wp\/v2\/users\/79"}],"replies":[{"embeddable":true,"href":"https:\/\/supercuotas.gratis\/cl\/wp-json\/wp\/v2\/comments?post=28211"}],"version-history":[{"count":6,"href":"https:\/\/supercuotas.gratis\/cl\/wp-json\/wp\/v2\/pages\/28211\/revisions"}],"predecessor-version":[{"id":28631,"href":"https:\/\/supercuotas.gratis\/cl\/wp-json\/wp\/v2\/pages\/28211\/revisions\/28631"}],"wp:attachment":[{"href":"https:\/\/supercuotas.gratis\/cl\/wp-json\/wp\/v2\/media?parent=28211"}],"curies":[{"name":"wp","href":"https:\/\/api.w.org\/{rel}","templated":true}]}}