{"id":27065,"date":"2023-03-22T21:23:31","date_gmt":"2023-03-22T20:23:31","guid":{"rendered":"https:\/\/supercuotas.gratis\/?page_id=27065"},"modified":"2023-10-17T22:50:51","modified_gmt":"2023-10-17T20:50:51","slug":"betano-bono-apuestas-tenis","status":"publish","type":"page","link":"https:\/\/supercuotas.gratis\/cl\/betano-bono-apuestas-tenis\/","title":{"rendered":"Betano Apuestas Tenis \u00bb TODOS los partidos y con las mejores cuotas"},"content":{"rendered":"\n<p>\u00bfSab\u00edas que Betano recibe a sus nuevos jugadores con un<strong>&nbsp;colosal bono de bienvenida para apostar en Tenis<\/strong>. \u00bfQuieres saber m\u00e1s? Qu\u00e9date con nosotros y conoce a uno de los mejores sitios de Chile. Luego, <a href=\"https:\/\/recor.to\/betano\" target=\"_blank\" rel=\"noreferrer noopener nofollow sponsored\">abre una cuenta <\/a>y pronostica en tus partidos favoritos.<\/p>\n\n\n\n<figure class=\"wp-block-image size-large is-resized\"><a href=\"recor.to\/betano\" target=\"_blank\" rel=\"noreferrer noopener\"><img fetchpriority=\"high\" decoding=\"async\" width=\"1024\" height=\"538\" src=\"https:\/\/supercuotas.gratis\/wp-content\/uploads\/2023\/10\/betano-chile-2-1024x538.png\" alt=\"betano apuestas tenis\" class=\"wp-image-31604\" style=\"width:900px;height:600px\" srcset=\"https:\/\/supercuotas.gratis\/wp-content\/uploads\/2023\/10\/betano-chile-2-1024x538.png 1024w, https:\/\/supercuotas.gratis\/wp-content\/uploads\/2023\/10\/betano-chile-2-300x158.png 300w, https:\/\/supercuotas.gratis\/wp-content\/uploads\/2023\/10\/betano-chile-2-768x403.png 768w, https:\/\/supercuotas.gratis\/wp-content\/uploads\/2023\/10\/betano-chile-2.png 1200w\" sizes=\"(max-width: 1024px) 100vw, 1024px\" \/><\/a><\/figure>\n\n\n\n<h2 class=\"wp-block-heading\">Breve rese\u00f1a de Betano<\/h2>\n\n\n\n<p><a href=\"https:\/\/recor.to\/betano\" data-type=\"URL\" data-id=\"https:\/\/recor.to\/betano\" rel=\"nofollow noopener sponsored\">Betano Chile<\/a> es una plataforma de apuestas en l\u00ednea que forma parte del grupo Kaizen Gaming, empresa de origen griego que se encuentra <strong>regulada por la Autoridad de juego de Malta<\/strong>. Se fund\u00f3 en el 2019 y este poco tiempo ha experimentado un gran crecimiento en el mundo del deporte. Actualmente se encuentra presente en diversos pa\u00edses de todos los continentes, entre ellos Per\u00fa, Ecuador, Brasil y Chile.<\/p>\n\n\n\n<p>La p\u00e1gina web es c\u00f3moda, intuitiva y de carga r\u00e1pida. Desde el men\u00fa superior puedes ingresar a las principales categor\u00edas: Apuestas, Apuestas en vivo, Casino y Casino en vivo. El<strong> Sportsbook incluye m\u00e1s 25 deportes y<\/strong> cientos de mercados para apostar con las mejores cuotas.&nbsp;\u00bfSab\u00edas que Betano es sponsor oficial de equipos muy importantes como la Universidad de Chile y el Club La Serena?<\/p>\n\n\n\n<p>No es de extra\u00f1ar que el f\u00fatbol tenga la mayor cobertura en el sitio, de hecho puedes disfrutar un<a href=\"https:\/\/supercuotas.gratis\/cl\/betano-bono-apuestas-futbol\/\" target=\"_blank\" rel=\"noreferrer noopener\"> fabuloso bono para apuestas en f\u00fatbol<\/a>. Sin embargo, <strong>el tenis emerge como una de las disciplinas m\u00e1s buscadas por el p\u00fablico de Chile.<\/strong> \u00a1Las apuestas en este deporte son verdaderamente apasionantes! Por esta raz\u00f3n, hoy te traemos la informaci\u00f3n m\u00e1s completa sobre el bono de bienvenida a Betano y c\u00f3mo utilizarlo para hacer apuestas en tus partidos de tenis favoritos.<\/p>\n\n\n\n<p>Desde ya, si lo que deseas es conocer el casino de Betano, te invitamos a visitar la p\u00e1gina y descubrir un <strong>cat\u00e1logo maravilloso con miles de m\u00e1quinas tragamonedas, juegos de blackjack, b\u00e1ccarat, p\u00f3ker, bingo, Game Shows<\/strong> y mucho m\u00e1s para pasar un buen rato y conseguir ganancias estupendas. Si quieres m\u00e1s informaci\u00f3n sobre el sitio, consulta<a href=\"https:\/\/supercuotas.gratis\/cl\/betano\/\" data-type=\"URL\" data-id=\"https:\/\/supercuotas.gratis\/cl\/betano\/\"> esta rese\u00f1a <\/a>elaborada por el equipo de Supercuotas.gratis.<\/p>\n\n\n\n<pre class=\"wp-block-preformatted has-text-color\" style=\"color:#fb0000\"><strong>Actualmente, Betano no cuenta con bonos ni c\u00f3digos promocionales para Chile hasta nuevo aviso. Visita el sitio para conocer las opciones disponibles. \r<\/strong><\/pre>\n\n\n\n<h2 class=\"wp-block-heading\" id=\"h-bono-de-luckia-para-apostar-en-tenis\">Bono de Betano para apostar en tenis<\/h2>\n\n\n\n<p>\u00a1Es el momento! De ahora en m\u00e1s, nos ocuparemos de que conozcas a fondo el&nbsp;<strong>imperdible bono de bienvenida que Betano<\/strong>. Si eres fan\u00e1tico del tenis, no te pierdas esta incre\u00edble oportunidad de apostar en los grandes eventos de la temporada. La oferta consiste en una <strong>bonificaci\u00f3n del 100% respecto del primer dep\u00f3sito con un l\u00edmite de $200.000.<\/strong> Entonces, inmediatamente al recargar tu cuenta, recibir\u00e1s una suma extra para iniciar tu experiencia en las apuestas. Suena muy bien, \u00bfverdad?<\/p>\n\n\n\n<p>Los bonos de bienvenida desempe\u00f1an un papel fundamental para atraer a nuevos clientes. Sin lugar a dudas, <strong>el bono de Betano para apuestas en tenis es una de las mejores ofertas del mercado<\/strong>. <a href=\"https:\/\/recor.to\/betano\" target=\"_blank\" rel=\"noreferrer noopener nofollow sponsored\">\u00a1Abre una cuenta y recibe tu recompensa! <\/a><\/p>\n\n\n\n<h3 class=\"wp-block-heading\" id=\"h-reglas-del-bono-de-luckia-para-apostar-en-tenis\">Reglas del bono de Betano para apostar en Tenis<\/h3>\n\n\n\n<p id=\"h-\">Cualquiera que tenga m\u00ednimos conocimientos acerca de las apuestas en l\u00ednea sabe que<strong> todas las promociones est\u00e1n sujetas a un conjunto de t\u00e9rminos y condiciones.<\/strong> Es imprescindible que conozcas las reglas que rigen el funcionamiento del bono de Betano para evitar confusiones cuando realices tus apuestas en tenis. <\/p>\n\n\n\n<p id=\"h-\">Qu\u00e9date tranquilo, ya que <strong>las condiciones y los requisitos de apuesta son realmente justos. <\/strong>Aqu\u00ed te dejamos un breve resumen, pero recomendamos leerlos detenidamente en el <a href=\"https:\/\/recor.to\/betano\" target=\"_blank\" rel=\"noreferrer noopener nofollow sponsored\">sitio web de Betano<\/a> para despejar cualquier tipo de duda y hacer un uso correcto de este beneficio:<\/p>\n\n\n\n<ul class=\"wp-block-list\">\n<li>El bono de Betano es una<strong> promoci\u00f3n exclusiva para nuevos usuarios<\/strong> registrados en la p\u00e1gina oficial.<\/li>\n\n\n\n<li>S\u00f3lo las personas mayores de 18 y residentes de Chile pueden solicitar la oferta. <\/li>\n\n\n\n<li>El dep\u00f3sito m\u00ednimo para aplicar en ella es de <strong>$5000 <\/strong>y los m\u00e9todos de pago aceptados son tarjetas de cr\u00e9dito y d\u00e9bito, transferencias y WebPay. Quedan excluidos los dep\u00f3sitos v\u00eda Skrill y Neteller.<\/li>\n\n\n\n<li>Este bono est\u00e1 enfocado en las apuestas deportivas, de modo que no podr\u00e1s utilizarla en los juegos de casino. <\/li>\n\n\n\n<li>Antes de retirar las ganancias, es obligatorio <strong>apostar cinco veces el monto del bono + el dep\u00f3sito <\/strong>en deportes y deportes virtuales.<\/li>\n\n\n\n<li>S\u00f3lo contribuyen al rollover las apuestas realizadas con cuotas mayores a <strong>1.65.<\/strong><\/li>\n\n\n\n<li>Tanro el bono como las ganancias derivadas ser\u00e1n eliminadas de la cuenta en caso de efectuar una solicitud de retiro antes de completar los requisitos de apuesta.<\/li>\n\n\n\n<li>El plazo para completar el rollover es de&nbsp;<strong>90 d\u00edas.<\/strong> Si no logras este objetivo, el bono quedar\u00e1 anulado.<\/li>\n\n\n\n<li>Este bono apuestas deportivas no es acumulable ni se puede combinar con otras ofertas de bienvenida.<\/li>\n<\/ul>\n\n\n\n<figure class=\"wp-block-image size-large\"><a href=\"recor.to\/betano\" target=\"_blank\" rel=\"noreferrer noopener\"><img decoding=\"async\" width=\"1024\" height=\"341\" src=\"https:\/\/supercuotas.gratis\/wp-content\/uploads\/2023\/10\/betano-casino-1024x341.webp\" alt=\"betano apostar en tenis\" class=\"wp-image-31613\" srcset=\"https:\/\/supercuotas.gratis\/wp-content\/uploads\/2023\/10\/betano-casino-1024x341.webp 1024w, https:\/\/supercuotas.gratis\/wp-content\/uploads\/2023\/10\/betano-casino-300x100.webp 300w, https:\/\/supercuotas.gratis\/wp-content\/uploads\/2023\/10\/betano-casino-768x256.webp 768w, https:\/\/supercuotas.gratis\/wp-content\/uploads\/2023\/10\/betano-casino-1536x511.webp 1536w, https:\/\/supercuotas.gratis\/wp-content\/uploads\/2023\/10\/betano-casino-2048x682.webp 2048w\" sizes=\"(max-width: 1024px) 100vw, 1024px\" \/><\/a><\/figure>\n\n\n\n<h2 class=\"wp-block-heading\" id=\"h-instrucciones-para-obtener-el-bono-para-tenis-en-luckia\">Instrucciones para obtener la promoci\u00f3n<\/h2>\n\n\n\n<p>Esta casa no anda con vueltas y simplifica considerablemente la experiencia de los clientes. Lo \u00fanico que tienes que hacer para solicitar el bono de Betano para apostar en tenis es <strong>registrarte, activar la oferta y depositar<\/strong> en la cuenta. \u00a1Sigue los pasos que explicamos a continuaci\u00f3n!<\/p>\n\n\n\n<ol class=\"wp-block-list\">\n<li><strong>Abre una cuenta:<\/strong>&nbsp;<a href=\"https:\/\/recor.to\/betano\" target=\"_blank\" rel=\"noreferrer noopener nofollow sponsored\">ingresa al&nbsp;sitio oficial de Betano<\/a>&nbsp;y pulsa el bot\u00f3n que <strong>Registro,<\/strong>&nbsp;ubicado en la esquina superior derecha de la p\u00e1gina principal.&nbsp;Luego, completa el formulario con los datos requeridos (correo electr\u00f3nico, nombre, apellido, fecha de nacimiento, g\u00e9nero, pa\u00eds, calle, ciudad, c\u00f3digo postal, n\u00famero de tel\u00e9fono y RUT) o reg\u00edstrate a trav\u00e9s de Facebook o Google. Una vez que rellenes correctamente toda la informaci\u00f3n, indica que eres mayor de 18 a\u00f1os y que aceptas los T\u00e9rminos y condiciones de la p\u00e1gina. <\/li>\n\n\n\n<li><strong>Solicita el bono:&nbsp;<\/strong>este paso es simple pero muy importante. Solamente tienes que <strong>seleccionar el Bono para apuestas deportivas antes de realizar el primer dep\u00f3sito<\/strong> en tu cuenta. Esto es porque Betano tambi\u00e9n ofrece un bono para casino y un bono multiproducto, entonces necesita saber cu\u00e1l es el que quieres obtener.<\/li>\n\n\n\n<li><strong>Deposita en tu cuenta:<\/strong>&nbsp;esta promoci\u00f3n de bienvenida es un bono por primer dep\u00f3sito, por lo cual tienes que<strong> ingresar al menos $5000 en tu cuenta. <\/strong>\u00a1El monto se duplicar\u00e1 al instante hasta $200.000! Puedes hacerlo por cualquiera de los m\u00e9todos disponibles menos v\u00eda Skrill y Neteller, tal cual lo especifican los T\u00e9rminos y condiciones de la oferta. <strong>Las tarjetas de cr\u00e9dito y d\u00e9bito, transferencias bancarias y WebPay son canales aceptados.<\/strong><\/li>\n<\/ol>\n\n\n\n<p>Debemos dejar en claro que<strong> los menores de edad no tienen permitido participar en apuestas deportivas y juegos de azar.<\/strong> Por esta raz\u00f3n, si tienes menos de 18 a\u00f1os no podr\u00e1s registrarte en Betano.<\/p>\n\n\n\n<h2 class=\"wp-block-heading\" id=\"h-apuesta-en-tenis-con-el-nuevo-bono-rojabet\">Apuesta en tenis con el nuevo bono de Betano<\/h2>\n\n\n\n<p>\u00bfEst\u00e1s impaciente por empezar a apostar en tenis con tu bono de Betano? Si eres nuevo en este sitio, presta atenci\u00f3n a todos los eventos que se encuentran disponibles y aprende a colocar los pron\u00f3sticos desde tu ordenador o cualquier dispositivo m\u00f3vil. <a href=\"https:\/\/recor.to\/betano\" target=\"_blank\" rel=\"noreferrer noopener nofollow sponsored\">\u00a1Descarga la app exclusiva para Android!<\/a><\/p>\n\n\n\n<p>Despu\u00e9s de registrarte, solicitar la oferta para casino y efectuar el primer dep\u00f3sito de $5000 en tu cuenta, dir\u00edgete a la <strong>pesta\u00f1a de Apuestas Deportivas o Apuestas en vivo,<\/strong> seg\u00fan la modalidad que deseas escoger. Claro, en Betano tienes la posibilidad de apostar antes del inicio de los partidos o mientras se est\u00e1n desarrollando los mismos. \u00a1Vive tu pasi\u00f3n a toda hora, est\u00e9s donde est\u00e9s!<\/p>\n\n\n\n<p>Una vez que te encuentres dentro de alguna de estas secciones, <strong>selecciona Tenis en la lista de deportes <\/strong>que se encuentra en el men\u00fa de la izquierda. En el centro de la pantalla podr\u00e1s visualizar los partidos que se van a disputar dentro de las 3, 12 y 24 horas posteriores. \u00a1Elige tu preferido! <\/p>\n\n\n\n<p>Para crear el cup\u00f3n de apuesta necesitas agregar una selecci\u00f3n o las que t\u00fa quieras en una combinada. \u00a1Solicita el <a href=\"https:\/\/supercuotas.gratis\/cl\/betano-bonos-apuestas-combinadas\/\" target=\"_blank\" rel=\"noreferrer noopener\">bono especial para apuestas combinadas<\/a>! Luego, <strong>escoge las cuotas y escribe le monto que deseas apostar<\/strong>. Entre los mercados disponibles podemos mencionar: Equipo que gana, Games M\u00e1s\/Menos, Games H\u00e1ndicaps, H\u00e1ndicap de partido, Total de Games por set, Puntuaci\u00f3n del set, Marcador correcto, entre muchos otros. <\/p>\n\n\n\n<p>\u00a1Mira todos los eventos en los que puedes apostar!<\/p>\n\n\n\n<ul class=\"wp-block-list\">\n<li>Miami Masters<\/li>\n\n\n\n<li>Miami Femenino<\/li>\n\n\n\n<li>ATP<\/li>\n\n\n\n<li>WTA<\/li>\n\n\n\n<li>Challenger<\/li>\n\n\n\n<li>Roland GarroS<\/li>\n\n\n\n<li>Wimbledon<\/li>\n\n\n\n<li>Abierto de Estados Unidos<\/li>\n\n\n\n<li>Abierto de Australia<\/li>\n\n\n\n<li>Copa Davis<\/li>\n\n\n\n<li>ITF Hombres<\/li>\n\n\n\n<li>ITF Femenino<\/li>\n<\/ul>\n\n\n\n<p>Como ver\u00e1s, la lista es muy amplia y verdaderamente espectacular. \u00a1Aprovecha el nuevo bono de Betano en los partidos de tenis m\u00e1s importante del mundo! Revisa el <a href=\"https:\/\/recor.to\/betano\" target=\"_blank\" rel=\"noreferrer noopener nofollow sponsored\">Sportsbook completo<\/a> ahora mismo.<\/p>\n\n\n\n<figure class=\"wp-block-image size-full\"><a href=\"https:\/\/recor.to\/betano\" target=\"_blank\" rel=\"noreferrer noopener nofollow sponsored\"><img decoding=\"async\" width=\"774\" height=\"508\" src=\"https:\/\/supercuotas.gratis\/wp-content\/uploads\/2023\/03\/betano-oferta-tenis.jpg\" alt=\"betano oferta tenis\" class=\"wp-image-27076\" srcset=\"https:\/\/supercuotas.gratis\/wp-content\/uploads\/2023\/03\/betano-oferta-tenis.jpg 774w, https:\/\/supercuotas.gratis\/wp-content\/uploads\/2023\/03\/betano-oferta-tenis-300x197.jpg 300w, https:\/\/supercuotas.gratis\/wp-content\/uploads\/2023\/03\/betano-oferta-tenis-768x504.jpg 768w\" sizes=\"(max-width: 774px) 100vw, 774px\" \/><\/a><\/figure>\n\n\n\n<h2 class=\"wp-block-heading\">Preguntas frecuentes sobre el Betano bono apuestas tenis<\/h2>\n\n\n\n<div class=\"wp-block-rank-math-faq-block\"><div class=\"rank-math-faq-item\"><h3 class=\"rank-math-question\">\u00bfQui\u00e9n es Betano Chile?<\/h3><div class=\"rank-math-answer\">Es una casa de apuestas online de origen griego que opera en pa\u00edses de Latinam\u00e9rica como Per\u00fa, Ecuador, Brasil y Chile en Latinoam\u00e9rica.<\/div><\/div><div class=\"rank-math-faq-item\"><h3 class=\"rank-math-question\">\u00bfQu\u00e9 productos ofrece?<\/h3><div class=\"rank-math-answer\">En Betano Chile encontrar\u00e1s un completo Sportsbook con m\u00e1s de 25 disciplinas y una carta brillante de tragamonedas, blackjack, b\u00e1ccarat, p\u00f3ker, ruletas, bingo y m\u00e1s.<\/div><\/div><div class=\"rank-math-faq-item\"><h3 class=\"rank-math-question\">\u00bfEn qu\u00e9 consiste el servicio de Betano para apuestas en tenis?<\/h3><div class=\"rank-math-answer\">Te otorga la posibilidad de apostar en cualquier partido que se te ocurra de la categor\u00eda de tenis, en todas sus competencias. <\/div><\/div><div class=\"rank-math-faq-item\"><h3 class=\"rank-math-question\">\u00bfC\u00f3mo se puede obtener esta promoci\u00f3n?<\/h3><div class=\"rank-math-answer\">S\u00f3lo hay que registrar una cuenta en la p\u00e1gina, solicitar el bono para apuestas deportivas y despu\u00e9s realizar un dep\u00f3sito de al menos $200.000.<\/div><\/div><div class=\"rank-math-faq-item\"><h3 class=\"rank-math-question\">\u00bfLos menores de edad pueden solicitar el bono?<\/h3><div class=\"rank-math-answer\">Los menores de 18 a\u00f1os no tienen permitido registrarse en Betano para participar en apuestas deportivas.<\/div><\/div><div class=\"rank-math-faq-item\"><h3 class=\"rank-math-question\">\u00bfCu\u00e1les son los requisitos de apuesta?<\/h3><div class=\"rank-math-answer\">El rollover es de x5, es decir que debes apostar al menos cinco veces el monto del bono + el dep\u00f3sito a cuotas m\u00ednima de 1,65.<\/div><\/div><div class=\"rank-math-faq-item\"><h3 class=\"rank-math-question\">\u00bfEn qu\u00e9 eventos de tenis se puede apostar?<\/h3><div class=\"rank-math-answer\">Entre los torneos m\u00e1s destacados se encuentran el Miami Masters, los ATP, Challenger, Roland Garros, Wimbledon, US Open, Abierto de Australia, Copa Davis, entre otros. <\/div><\/div><\/div>\n","protected":false},"excerpt":{"rendered":"<p>\u00bfSab\u00edas que Betano recibe a sus nuevos jugadores con un&nbsp;colosal bono de bienvenida para apostar en Tenis. \u00bfQuieres saber m\u00e1s? Qu\u00e9date con nosotros y conoce a uno de los mejores sitios de Chile. Luego, abre una cuenta y pronostica en tus partidos favoritos. Breve rese\u00f1a de Betano Betano Chile es una plataforma de apuestas en &#8230; <a title=\"Betano Apuestas Tenis \u00bb TODOS los partidos y con las mejores cuotas\" class=\"read-more\" href=\"https:\/\/supercuotas.gratis\/cl\/betano-bono-apuestas-tenis\/\" aria-label=\"Leer m\u00e1s sobre Betano Apuestas Tenis \u00bb TODOS los partidos y con las mejores cuotas\">Read more<\/a><\/p>\n","protected":false},"author":76,"featured_media":0,"parent":0,"menu_order":0,"comment_status":"closed","ping_status":"closed","template":"","meta":{"_uag_custom_page_level_css":"","generate_page_header":"","footnotes":""},"class_list":["post-27065","page","type-page","status-publish"],"uagb_featured_image_src":{"full":false,"thumbnail":false,"medium":false,"medium_large":false,"large":false,"1536x1536":false,"2048x2048":false},"uagb_author_info":{"display_name":"Karen","author_link":"https:\/\/supercuotas.gratis\/cl\/author\/karen\/"},"uagb_comment_info":0,"uagb_excerpt":"\u00bfSab\u00edas que Betano recibe a sus nuevos jugadores con un&nbsp;colosal bono de bienvenida para apostar en Tenis. \u00bfQuieres saber m\u00e1s? Qu\u00e9date con nosotros y conoce a uno de los mejores sitios de Chile. Luego, abre una cuenta y pronostica en tus partidos favoritos. Breve rese\u00f1a de Betano Betano Chile es una plataforma de apuestas en&hellip;","_links":{"self":[{"href":"https:\/\/supercuotas.gratis\/cl\/wp-json\/wp\/v2\/pages\/27065","targetHints":{"allow":["GET"]}}],"collection":[{"href":"https:\/\/supercuotas.gratis\/cl\/wp-json\/wp\/v2\/pages"}],"about":[{"href":"https:\/\/supercuotas.gratis\/cl\/wp-json\/wp\/v2\/types\/page"}],"author":[{"embeddable":true,"href":"https:\/\/supercuotas.gratis\/cl\/wp-json\/wp\/v2\/users\/76"}],"replies":[{"embeddable":true,"href":"https:\/\/supercuotas.gratis\/cl\/wp-json\/wp\/v2\/comments?post=27065"}],"version-history":[{"count":4,"href":"https:\/\/supercuotas.gratis\/cl\/wp-json\/wp\/v2\/pages\/27065\/revisions"}],"predecessor-version":[{"id":31623,"href":"https:\/\/supercuotas.gratis\/cl\/wp-json\/wp\/v2\/pages\/27065\/revisions\/31623"}],"wp:attachment":[{"href":"https:\/\/supercuotas.gratis\/cl\/wp-json\/wp\/v2\/media?parent=27065"}],"curies":[{"name":"wp","href":"https:\/\/api.w.org\/{rel}","templated":true}]}}