{"id":26777,"date":"2023-03-20T23:18:22","date_gmt":"2023-03-20T22:18:22","guid":{"rendered":"https:\/\/supercuotas.gratis\/?page_id=26777"},"modified":"2023-10-17T22:44:12","modified_gmt":"2023-10-17T20:44:12","slug":"betano-bono-apuestas-deportivas","status":"publish","type":"page","link":"https:\/\/supercuotas.gratis\/cl\/betano-bono-apuestas-deportivas\/","title":{"rendered":"Betano Apuestas Deportivas \u00bb Los mejores mercados y cuotas de apuesta"},"content":{"rendered":"\n<p>Disfruta de las<strong> instancias definitorias de las mejores competencias deportivas con el servicio para apuestas de Betano<\/strong>. Adem\u00e1s, tendr\u00e1s acceso a <strong>S\u00faper Cuotas <\/strong>y pron\u00f3sticos especiales todos los d\u00edas, as\u00ed como a una <strong>completa selecci\u00f3n de juegos de casino<\/strong>. \u00a1<a href=\"https:\/\/recor.to\/betano\" target=\"_blank\" rel=\"noreferrer noopener nofollow sponsored\">Reg\u00edstrate ahora<\/a>! <\/p>\n\n\n\n<figure class=\"wp-block-image size-large\"><a href=\"recor.to\/betano\" target=\"_blank\" rel=\"noreferrer noopener\"><img fetchpriority=\"high\" decoding=\"async\" width=\"1024\" height=\"538\" src=\"https:\/\/supercuotas.gratis\/wp-content\/uploads\/2023\/10\/betano-chile-1024x538.png\" alt=\"betano apuestas deportivas\" class=\"wp-image-31563\" srcset=\"https:\/\/supercuotas.gratis\/wp-content\/uploads\/2023\/10\/betano-chile-1024x538.png 1024w, https:\/\/supercuotas.gratis\/wp-content\/uploads\/2023\/10\/betano-chile-300x158.png 300w, https:\/\/supercuotas.gratis\/wp-content\/uploads\/2023\/10\/betano-chile-768x403.png 768w, https:\/\/supercuotas.gratis\/wp-content\/uploads\/2023\/10\/betano-chile.png 1200w\" sizes=\"(max-width: 1024px) 100vw, 1024px\" \/><\/a><\/figure>\n\n\n\n<h2 class=\"wp-block-heading\"><strong>Todo lo que necesitas saber sobre Betano <\/strong><\/h2>\n\n\n\n<p>Si te atrae el servicio para apuestas deportivas de Betano, quiere decir que est\u00e1s pronto a <a href=\"https:\/\/recor.to\/betano\" target=\"_blank\" rel=\"noreferrer noopener nofollow sponsored\">transformarte en un nuevo usuario de esta gran plataforma<\/a>. En ese caso, es probable que te est\u00e9s preguntando por la <strong>calidad de lo que all\u00ed encontrar\u00e1s <\/strong>y por otros importantes aspectos, como la <strong>fiabilidad y seguridad del sitio<\/strong>. Se trata de algo que, con raz\u00f3n, solemos hacer antes de registrarnos y depositar nuestro dinero en cualquier casa de apuestas.<\/p>\n\n\n\n<p>Y bien, quiz\u00e1s lo primero que pueda decirse de una plataforma como Betano es que se trata de<strong> <a href=\"https:\/\/recor.to\/betano\" target=\"_blank\" rel=\"noreferrer noopener nofollow sponsored\">una de las m\u00e1s populares en Europa y Latinoam\u00e9rica<\/a><\/strong>. En efecto, el sitio actualmente se encuentra disponible en <strong>10 pa\u00edses de ambos continentes<\/strong> y cuenta con <strong>m\u00e1s de 1.4 millones de usuarios en todo el mundo<\/strong>. Adem\u00e1s, sus propietarios, <strong>Kaizen Gaming International Ltd.<\/strong>, operan otro sitio sumamente popular en Grecia y Chipre, de modo que la cantidad de estados y clientes puede ampliarse aun m\u00e1s.<\/p>\n\n\n\n<p>Pero es probable que ya hayas tenido noticias de Betano, sobre todo si eres un aficionado al f\u00fatbol. En ese caso, <strong>con toda seguridad has visto su publicidad en la camiseta de la U de Chile<\/strong>. Y, si has estado observando la Libertadores o la Sudamericana, la habr\u00e1s notado en los uniformes de <strong>Atl\u00e9tico Mineiro y Fluminense<\/strong>. En Europa, <a href=\"https:\/\/recor.to\/betano\" target=\"_blank\" rel=\"noreferrer noopener nofollow sponsored\">la casa <\/a>patrocina a dos gigantes de Portugal, <strong>Porto <\/strong>y <strong>Sporting<\/strong>, mientras que su par griego auspicia a <strong>Olympiakos <\/strong>y <strong>Panathinaikos<\/strong>.<\/p>\n\n\n\n<h3 class=\"wp-block-heading\"><strong>Apuestas deportivas en Betano<\/strong><\/h3>\n\n\n\n<p>Pero, claro, la plataforma no ha alcanzado ese nivel de popularidad simplemente consiguiendo importantes patrocinios o mostrando a sus clientes las numerosas tierras a las que ha arribado. Su fama y aceptaci\u00f3n no pueden explicarse sin tomar en consideraci\u00f3n <strong>la excelente oferta de entretenimiento que la ha distinguido.<\/strong> Por eso, te invitamos a echar un vistazo a ella en el <a href=\"https:\/\/recor.to\/betano\" target=\"_blank\" rel=\"noreferrer noopener nofollow sponsored\">sitio de la firma<\/a>. <\/p>\n\n\n\n<p>Y ya que nos estamos ocupando del servicio para apuestas deportivas que Betano ofrece a sus nuevos usuarios, \u00bfqu\u00e9 mejor que <a href=\"https:\/\/recor.to\/betano\" target=\"_blank\" rel=\"noreferrer noopener nofollow sponsored\"><strong>comenzar dicha visita por el <em>sportsbook<\/em> <\/strong><\/a>de la plataforma? Apenas ingreses a \u00e9l, notar\u00e1s la <strong>extensa cantidad de deportes de los que dispone<\/strong>. Pero quienes sin duda estar\u00e1n m\u00e1s que conformes con las opciones all\u00ed presentes ser\u00e1n los <strong>aficionados al f\u00fatbol y al tenis<\/strong>. <\/p>\n\n\n\n<p>Los <a href=\"https:\/\/supercuotas.gratis\/cl\/betano-bono-apuestas-futbol\/\" target=\"_blank\" rel=\"noreferrer noopener\">fan\u00e1ticos del juego m\u00e1s popular del planeta<\/a> encontrar\u00e1n, todos los d\u00edas, una <strong>enorme cantidad de S\u00faper Cuotas para eventos populares seleccionados<\/strong>, as\u00ed como <strong>apuestas especiales con grandes ganancias posibles<\/strong>. Se trata, sin duda, de un gran momento para disfrutar de este <em>sportsbook<\/em>, merced a eventos como las semifinales de la <strong>Liga de Campeones<\/strong> o el inminente inicio de la fase de grupos de la <strong>Libertadores<\/strong>.<\/p>\n\n\n\n<p>Por su parte, los<a href=\"https:\/\/supercuotas.gratis\/cl\/betano-bono-apuestas-tenis\/\" target=\"_blank\" rel=\"noreferrer noopener\"> amantes del tenis <\/a>podr\u00e1n disfrutar del <strong>Miami Open <\/strong>junto a todos aquellos beneficios: <strong>S\u00faper Cuotas en encuentros importantes, apuestas especiales y m\u00e1s<\/strong>.<\/p>\n\n\n\n<h3 class=\"wp-block-heading\"><strong>Juegos de casino en Betano<\/strong><\/h3>\n\n\n\n<p>Llegados a este punto, debemos aclarar que en esta casa no encontrar\u00e1s opciones de calidad exclusivamente en el \u00e1rea de apuestas deportivas. Por el contrario, un rasgo destacable de <a href=\"https:\/\/recor.to\/betano\" target=\"_blank\" rel=\"noreferrer noopener nofollow sponsored\">la plataforma <\/a>es que la misma dispone de lo que solemos llamar una <strong>oferta equilibrada de entretenimiento<\/strong>. \u00bfQu\u00e9 queremos decir con esto? Que este es un sitio en el que <strong>tanto los fan\u00e1ticos del deporte como los de los juegos de casino<\/strong> <strong>quedar\u00e1n m\u00e1s que satisfechos<\/strong>.<\/p>\n\n\n\n<p>Por eso, aunque inmediatamente nos referiremos al servicio para apuestas deportivas de Betano, no podremos dejar de sugerir a los lectores que <a href=\"https:\/\/recor.to\/betano\" target=\"_blank\" rel=\"noreferrer noopener nofollow sponsored\">visiten la secci\u00f3n de las cartas, tapetes y fichas<\/a>. Tampoco all\u00ed quedar\u00e1n gustos sin complacer. Porque la plataforma cuenta con un<strong> enorme cat\u00e1logo de slots de los mejores proveedores<\/strong>, pero tambi\u00e9n con <strong>una extensa biblioteca de juegos de mesa, tanto en su modalidad en primera persona como en directo<\/strong>. <\/p>\n\n\n\n<p>Si deseas conocer m\u00e1s sobre Betano y sobre las <strong>ofertas disponibles para esta otra mitad del sitio, visita <a href=\"https:\/\/supercuotas.gratis\/cl\/betano\/\" target=\"_blank\" rel=\"noreferrer noopener\">este art\u00edculo de nuestro portal<\/a><\/strong><a href=\"https:\/\/supercuotas.gratis\/cl\/betano\/\" target=\"_blank\" rel=\"noreferrer noopener\"> <\/a>en el que te brindamos toda la informaci\u00f3n al respecto.<\/p>\n\n\n\n<figure class=\"wp-block-image size-full is-resized\"><img decoding=\"async\" width=\"846\" height=\"395\" src=\"https:\/\/supercuotas.gratis\/wp-content\/uploads\/2023\/10\/betano.jpeg\" alt=\"betano apuestas \" class=\"wp-image-31572\" style=\"width:894px;height:377px\" srcset=\"https:\/\/supercuotas.gratis\/wp-content\/uploads\/2023\/10\/betano.jpeg 846w, https:\/\/supercuotas.gratis\/wp-content\/uploads\/2023\/10\/betano-300x140.jpeg 300w, https:\/\/supercuotas.gratis\/wp-content\/uploads\/2023\/10\/betano-768x359.jpeg 768w\" sizes=\"(max-width: 846px) 100vw, 846px\" \/><\/figure>\n\n\n\n<pre class=\"wp-block-preformatted has-text-color\" style=\"color:#ea0303\"><strong>Actualmente, Betano no cuenta con bonos ni c\u00f3digos promocionales para Chile hasta nuevo aviso. Visita el sitio para conocer las opciones disponibles. <\/strong><\/pre>\n\n\n\n<h2 class=\"wp-block-heading\"><strong>Bono de bienvenida para apuestas deportivas de Betano<\/strong><\/h2>\n\n\n\n<p>Ahora que est\u00e1s al tanto de todo lo que podr\u00e1s encontrar en la casa y de los exclusivos beneficios que la misma ofrece en su <em>sportsbook <\/em>todos los d\u00edas, \u00bfc\u00f3mo no desear<a href=\"https:\/\/recor.to\/betano\" target=\"_blank\" rel=\"noreferrer noopener nofollow sponsored\"> ingresar al sitio<\/a> para registrarte y disfrutar de todo aquello ahora mismo? En ese caso, es tambi\u00e9n muy probable que te est\u00e9s preguntando sobre la <strong>disponibilidad del acostumbrado bono de bienvenida para apuestas deportivas que sitios como Betano ofrecen a los nuevos usuarios como t\u00fa<\/strong>.<\/p>\n\n\n\n<p>Y, de esa forma, <strong>arribamos al asunto central de este art\u00edculo: \u00bfc\u00f3mo puedo obtener dicha promoci\u00f3n? \u00bfEn qu\u00e9 consiste?<\/strong> Abajo responderemos a ambas preguntas para luego brindarte informaci\u00f3n sobre otro beneficio que los amantes del f\u00fatbol podr\u00e1n disfrutar a diario en Betano.<\/p>\n\n\n\n<h3 class=\"wp-block-heading\"><strong>En qu\u00e9 consiste y c\u00f3mo obtener el bono de bienvenida para apuestas deportivas de Betano<\/strong><\/h3>\n\n\n\n<p>Antes de adentrarnos en las caracter\u00edsticas de esta promoci\u00f3n, <strong>debemos aclarar que se trata de una oferta disponible exclusivamente para nuevos usuarios del sitio que a\u00fan no hayan realizado un dep\u00f3sito en \u00e9l<\/strong>. De modo que, si deseas solicitarla, el primer paso que deber\u00e1s completar, si a\u00fan no lo has efectuado, es<a href=\"https:\/\/recor.to\/betano\" target=\"_blank\" rel=\"noreferrer noopener nofollow sponsored\"> ingresar a la plataforma <\/a>y registrarte completando los datos solicitados.<\/p>\n\n\n\n<p><strong>Durante el \u00faltimo paso de este proceso, podr\u00e1s escoger el bono de bienvenida al cual deseas aplicar<\/strong>. Desde luego, deber\u00e1s seleccionar el de deportes. Una vez que lo hayas hecho,<strong> deber\u00e1s realizar tu primer dep\u00f3sito en Betano<\/strong> <strong>para obtenerlo<\/strong>. La promoci\u00f3n, precisamente, <strong>consiste en una bonificaci\u00f3n por el 100% del monto que ingreses, que puede alcanzar hasta los $200.000<\/strong>. Ten en cuenta que los dep\u00f3sitos realizados con Skrill y Neteller no califican para la obtenci\u00f3n del bono. <\/p>\n\n\n\n<p>Antes de reclamar la oferta, asimismo, considera que esta contiene un <strong>requisito de apuesta<\/strong>. Esto significa que, antes de que puedas retirar las ganancias que obtengas con sus fondos o poder disponer libremente de estos, <strong>deber\u00e1s apostar cinco veces su valor m\u00e1s el del dep\u00f3sito en apuestas con cuotas de al menos 1.65<\/strong>. Los mercados con S\u00faper Cuotas no contar\u00e1n para el cumplimiento de dicho requisito. <\/p>\n\n\n\n<p><strong>Para conocer m\u00e1s detalles de los t\u00e9rminos y condiciones <\/strong>que aplican para la promoci\u00f3n, <strong>visita el <a href=\"https:\/\/recor.to\/betano\" target=\"_blank\" rel=\"noreferrer noopener nofollow sponsored\">sitio de la casa<\/a><\/strong>.<\/p>\n\n\n\n<h3 class=\"wp-block-heading\"><strong>Dos goles de ventaja<\/strong><\/h3>\n\n\n\n<p>Pero eso no es todo lo que los amantes de los deportes, y en especial el f\u00fatbol, podr\u00e1n encontrar en Betano. De hecho, los fan\u00e1ticos del deporte m\u00e1s popular del planeta podr\u00e1n acceder a <strong>incre\u00edbles ofertas todos los d\u00edas<\/strong>. Una de estas interesantes promociones es la de <strong>Dos Goles de Ventaja<\/strong>. <\/p>\n\n\n\n<p>Con este otro bono de Betano para apuestas deportivas, los jugadores <strong>ganar\u00e1n autom\u00e1ticamente su apuesta cuando el equipo en favor del cual hayan apostado consiga, en cualquier momento del partido, una ventaja de dos goles<\/strong>. \u00a1Tan simple como eso! \u00bfGenial, verdad?<\/p>\n\n\n\n<p>S\u00f3lo considera que las <strong>apuestas con S\u00faper Cuotas no califican para este beneficio<\/strong>. Para conocer m\u00e1s detalles sobre el mismo, visita sus t\u00e9rminos y condiciones en la <a href=\"https:\/\/recor.to\/betano\" target=\"_blank\" rel=\"noreferrer noopener nofollow sponsored\">web de Betano<\/a>.<\/p>\n\n\n\n<figure class=\"wp-block-image size-full\"><a href=\"https:\/\/recor.to\/betano\" target=\"_blank\" rel=\"noreferrer noopener nofollow sponsored\"><img decoding=\"async\" width=\"898\" height=\"399\" src=\"https:\/\/supercuotas.gratis\/wp-content\/uploads\/2023\/03\/betano-oferta-apuestas-deportivas.png\" alt=\"betano oferta apuestas deportivas\" class=\"wp-image-26797\" srcset=\"https:\/\/supercuotas.gratis\/wp-content\/uploads\/2023\/03\/betano-oferta-apuestas-deportivas.png 898w, https:\/\/supercuotas.gratis\/wp-content\/uploads\/2023\/03\/betano-oferta-apuestas-deportivas-300x133.png 300w, https:\/\/supercuotas.gratis\/wp-content\/uploads\/2023\/03\/betano-oferta-apuestas-deportivas-768x341.png 768w\" sizes=\"(max-width: 898px) 100vw, 898px\" \/><\/a><\/figure>\n\n\n\n<h2 class=\"wp-block-heading\"><strong>Preguntas frecuentes sobre Betano<\/strong><\/h2>\n\n\n\n<div class=\"wp-block-rank-math-faq-block\"><div class=\"rank-math-faq-item\"><h3 class=\"rank-math-question\">\u00bfQu\u00e9 es Betano?<\/h3><div class=\"rank-math-answer\">Es un sitio de apuestas deportivas y juegos de casino en l\u00ednea operado por Kaizen Gaming International Ltd., una empresa con sede en Malta con m\u00e1s de 10 a\u00f1os de experiencia en el rubro.<\/div><\/div><div class=\"rank-math-faq-item\"><h3 class=\"rank-math-question\">\u00bfEs seguro jugar en el sitio?<\/h3><div class=\"rank-math-answer\">Claro que s\u00ed. M\u00e1s de 1.4 millones de clientes en todo el mundo conf\u00edan a diario en Betano. Adem\u00e1s, la plataforma protege la informaci\u00f3n de sus usuarios con cifrados m\u00faltiples con certificados SSL.<\/div><\/div><div class=\"rank-math-faq-item\"><h3 class=\"rank-math-question\">\u00bfQu\u00e9 puedo encontrar en la plataforma?<\/h3><div class=\"rank-math-answer\">En Betano podr\u00e1s disfrutar de una enorme cantidad de mercados en todos los eventos populares, as\u00ed como de S\u00faper Cuotas y apuestas especiales todos los d\u00edas. Adem\u00e1s, la casa cuenta con una excelente secci\u00f3n de slots, juegos de casino y mesas en directo de los mejores proveedores.<\/div><\/div><div class=\"rank-math-faq-item\"><h3 class=\"rank-math-question\">\u00bfExiste una aplicaci\u00f3n para m\u00f3viles de Betano?<\/h3><div class=\"rank-math-answer\">S\u00ed. Se trata de una <em>app<\/em> disponible para sistemas Android. Puedes descargarla en el pie de p\u00e1gina del sitio o en el panel lateral de la izquierda.<\/div><\/div><div class=\"rank-math-faq-item\"><h3 class=\"rank-math-question\">\u00bfDebo descargarla para jugar en el sitio desde mi m\u00f3vil?<\/h3><div class=\"rank-math-answer\">No, no es necesario. El sitio de Betano est\u00e1 dise\u00f1ado para adaptarse a la pantalla de cualquier dispositivo desde el que se lo visite. <\/div><\/div><div class=\"rank-math-faq-item\"><h3 class=\"rank-math-question\">\u00bfLa casa ofrece bonos de bienvenida?<\/h3><div class=\"rank-math-answer\">Por el momento no cuenta con bonos de bienvenida para Chile. <\/div><\/div><div class=\"rank-math-faq-item\"><h3 class=\"rank-math-question\">\u00bfQu\u00e9 facilidades de pago ofrece la plataforma?<\/h3><div class=\"rank-math-answer\">En Betano podr\u00e1s realizar tus dep\u00f3sitos con las m\u00e1s populares tarjetas de cr\u00e9dito y d\u00e9bito, con pagos en efectivo en locales de Red Compra, con billeteras virtuales como Skrill y Neteller, Web Pay y transferencias bancarias. La casa no cobra comisiones por ninguno de estos m\u00e9todos.<\/div><\/div><\/div>\n","protected":false},"excerpt":{"rendered":"<p>Disfruta de las instancias definitorias de las mejores competencias deportivas con el servicio para apuestas de Betano. Adem\u00e1s, tendr\u00e1s acceso a S\u00faper Cuotas y pron\u00f3sticos especiales todos los d\u00edas, as\u00ed como a una completa selecci\u00f3n de juegos de casino. \u00a1Reg\u00edstrate ahora! Todo lo que necesitas saber sobre Betano Si te atrae el servicio para apuestas &#8230; <a title=\"Betano Apuestas Deportivas \u00bb Los mejores mercados y cuotas de apuesta\" class=\"read-more\" href=\"https:\/\/supercuotas.gratis\/cl\/betano-bono-apuestas-deportivas\/\" aria-label=\"Leer m\u00e1s sobre Betano Apuestas Deportivas \u00bb Los mejores mercados y cuotas de apuesta\">Read more<\/a><\/p>\n","protected":false},"author":77,"featured_media":0,"parent":0,"menu_order":0,"comment_status":"closed","ping_status":"closed","template":"","meta":{"_uag_custom_page_level_css":"","generate_page_header":"","footnotes":""},"class_list":["post-26777","page","type-page","status-publish"],"uagb_featured_image_src":{"full":false,"thumbnail":false,"medium":false,"medium_large":false,"large":false,"1536x1536":false,"2048x2048":false},"uagb_author_info":{"display_name":"Gonzalo","author_link":"https:\/\/supercuotas.gratis\/cl\/author\/gonzalo\/"},"uagb_comment_info":0,"uagb_excerpt":"Disfruta de las instancias definitorias de las mejores competencias deportivas con el servicio para apuestas de Betano. Adem\u00e1s, tendr\u00e1s acceso a S\u00faper Cuotas y pron\u00f3sticos especiales todos los d\u00edas, as\u00ed como a una completa selecci\u00f3n de juegos de casino. \u00a1Reg\u00edstrate ahora! Todo lo que necesitas saber sobre Betano Si te atrae el servicio para apuestas&hellip;","_links":{"self":[{"href":"https:\/\/supercuotas.gratis\/cl\/wp-json\/wp\/v2\/pages\/26777","targetHints":{"allow":["GET"]}}],"collection":[{"href":"https:\/\/supercuotas.gratis\/cl\/wp-json\/wp\/v2\/pages"}],"about":[{"href":"https:\/\/supercuotas.gratis\/cl\/wp-json\/wp\/v2\/types\/page"}],"author":[{"embeddable":true,"href":"https:\/\/supercuotas.gratis\/cl\/wp-json\/wp\/v2\/users\/77"}],"replies":[{"embeddable":true,"href":"https:\/\/supercuotas.gratis\/cl\/wp-json\/wp\/v2\/comments?post=26777"}],"version-history":[{"count":2,"href":"https:\/\/supercuotas.gratis\/cl\/wp-json\/wp\/v2\/pages\/26777\/revisions"}],"predecessor-version":[{"id":31583,"href":"https:\/\/supercuotas.gratis\/cl\/wp-json\/wp\/v2\/pages\/26777\/revisions\/31583"}],"wp:attachment":[{"href":"https:\/\/supercuotas.gratis\/cl\/wp-json\/wp\/v2\/media?parent=26777"}],"curies":[{"name":"wp","href":"https:\/\/api.w.org\/{rel}","templated":true}]}}