{"id":26010,"date":"2023-01-31T16:04:38","date_gmt":"2023-01-31T15:04:38","guid":{"rendered":"https:\/\/supercuotas.gratis\/?page_id=26010"},"modified":"2023-02-08T01:16:37","modified_gmt":"2023-02-08T00:16:37","slug":"codere-bono-ruletas-casino-ciudad-buenos-aires","status":"publish","type":"page","link":"https:\/\/supercuotas.gratis\/arg\/codere-bono-ruletas-casino-ciudad-buenos-aires\/","title":{"rendered":"Codere Bono Ruletas \u00bb Mejores Ofertas en Argentina"},"content":{"rendered":"\n<p>\u00bfEst\u00e1s buscando la mejor opci\u00f3n para casinos? \u00bfDeseas jugar a las mejores ruletas? <strong>Entonces tienes que saber que, te encuentras en el sitio indicado<\/strong>. Ya que hoy, te ense\u00f1aremos todo sobre el sector de casino y casino en vivo de Codere. All\u00ed tendr\u00e1s la gran oportunidad de acceder a los mejores beneficios, para que de esta manera puedas acceder a los mejores juegos de apuestas. Para ello, <strong>hoy te ense\u00f1aremos todo lo que debes saber sobre el Codere bono ruletas<\/strong>, con el cual obtendr\u00e1s una grandiosa variedad de beneficios. Para ello, tendr\u00e1s que ser usuario de este prestigioso <a href=\"https:\/\/recor.to\/coderecasinoarg\" target=\"_blank\" rel=\"noreferrer noopener nofollow sponsored\">sitio de apuestas en Argentina<\/a>.<\/p>\n\n\n\n<figure class=\"wp-block-image size-large\"><a href=\"https:\/\/recor.to\/coderecasinoarg\" target=\"_blank\" rel=\"noreferrer noopener nofollow sponsored\"><img fetchpriority=\"high\" decoding=\"async\" width=\"1024\" height=\"372\" src=\"https:\/\/supercuotas.gratis\/wp-content\/uploads\/2023\/01\/codere-bono-ruletas-1024x372.png\" alt=\"codere bono ruletas\" class=\"wp-image-26012\" srcset=\"https:\/\/supercuotas.gratis\/wp-content\/uploads\/2023\/01\/codere-bono-ruletas-1024x372.png 1024w, https:\/\/supercuotas.gratis\/wp-content\/uploads\/2023\/01\/codere-bono-ruletas-300x109.png 300w, https:\/\/supercuotas.gratis\/wp-content\/uploads\/2023\/01\/codere-bono-ruletas-768x279.png 768w, https:\/\/supercuotas.gratis\/wp-content\/uploads\/2023\/01\/codere-bono-ruletas.png 1342w\" sizes=\"(max-width: 1024px) 100vw, 1024px\" \/><\/a><\/figure>\n\n\n\n<h2 class=\"wp-block-heading\">Tu sitio de apuestas, si duda es Codere<\/h2>\n\n\n\n<p>Dentro del mundo de las apuestas, podr\u00e1s acceder a un sin fin de p\u00e1ginas en donde apostar. <strong>Pero sin embargo, ninguna puede llegar a ser tan grandiosa como <a href=\"https:\/\/recor.to\/coderecasinoarg\" target=\"_blank\" rel=\"noreferrer noopener nofollow sponsored\">Codere<\/a><\/strong>. Ya que dentro de este sitio, encontrar\u00e1s una ampl\u00eda experiencia dentro de este rubro. Para que de esta manera, puedas acceder a obtener un sin fin de beneficio. <strong>Su ampl\u00eda trayectoria en el rubro, hace que este sea un sitio al cual acceder sin ninguna duda.<\/strong> No solo por su experiencia es un sitio confiable, sino por su gran variedad de juegos de apuestas, bonos y promociones.<\/p>\n\n\n\n<p>Siguiendo dentro de la l\u00ednea que venimos mencionando, <strong>este sitio es una gran opci\u00f3n para realizar tus apuestas, ya que podr\u00e1s <a href=\"https:\/\/recor.to\/coderecasinoarg\" target=\"_blank\" rel=\"noreferrer noopener nofollow sponsored\">acceder a un sin fin de juegos<\/a>.<\/strong> Siendo todos y cada uno de estos completamente seguros, para poder acceder a cumplir con cada una de tus jugadas. Tienes que tener en cuenta que, esto se debe a que Codere cuenta con los mejores distribuidores de juegos de apuestas. Para que de esta manera, cada uno de sus usuarios est\u00e9n seguros a la hora re realizar sus apuestas. <strong>Dentro de este sitio, tendr\u00e1s la posibilidad de acceder a apuestas deportivas, casino y casino en vivo<\/strong>. <\/p>\n\n\n\n<p>No solo podr\u00e1s acceder a encontrar los mejores juegos de apuestas, sino que tambi\u00e9n tendr\u00e1s la oportunidad de obtener una gran variedad de bonos y promociones. <strong>Siendo todas y cada una de ellas, completamente beneficiosas para cada uno de sus usuarios.<\/strong> Ten en cuenta que, cada uno de los beneficios que accedas dentro de este sitio, podr\u00e1n ser reclamados tan solo una vez. Para que conozcas m\u00e1s sobre este sitio, <a href=\"https:\/\/supercuotas.gratis\/arg\/codere\/\" target=\"_blank\" rel=\"noreferrer noopener\">te invitamos a leer este grandioso an\u00e1lisis sobre Codere<\/a>. <strong>Ya que hoy, solo hablaremos sobre el Codere bono ruletas.<\/strong><\/p>\n\n\n\n<h3 class=\"wp-block-heading\">\u00bfPosee juegos de apuestas <a href=\"https:\/\/recor.to\/coderecasinoarg\" target=\"_blank\" rel=\"noreferrer noopener nofollow sponsored\">Codere<\/a>?<\/h3>\n\n\n\n<p>Dentro de este sitio de apuestas, tendr\u00e1s la posibilidad de acceder a una gran variedad de juegos de apuestas. <strong>Para poder acceder a aumentar tus ingresos, deber\u00e1s acceder a distintos bonos y promociones.<\/strong> Los cuales te permitir\u00e1n aumentar tus ingresos. Tienes que tener en cuenta que, cada uno de los beneficios que este sitio posee, ser\u00e1n para sus usuarios registrados. Dentro de este <a href=\"https:\/\/recor.to\/coderecasinoarg\" target=\"_blank\" rel=\"noreferrer noopener nofollow sponsored\">sitio de apuestas dentro de Argentina<\/a>, <strong>podr\u00e1s encontrar los mejores juegos de apuestas, con los cuales podr\u00e1s disfrutar del excelente bono para ruletas de Codere.<\/strong>  El mismo, te permitir\u00e1 acceder a las mejores ruletas.<\/p>\n\n\n\n<p>Como hemos mencionado, dentro de esta casa de apuestas, encontrar\u00e1s los mejores juegos de apuestas. Cada uno de ellos, est\u00e1n divididos por ramas. Las mismas, te permitir\u00e1n encontrar de manera m\u00e1s r\u00e1pida y segura cada uno de tus beneficios. <strong>Teniendo en cuenta esto, dentro de cada uno encontrar\u00e1s tus juegos. <\/strong>En el caso de casino en vivo, encontrar\u00e1s ruletas, blackjack, entre otros juegos. En el caso del casino, encontrar\u00e1s slots. En estos sectores, podr\u00e1s acceder a disfrutar de tu bono para ruletas de Codere. <strong>Luego de saber esto, deber\u00e1s aprender a <a href=\"https:\/\/recor.to\/coderecasinoarg\" target=\"_blank\" rel=\"noreferrer noopener nofollow sponsored\">completar tu registro<\/a>, de manera sumamente r\u00e1pida.<\/strong><\/p>\n\n\n\n<h2 class=\"wp-block-heading\">Previo a hablar del bono para ruletas de Codere, tendr\u00e1s que registrarte<\/h2>\n\n\n\n<p>Para acceder al ya mencionado bono para ruletas de Codere, tendr\u00e1s que completar el proceso de registro.<strong> El cual debes tener en cuenta que es completamente simple<\/strong>. Esto es gracias a la esplendida interfaz que, esta casa de apuestas posee en su p\u00e1gina. Para que de esta manera todos y cada uno de sus usuarios, puedan completar este proceso de manera simple. Luego de haber completado este proceso, <strong>tendr\u00e1s la posibilidad de <a href=\"https:\/\/supercuotas.gratis\/arg\/codere-bono-casino-ciudad-buenos-aires\/\" target=\"_blank\" rel=\"noreferrer noopener\">acceder a cada uno de los beneficios<\/a> que, esta casa de apuestas posee para sus usuarios<\/strong>.<\/p>\n\n\n\n<p>Tienes que tener en cuenta que, cada uno de los usuarios que se registren podr\u00e1n acceder tan solo a un usuario por direcci\u00f3n de IP. <strong>Ya que en el caso que deseen acceder nuevamente a un usuario, no podr\u00e1n acceder a completar este simple proceso<\/strong>. Porque como ya hemos mencionado, tan solo podr\u00e1s acceder a una cuenta por dispositivo. Tendr\u00e1s que estar sumamente tranquilo, ya que a la hora de ingresar tus datos a este <a href=\"https:\/\/recor.to\/coderecasinoarg\" target=\"_blank\" rel=\"noreferrer noopener nofollow sponsored\">sitio<\/a>, cada uno de sus datos, estar\u00e1n completamente seguros. <strong>Ya que dentro de Codere, encontrar\u00e1s una gran segruidad para todos aquellos que se registren en su sitio.<\/strong><\/p>\n\n\n\n<p>Para acceder a ser usuario dentro de Codere, <strong>deber\u00e1s seguir los siguientes pasos<\/strong>:<\/p>\n\n\n\n<ul class=\"wp-block-list\">\n<li>El primer paso a realizar es, <strong>ingresar dentro de la p\u00e1gina de Codere<\/strong>.<\/li>\n\n\n\n<li>All\u00ed deber\u00e1s dirigirte a la esquina superior derecha y hacer clic en el bot\u00f3n que dice &#8220;registrarse&#8221;.<\/li>\n\n\n\n<li>Una vez hecho esto, se abrir\u00e1 un formulario de registro. <strong>El mismo, deber\u00e1 ser completado con los datos solicitados<\/strong>.<\/li>\n\n\n\n<li>Completado el formulario de registro, tendr\u00e1s que <strong>aceptar los t\u00e9rminos de esta casa de apuestas.<\/strong><\/li>\n\n\n\n<li>Una vez que hayas completado cada uno de estos pasos, <strong>ya ser\u00e1s usuario de este grandioso sitio<\/strong> dentro del territorio argentino.<\/li>\n<\/ul>\n\n\n\n<figure class=\"wp-block-image size-large\"><img decoding=\"async\" width=\"1024\" height=\"420\" src=\"https:\/\/supercuotas.gratis\/wp-content\/uploads\/2023\/01\/codere-bono-para-ruletas-1024x420.png\" alt=\"Codere bono para ruletas\" class=\"wp-image-26021\" srcset=\"https:\/\/supercuotas.gratis\/wp-content\/uploads\/2023\/01\/codere-bono-para-ruletas-1024x420.png 1024w, https:\/\/supercuotas.gratis\/wp-content\/uploads\/2023\/01\/codere-bono-para-ruletas-300x123.png 300w, https:\/\/supercuotas.gratis\/wp-content\/uploads\/2023\/01\/codere-bono-para-ruletas-768x315.png 768w, https:\/\/supercuotas.gratis\/wp-content\/uploads\/2023\/01\/codere-bono-para-ruletas.png 1362w\" sizes=\"(max-width: 1024px) 100vw, 1024px\" \/><\/figure>\n\n\n\n<h2 class=\"wp-block-heading\">\u00bfPosee Codere un bono para ruletas?<\/h2>\n\n\n\n<p>Dentro de esta <a href=\"https:\/\/recor.to\/coderecasinoarg\" target=\"_blank\" rel=\"noreferrer noopener nofollow sponsored\">casa de apuestas<\/a>, podr\u00e1s acceder a una gran variedad de bonos y promociones con los cuales, podr\u00e1s acceder a obtener una infinidad de beneficios. En esta ocasi\u00f3n, no presenta un bono para ruletas de Codere, <strong>esto quiere decir que te presentaremos otras opciones con las cuales, podr\u00e1s obtener beneficios para ruletas. <\/strong>Tienes que tener en cuenta que, tampoco podr\u00e1s encontrar un bono de bienvenida para casino, ya que en estos momentos no encontrar\u00e1s disponibles. Deber\u00e1s estar atento a nuestro sitio, <strong>ya que en cualquier momento podr\u00e1n aparecer bonos para este sector, y estaremos dispuestos a contarte<\/strong>. <\/p>\n\n\n\n<p>Antes de comenzar a contarte otra variedad de beneficios con los cuales obtendr\u00e1s beneficios, tienes que saber que hay distintos tipos de  bonos en Codere. <strong>Dentro del mismo, podr\u00e1s acceder a encontrar bonos de bienvenida y promociones. Los cuales, poseen grandes diferencias entre si.<\/strong> La principal diferencia es, que en el caso de las promociones, podr\u00e1n acceder todos los usuarios registrados. Mientras que en el caso de los bonos de bienvenida, podr\u00e1n acceder solamente quienes sean nuevos usuarios de esta casa de apuestas. <strong>Estas condiciones, ser\u00e1n sin excepci\u00f3n a esta estricta regla dentro de <a href=\"https:\/\/recor.to\/coderecasinoarg\" target=\"_blank\" rel=\"noreferrer noopener nofollow sponsored\">Codere<\/a>.<\/strong><\/p>\n\n\n\n<h2 class=\"wp-block-heading\">Beneficios para suplantar el bono para ruletas de Codere<\/h2>\n\n\n\n<p>Cuando accedas dentro de esta casa de apuestas, claramente tendr\u00e1s una gran variedad de beneficios. En esta ocasi\u00f3n, <strong>no podremos contarte sobre el bono para ruletas de Codere, ya que no hay disponible, pero te daremos a conocer otros beneficios.<\/strong> Recuerda que para acceder a cada uno de los beneficios que este sitio posee, deber\u00e1s ser usuario de esta casa de apuestas. Adem\u00e1s podr\u00e1s acceder a un gran bono de slots, <a href=\"https:\/\/supercuotas.gratis\/arg\/codere-bono-slots-casino-ciudad-buenos-aires\/\" target=\"_blank\" rel=\"noreferrer noopener\">del cual te dejaremos una gran gu\u00eda<\/a>. <strong>Ahora ser\u00e1 momento de conocer los beneficios, para suplantar al bono para ruletas de Codere.<\/strong><\/p>\n\n\n\n<p>Una de las principales atracciones dentro de esta casa de apuestas, es el nuevo juego de la semana que es Roulette Live, con el que podr\u00e1s acceder a obtener una gran variedad de beneficios dentro de la misma. Para acceder, deber\u00e1s registrarte y dirigirte al sector casino. All\u00ed, encontrar\u00e1s todos los beneficios para acceder a esta ruleta. <strong>Adem\u00e1s encontrar\u00e1s una promoci\u00f3n mensual, con la cual deber\u00e1s ingresar hasta $1000 ARS y podr\u00e1s acceder al 50% de ese ingreso<\/strong>. El mismo, te permitir\u00e1 acceder hasta $500 extra, los cuales podr\u00e1s usar en <a href=\"https:\/\/recor.to\/coderecasinoarg\" target=\"_blank\" rel=\"noreferrer noopener nofollow sponsored\">las mejores ruletas<\/a>.<\/p>\n\n\n\n<h2 class=\"wp-block-heading\">M\u00e9todos de pago en Codere<\/h2>\n\n\n\n<p>Dentro de esta casa de apuestas, podr\u00e1s acceder a una gran variedad de bonos, promociones y m\u00e9todos de pago. Para acceder a cada uno de ellos, deber\u00e1s acceder a ingresar dinero. Es por eso que, te ense\u00f1aremos los m\u00e9todos de pago dentro de este sitio. Los cuales son completamente seguros, ya que ingresando a esta casa de apuestas, solamente encontrar\u00e1s los mejores beneficios, siendo los m\u00e1s seguros de todos los sitios de apuestas. <\/p>\n\n\n\n<p>Dentro de este sitio de apuestas, <strong>encontrar\u00e1s los siguientes m\u00e9todos de pago para ingresar dinero:<\/strong><\/p>\n\n\n\n<ul class=\"wp-block-list\">\n<li>DEBIN<\/li>\n\n\n\n<li>MasterCard<\/li>\n\n\n\n<li>Mercado Pago<\/li>\n\n\n\n<li>Transferencia Bancaria<\/li>\n<\/ul>\n\n\n\n<figure class=\"wp-block-image size-large\"><a href=\"https:\/\/recor.to\/coderecasinoarg\" target=\"_blank\" rel=\"noreferrer noopener nofollow sponsored\"><img decoding=\"async\" width=\"1024\" height=\"471\" src=\"https:\/\/supercuotas.gratis\/wp-content\/uploads\/2023\/01\/codere-mesas-de-ruleta-1024x471.png\" alt=\"codere mesas de ruleta\" class=\"wp-image-26039\" srcset=\"https:\/\/supercuotas.gratis\/wp-content\/uploads\/2023\/01\/codere-mesas-de-ruleta-1024x471.png 1024w, https:\/\/supercuotas.gratis\/wp-content\/uploads\/2023\/01\/codere-mesas-de-ruleta-300x138.png 300w, https:\/\/supercuotas.gratis\/wp-content\/uploads\/2023\/01\/codere-mesas-de-ruleta-768x353.png 768w, https:\/\/supercuotas.gratis\/wp-content\/uploads\/2023\/01\/codere-mesas-de-ruleta.png 1356w\" sizes=\"(max-width: 1024px) 100vw, 1024px\" \/><\/a><\/figure>\n\n\n<p>[ratings]<\/p>\n\n\n\n<div class=\"wp-block-rank-math-faq-block\"><div class=\"rank-math-faq-item\"><h3 class=\"rank-math-question\">\u00bfQu\u00e9 es Codere?<\/h3><div class=\"rank-math-answer\">Este es un grandioso sitio de apuestas en l\u00ednea.<\/div><\/div><div class=\"rank-math-faq-item\"><h3 class=\"rank-math-question\">\u00bfQu\u00e9 encontrar\u00e9 dentro de Codere?<\/h3><div class=\"rank-math-answer\">Una gran variedad de bonos, promociones y los mejores juegos de apuesta.<\/div><\/div><div class=\"rank-math-faq-item\"><h3 class=\"rank-math-question\">\u00bfPara acceder debo ser usuario?<\/h3><div class=\"rank-math-answer\">Claro que si, deber\u00e1s ser usuario de esta casa de apuestas.<\/div><\/div><div class=\"rank-math-faq-item\"><h3 class=\"rank-math-question\">\u00bfC\u00f3mo me registro?<\/h3><div class=\"rank-math-answer\">Accediendo a su sitio, y completando su registro.<\/div><\/div><div class=\"rank-math-faq-item\"><h3 class=\"rank-math-question\">\u00bfPosee beneficios este sitio?<\/h3><div class=\"rank-math-answer\">Si, encontrar\u00e1s grandes beneficios.<\/div><\/div><div class=\"rank-math-faq-item\"><h3 class=\"rank-math-question\">\u00bfPosee Codere un bono para ruletas?<\/h3><div class=\"rank-math-answer\">No, actualmente no hay un bono de estas caracter\u00edsticas disponible.<\/div><\/div><div class=\"rank-math-faq-item\"><h3 class=\"rank-math-question\">\u00bfDebo ser mayor para ser usuario?<\/h3><div class=\"rank-math-answer\">Para acceder a este sitio de apuestas, deber\u00e1s ser mayor de edad, sin excepciones.<\/div><\/div><\/div>\n","protected":false},"excerpt":{"rendered":"<p>\u00bfEst\u00e1s buscando la mejor opci\u00f3n para casinos? \u00bfDeseas jugar a las mejores ruletas? Entonces tienes que saber que, te encuentras en el sitio indicado. Ya que hoy, te ense\u00f1aremos todo sobre el sector de casino y casino en vivo de Codere. All\u00ed tendr\u00e1s la gran oportunidad de acceder a los mejores beneficios, para que de &#8230; <a title=\"Codere Bono Ruletas \u00bb Mejores Ofertas en Argentina\" class=\"read-more\" href=\"https:\/\/supercuotas.gratis\/arg\/codere-bono-ruletas-casino-ciudad-buenos-aires\/\" aria-label=\"Read more about Codere Bono Ruletas \u00bb Mejores Ofertas en Argentina\">Read more<\/a><\/p>\n","protected":false},"author":74,"featured_media":0,"parent":0,"menu_order":0,"comment_status":"closed","ping_status":"closed","template":"","meta":{"_uag_custom_page_level_css":"","generate_page_header":"","footnotes":""},"class_list":["post-26010","page","type-page","status-publish"],"uagb_featured_image_src":{"full":false,"thumbnail":false,"medium":false,"medium_large":false,"large":false,"1536x1536":false,"2048x2048":false},"uagb_author_info":{"display_name":"Facundo","author_link":"https:\/\/supercuotas.gratis\/arg\/author\/facundo\/"},"uagb_comment_info":0,"uagb_excerpt":"\u00bfEst\u00e1s buscando la mejor opci\u00f3n para casinos? \u00bfDeseas jugar a las mejores ruletas? Entonces tienes que saber que, te encuentras en el sitio indicado. Ya que hoy, te ense\u00f1aremos todo sobre el sector de casino y casino en vivo de Codere. All\u00ed tendr\u00e1s la gran oportunidad de acceder a los mejores beneficios, para que de&hellip;","_links":{"self":[{"href":"https:\/\/supercuotas.gratis\/arg\/wp-json\/wp\/v2\/pages\/26010","targetHints":{"allow":["GET"]}}],"collection":[{"href":"https:\/\/supercuotas.gratis\/arg\/wp-json\/wp\/v2\/pages"}],"about":[{"href":"https:\/\/supercuotas.gratis\/arg\/wp-json\/wp\/v2\/types\/page"}],"author":[{"embeddable":true,"href":"https:\/\/supercuotas.gratis\/arg\/wp-json\/wp\/v2\/users\/74"}],"replies":[{"embeddable":true,"href":"https:\/\/supercuotas.gratis\/arg\/wp-json\/wp\/v2\/comments?post=26010"}],"version-history":[{"count":0,"href":"https:\/\/supercuotas.gratis\/arg\/wp-json\/wp\/v2\/pages\/26010\/revisions"}],"wp:attachment":[{"href":"https:\/\/supercuotas.gratis\/arg\/wp-json\/wp\/v2\/media?parent=26010"}],"curies":[{"name":"wp","href":"https:\/\/api.w.org\/{rel}","templated":true}]}}