{"id":25920,"date":"2023-01-31T03:32:17","date_gmt":"2023-01-31T02:32:17","guid":{"rendered":"https:\/\/supercuotas.gratis\/?page_id=25920"},"modified":"2023-02-02T17:54:19","modified_gmt":"2023-02-02T16:54:19","slug":"codere-bono-apuestas-deportivas-ciudad-buenos-aires","status":"publish","type":"page","link":"https:\/\/supercuotas.gratis\/arg\/codere-bono-apuestas-deportivas-ciudad-buenos-aires\/","title":{"rendered":"Codere Bono Apuestas Deportivas \u00bb \u00a1$5.000 de Bienvenida!"},"content":{"rendered":"\n<p>Con el Codere bono apuestas deportivas vas a poder<strong> duplicar tu dep\u00f3sito y jugar mucho m\u00e1s<\/strong>. Adem\u00e1s de <strong>uno de los mejores <em>sportsbooks<\/em> de Argentina<\/strong>, tambi\u00e9n vas a tener a tu alcance una<strong> completa selecci\u00f3n de juegos de casino y slots<\/strong>. Hoy te vamos a contar todo sobre esta <strong>oferta de bienvenida y la forma m\u00e1s simple de obtenerla<\/strong>, as\u00ed como algo sobre las caracter\u00edsticas que hacen de Codere un sitio de primer nivel. <a href=\"https:\/\/recor.to\/coderearg\" target=\"_blank\" rel=\"noreferrer noopener nofollow sponsored\">Visitalo<\/a>. <\/p>\n\n\n\n<figure class=\"wp-block-image size-large\"><a href=\"https:\/\/recor.to\/coderearg\" target=\"_blank\" rel=\"noreferrer noopener nofollow sponsored\"><img fetchpriority=\"high\" decoding=\"async\" width=\"1024\" height=\"341\" src=\"https:\/\/supercuotas.gratis\/wp-content\/uploads\/2023\/01\/codere-bono-apuestas-deportivas-1024x341.png\" alt=\"codere bono apuestas deportivas\" class=\"wp-image-25921\" srcset=\"https:\/\/supercuotas.gratis\/wp-content\/uploads\/2023\/01\/codere-bono-apuestas-deportivas-1024x341.png 1024w, https:\/\/supercuotas.gratis\/wp-content\/uploads\/2023\/01\/codere-bono-apuestas-deportivas-300x100.png 300w, https:\/\/supercuotas.gratis\/wp-content\/uploads\/2023\/01\/codere-bono-apuestas-deportivas-768x255.png 768w, https:\/\/supercuotas.gratis\/wp-content\/uploads\/2023\/01\/codere-bono-apuestas-deportivas.png 1263w\" sizes=\"(max-width: 1024px) 100vw, 1024px\" \/><\/a><\/figure>\n\n\n\n<h2 class=\"wp-block-heading\"><strong>Todo lo que necesit\u00e1s saber sobre Codere<\/strong><\/h2>\n\n\n\n<p>Ahora bien, antes de aprovechar el <a href=\"https:\/\/recor.to\/coderearg\" target=\"_blank\" rel=\"noreferrer noopener nofollow sponsored\">Codere <\/a>bono apuestas deportivas, o cualquier oferta en otro sitio,<strong> es saludable preguntarse por su reputaci\u00f3n y la calidad de su oferta de entretenimiento<\/strong>. De ese modo, nos vamos a asegurar no s\u00f3lo que nuestro dinero est\u00e1 en buenas manos, sino que tambi\u00e9n vamos a poder seguir emple\u00e1ndolo en apuestas o juegos interesantes si as\u00ed lo deseamos. <strong>En el caso de Codere, vas a poder hacer todo esto y mucho m\u00e1s<\/strong>. Estamos hablando de <strong>una casa con m\u00e1s de cuatro d\u00e9cadas de trayectoria<\/strong>, que dio sus primeros pasos en Madrid en el terreno de las m\u00e1quinas recreativas. <\/p>\n\n\n\n<p>Con el correr de los a\u00f1os,<a href=\"https:\/\/recor.to\/coderearg\" target=\"_blank\" rel=\"noreferrer noopener nofollow sponsored\"> la firma<\/a> pudo aprovechar su car\u00e1cter pionero y expandir su negocio. Primero, hacia otros segmentos del sector, como los<strong> bingos, los hip\u00f3dromos y las salas de juego<\/strong>. Despu\u00e9s, hacia otros pa\u00edses y regiones. <strong>Hoy, adem\u00e1s de nuestro pa\u00eds, Codere est\u00e1 presente desde hace d\u00e9cadas en M\u00e9xico, Colombia, Uruguay y Panam\u00e1 en Latinoam\u00e9rica, mientras que en Europa sigue vigente en Espa\u00f1a y en Italia<\/strong>. Puntualmente en Argentina, la empresa <strong>opera numerosos bingos en localidades importantes de la provincia de Buenos Aires<\/strong>, como La Plata, Mar del Plata, San Mart\u00edn, Lan\u00fas y San Miguel, entre otros. <\/p>\n\n\n\n<p><strong>Esto le ha permitido cosechar el prestigio suficiente para que un grande del pa\u00eds, como River Plate<\/strong>, vista el logo de la marca en sus camisetas. Pero tambi\u00e9n le ha valido a nivel global la <strong>alianza con gigantes como el Real Madrid<\/strong>, para quien desempe\u00f1a la funci\u00f3n de <a href=\"https:\/\/recor.to\/coderearg\" target=\"_blank\" rel=\"noreferrer noopener nofollow sponsored\">casa oficial de apuestas<\/a>. La historia de Codere fue coronada en los \u00faltimos a\u00f1os con su <strong>exitosa incursi\u00f3n en el segmento del juego en l\u00ednea<\/strong>. Y ac\u00e1 tambi\u00e9n hizo valer sus credenciales. Estas se reflejan en la <strong>diversidad de m\u00e9todos de pago<\/strong> ofrecidos en todos los pa\u00edses en que est\u00e1 disponible y en su \u00e9nfasis en la seguridad de sus clientes. As\u00ed lo prueban los <strong>cifrados m\u00faltiples con certificados SSL\/TLS de GlobalSign<\/strong>. <\/p>\n\n\n\n<h3 class=\"wp-block-heading\"><strong>Apuestas deportivas en Codere<\/strong><\/h3>\n\n\n\n<p>Como lo prueban los patrocinios mencionados, o el Codere bono apuestas deportivas, la expansi\u00f3n de la casa hacia el terreno del juego en l\u00ednea fue encabezada precisamente por su <em>sportsbook<\/em>. De modo que <strong>la plataforma ha cosechado un \u00e9xito importante en esta secci\u00f3n del negocio <\/strong>y, ya que hoy nos ocupa una <a href=\"https:\/\/supercuotas.gratis\/arg\/codere-bono-apuestas-futbol-ciudad-buenos-aires\/\" target=\"_blank\" rel=\"noreferrer noopener\">oferta a ella referida<\/a>, <strong>proponemos iniciar un breve repaso de sus caracter\u00edsticas por ah\u00ed<\/strong>. Apenas <a href=\"https:\/\/recor.to\/coderearg\" target=\"_blank\" rel=\"noreferrer noopener nofollow sponsored\">entr\u00e9s a esta \u00e1rea del sitio <\/a>de Codere, te vas a topar con una<strong> lista de 20 deportes<\/strong>, entre los que, por supuesto, se cuentan <strong>los m\u00e1s populares del planeta<\/strong>. <\/p>\n\n\n\n<p>De cada uno de ellos, asimismo, vas a encontrar las <strong>ligas m\u00e1s prestigiosas de la regi\u00f3n<\/strong>, <strong>de Europa y de todos los rincones<\/strong> del mundo. Basta que <a href=\"https:\/\/recor.to\/coderearg\" target=\"_blank\" rel=\"noreferrer noopener nofollow sponsored\">revises en la parte superior los cert\u00e1menes y eventos m\u00e1s visitados<\/a>. Ah\u00ed tendr\u00e1s a tu alcance a la Liga Profesional de f\u00fatbol local, la Premier inglesa o LaLiga de Espa\u00f1a.<strong> En cada una de ellas vas a poder jugar en una cantidad enorme de mercados, ya sea para apostar en los que creas m\u00e1s seguros o para hacer combinadas con ganancias elevadas<\/strong>. Pero tambi\u00e9n vas a poder acceder a estas \u00faltimas <strong>todos los d\u00edas con las cuotas especiales disponibles en eventos seleccionados<\/strong>. Probalas con el <a href=\"https:\/\/supercuotas.gratis\/arg\/codere-bono-apuestas-deportivas-ciudad-buenos-aires\/\" target=\"_blank\" rel=\"noreferrer noopener\">Codere bono apuestas deportivas<\/a> del que hablaremos. <\/p>\n\n\n\n<h3 class=\"wp-block-heading\"><strong>Juegos de casino en Codere<\/strong><\/h3>\n\n\n\n<p>Pero, como sostuvimos al inicio de este art\u00edculo, <strong>esta no es una de esas plataformas en las que un espl\u00e9ndido <em>sportsbook<\/em> es complementado por unas cuantas slots y algunos juegos de mesa<\/strong>. O que s\u00f3lo ofrece un Codere bono apuestas deportivas. Por el contrario, <strong>en <a href=\"https:\/\/recor.to\/coderearg\" target=\"_blank\" rel=\"noreferrer noopener nofollow sponsored\">la casa<\/a> tambi\u00e9n vas a tener acceso a una nutrida oferta de tragamonedas, de video bingo, de ruletas y Blackjack<\/strong>. Sobre las slots, puntualmente, debemos remarcar que se renuevan constantemente, de manera que, <strong>adem\u00e1s de las m\u00e1s populares del rubro, tambi\u00e9n vas a poder disfrutar de las que lanzan los mejores proveedores<\/strong> al mercado con regularidad. <\/p>\n\n\n\n<p>Pero, cuidado. Eso no es todo. En Codere est\u00e1n atentos a los intereses y las demandas de los usuarios, por lo que en la plataforma <strong>pr\u00e1cticamente todos los jugadores van a encontrar lo que buscan<\/strong>. Y, probablemente s\u00f3lo debajo de las tragamonedas,<strong> lo m\u00e1s codiciado<\/strong> por ellos en todos los casinos en l\u00ednea del mundo son <strong>las mesas en directo de ruleta, Baccarat y Blackjack.<\/strong> Por lo tanto, en la p\u00e1gina de Codere vas a poder encontrar todas estas opciones <strong>en diferentes modalidades y versiones<\/strong> y, por supuesto, coordinadas por <strong>crupieres profesionales<\/strong> de los<strong> mejores proveedores<\/strong>. Nos referimos a los que vas a encontrar en cualquier sitio de juego de nivel internacional. \u00a1<a href=\"https:\/\/recor.to\/coderearg\" target=\"_blank\" rel=\"noreferrer noopener nofollow sponsored\">Prob\u00e1 la secci\u00f3n ahora<\/a>!<\/p>\n\n\n\n<figure class=\"wp-block-image size-large\"><a href=\"https:\/\/recor.to\/coderearg\" target=\"_blank\" rel=\"noreferrer noopener nofollow sponsored\"><img decoding=\"async\" width=\"1024\" height=\"341\" src=\"https:\/\/supercuotas.gratis\/wp-content\/uploads\/2023\/01\/codere-bono-deportes-1024x341.png\" alt=\"codere bono deportes\" class=\"wp-image-25929\" srcset=\"https:\/\/supercuotas.gratis\/wp-content\/uploads\/2023\/01\/codere-bono-deportes-1024x341.png 1024w, https:\/\/supercuotas.gratis\/wp-content\/uploads\/2023\/01\/codere-bono-deportes-300x100.png 300w, https:\/\/supercuotas.gratis\/wp-content\/uploads\/2023\/01\/codere-bono-deportes-768x256.png 768w, https:\/\/supercuotas.gratis\/wp-content\/uploads\/2023\/01\/codere-bono-deportes.png 1263w\" sizes=\"(max-width: 1024px) 100vw, 1024px\" \/><\/a><\/figure>\n\n\n\n<h2 class=\"wp-block-heading\"><strong>Codere bono apuestas deportivas<\/strong><\/h2>\n\n\n\n<p>Llegados a este punto, podemos recapitular lo expuesto. <a href=\"https:\/\/recor.to\/coderearg\" target=\"_blank\" rel=\"noreferrer noopener nofollow sponsored\">Codere <\/a>es una empresa con una vasta trayectoria, segura y que ofrece uno de los m\u00e1s interesantes <em>sportsbooks<\/em> al que vas a poder acceder en el pa\u00eds, as\u00ed como un buen cat\u00e1logo de juegos de casino. De modo que <strong>estamos en condiciones de sostener que el Codere bono apuestas deportivas es una gran oportunidad para empezar a disfrutar de todo esto y, claro, de dinero extra para tus apuestas<\/strong>. <\/p>\n\n\n\n<p>Por lo tanto, ahora nos podemos enfocar en las caracter\u00edsticas de la oferta y el procedimiento para solicitarla. Por el momento, basta decir que se trata de un <strong>bono de bienvenida<\/strong> por el <strong>100% del valor de tu primer dep\u00f3sito en el sitio<\/strong> para jugar en apuestas deportivas. Veamos. <\/p>\n\n\n\n<h3 class=\"wp-block-heading\"><strong>Codere bono apuestas deportivas<\/strong><\/h3>\n\n\n\n<p>El Codere bono apuestas deportivas es una <strong>promoci\u00f3n exclusiva para nuevos usuarios de la plataforma que a\u00fan no hayan realizado su primer dep\u00f3sito en ella<\/strong>. Por lo tanto, el primer paso imprescindible para obtenerla es <a href=\"https:\/\/recor.to\/coderearg\" target=\"_blank\" rel=\"noreferrer noopener nofollow sponsored\">ingresar a ella<\/a> y registrarte completando tus datos personales. Luego, <strong>vas a tener que ingresar al menos $500 en tu cuenta y apostar la totalidad del monto depositado en apuestas con cuotas de 2.00 o m\u00e1s<\/strong>. Cuando completes este <strong>requisito de apuesta<\/strong>, vas a obtener una bonificaci\u00f3n <strong>por el 100% del valor que hayas ingresado que puede alcanzar hasta los $5.000<\/strong>. <\/p>\n\n\n\n<p>Los fondos bonificados van a poder ser <strong>jugados en apuestas con cuotas de al menos 1.5 <\/strong>y tienen un plazo de validez de<strong> 7 d\u00edas<\/strong>. \u00a1Listo! Antes de solicitar el bono, examin\u00e1 con atenci\u00f3n sus t\u00e9rminos y condiciones en la <a href=\"https:\/\/recor.to\/coderearg\" target=\"_blank\" rel=\"noreferrer noopener nofollow sponsored\">p\u00e1gina de Codere<\/a>. <\/p>\n\n\n\n<h3 class=\"wp-block-heading\"><strong>Gan\u00e1 $500 extra en <em>freebets<\/em><\/strong><\/h3>\n\n\n\n<p>Pero en Codere las promociones no son s\u00f3lo cosa de una vez. O un mero instrumento destinado a atraer clientes. Por el contrario, <strong>en la casa recompensan a sus clientes con interesantes ofertas todos los d\u00edas<\/strong>. Prueba de ello es esta otra interesante promoci\u00f3n de la que hablaremos a continuaci\u00f3n, la cual podr\u00e1s disfrutar una vez que ya seas un usuario regular de la plataforma que ya aprovech\u00f3 su Codere bono apuestas deportivas. Este beneficio exclusivo de <a href=\"https:\/\/recor.to\/coderearg\" target=\"_blank\" rel=\"noreferrer noopener nofollow sponsored\">la casa<\/a> consiste en un <strong>bono de $500 en concepto de apuestas gratuitas al que vas a poder acceder con tu primer dep\u00f3sito de al menos $1.000 de cada mes<\/strong>. <\/p>\n\n\n\n<p>Ten\u00e9 en cuenta que para poder reclamarlo <strong>es necesario haber apostado al menos $500 el mes anterior<\/strong> al dep\u00f3sito y que, una vez que lo obtengas, vas a tener que usarlo en <strong>apuestas con cuotas de al menos 1.50<\/strong>. Nuevamente, te recomendamos leer con atenci\u00f3n los t\u00e9rminos y condiciones disponibles en la <a href=\"https:\/\/recor.to\/coderearg\" target=\"_blank\" rel=\"noreferrer noopener nofollow sponsored\">p\u00e1gina de la casa<\/a>. Estas son s\u00f3lo algunas de las ofertas interesantes que tiene Codere para sus usuarios. Si quer\u00e9s conocerlas a todas, visit\u00e1 <a href=\"https:\/\/supercuotas.gratis\/arg\/codere\/\" target=\"_blank\" rel=\"noreferrer noopener\">este art\u00edculo<\/a> en el que las rese\u00f1amos.<\/p>\n\n\n\n<figure class=\"wp-block-image size-large\"><a href=\"https:\/\/recor.to\/coderearg\" target=\"_blank\" rel=\"noreferrer noopener nofollow sponsored\"><img decoding=\"async\" width=\"1024\" height=\"341\" src=\"https:\/\/supercuotas.gratis\/wp-content\/uploads\/2023\/01\/codere-apuestas-deportivas-1024x341.png\" alt=\"codere apuestas deportivas\" class=\"wp-image-25938\" srcset=\"https:\/\/supercuotas.gratis\/wp-content\/uploads\/2023\/01\/codere-apuestas-deportivas-1024x341.png 1024w, https:\/\/supercuotas.gratis\/wp-content\/uploads\/2023\/01\/codere-apuestas-deportivas-300x100.png 300w, https:\/\/supercuotas.gratis\/wp-content\/uploads\/2023\/01\/codere-apuestas-deportivas-768x256.png 768w, https:\/\/supercuotas.gratis\/wp-content\/uploads\/2023\/01\/codere-apuestas-deportivas.png 1263w\" sizes=\"(max-width: 1024px) 100vw, 1024px\" \/><\/a><\/figure>\n\n\n\n<h2 class=\"wp-block-heading\"><strong>Preguntas frecuentes sobre Codere<\/strong><\/h2>\n\n\n\n<div class=\"wp-block-rank-math-faq-block\"><div class=\"rank-math-faq-item\"><h3 class=\"rank-math-question\">\u00bfQu\u00e9 es Codere?<\/h3><div class=\"rank-math-answer\">Es una empresa de juego de origen espa\u00f1ol con m\u00e1s de cuatro d\u00e9cadas de experiencia en el rubro que opera uno de los sitios de apuestas en l\u00ednea m\u00e1s famosos de Latinoam\u00e9rica.<\/div><\/div><div class=\"rank-math-faq-item\"><h3 class=\"rank-math-question\">\u00bfEs seguro jugar en el sitio?<\/h3><div class=\"rank-math-answer\">Por supuesto. As\u00ed lo garantiza el sistema de cifrados m\u00faltiples con certificados SSL\/TLS de GlobalSign.<\/div><\/div><div class=\"rank-math-faq-item\"><h3 class=\"rank-math-question\">\u00bfQu\u00e9 puedo encontrar en el sitio?<\/h3><div class=\"rank-math-answer\">Adem\u00e1s de una amplia variedad de mercados, deportes y cuotas especiales, Codere ofrece una interesante selecci\u00f3n de slots, juegos de mesa y casino en vivo. <\/div><\/div><div class=\"rank-math-faq-item\"><h3 class=\"rank-math-question\">\u00bfOfrece Codere bono apuestas deportivas?<\/h3><div class=\"rank-math-answer\">S\u00ed. Pod\u00e9s reclamarlo con tu primer dep\u00f3sito en el sitio. Le\u00e9 el art\u00edculo para saber todo sobre \u00e9l.<\/div><\/div><div class=\"rank-math-faq-item\"><h3 class=\"rank-math-question\">\u00bfExisten otras ofertas en la plataforma?<\/h3><div class=\"rank-math-answer\">Claro. Pod\u00e9s disfrutar de promociones mensuales exclusivas, cuotas especiales, juegos semanales y sorteos.<\/div><\/div><div class=\"rank-math-faq-item\"><h3 class=\"rank-math-question\">\u00bfTengo que descargar una aplicaci\u00f3n para jugar desde el celular?<\/h3><div class=\"rank-math-answer\">No es necesario. Adem\u00e1s de que el sitio de Codere se ajusta perfectamente a todos los dispositivos, la casa s\u00f3lo tiene una <em>app <\/em>para acumular puntos y aprovechar promociones en sus bingos.<\/div><\/div><div class=\"rank-math-faq-item\"><h3 class=\"rank-math-question\">\u00bfQu\u00e9 m\u00e9todos de pago est\u00e1n disponibles en Codere?<\/h3><div class=\"rank-math-answer\">Pod\u00e9s hacer tus dep\u00f3sitos con Mercado Pago, transferencias bancarias, DEBIN y tarjetas. <\/div><\/div><\/div>\n","protected":false},"excerpt":{"rendered":"<p>Con el Codere bono apuestas deportivas vas a poder duplicar tu dep\u00f3sito y jugar mucho m\u00e1s. Adem\u00e1s de uno de los mejores sportsbooks de Argentina, tambi\u00e9n vas a tener a tu alcance una completa selecci\u00f3n de juegos de casino y slots. Hoy te vamos a contar todo sobre esta oferta de bienvenida y la forma &#8230; <a title=\"Codere Bono Apuestas Deportivas \u00bb \u00a1$5.000 de Bienvenida!\" class=\"read-more\" href=\"https:\/\/supercuotas.gratis\/arg\/codere-bono-apuestas-deportivas-ciudad-buenos-aires\/\" aria-label=\"Read more about Codere Bono Apuestas Deportivas \u00bb \u00a1$5.000 de Bienvenida!\">Read more<\/a><\/p>\n","protected":false},"author":77,"featured_media":0,"parent":0,"menu_order":0,"comment_status":"closed","ping_status":"closed","template":"","meta":{"_uag_custom_page_level_css":"","generate_page_header":"","footnotes":""},"class_list":["post-25920","page","type-page","status-publish"],"uagb_featured_image_src":{"full":false,"thumbnail":false,"medium":false,"medium_large":false,"large":false,"1536x1536":false,"2048x2048":false},"uagb_author_info":{"display_name":"Gonzalo","author_link":"https:\/\/supercuotas.gratis\/arg\/author\/gonzalo\/"},"uagb_comment_info":0,"uagb_excerpt":"Con el Codere bono apuestas deportivas vas a poder duplicar tu dep\u00f3sito y jugar mucho m\u00e1s. Adem\u00e1s de uno de los mejores sportsbooks de Argentina, tambi\u00e9n vas a tener a tu alcance una completa selecci\u00f3n de juegos de casino y slots. Hoy te vamos a contar todo sobre esta oferta de bienvenida y la forma&hellip;","_links":{"self":[{"href":"https:\/\/supercuotas.gratis\/arg\/wp-json\/wp\/v2\/pages\/25920","targetHints":{"allow":["GET"]}}],"collection":[{"href":"https:\/\/supercuotas.gratis\/arg\/wp-json\/wp\/v2\/pages"}],"about":[{"href":"https:\/\/supercuotas.gratis\/arg\/wp-json\/wp\/v2\/types\/page"}],"author":[{"embeddable":true,"href":"https:\/\/supercuotas.gratis\/arg\/wp-json\/wp\/v2\/users\/77"}],"replies":[{"embeddable":true,"href":"https:\/\/supercuotas.gratis\/arg\/wp-json\/wp\/v2\/comments?post=25920"}],"version-history":[{"count":1,"href":"https:\/\/supercuotas.gratis\/arg\/wp-json\/wp\/v2\/pages\/25920\/revisions"}],"predecessor-version":[{"id":29464,"href":"https:\/\/supercuotas.gratis\/arg\/wp-json\/wp\/v2\/pages\/25920\/revisions\/29464"}],"wp:attachment":[{"href":"https:\/\/supercuotas.gratis\/arg\/wp-json\/wp\/v2\/media?parent=25920"}],"curies":[{"name":"wp","href":"https:\/\/api.w.org\/{rel}","templated":true}]}}