{"id":25890,"date":"2023-01-30T18:48:29","date_gmt":"2023-01-30T17:48:29","guid":{"rendered":"https:\/\/supercuotas.gratis\/?page_id=25890"},"modified":"2023-01-30T19:10:23","modified_gmt":"2023-01-30T18:10:23","slug":"codere-todos-los-codigos-promocionales-ciudad-buenos-aires","status":"publish","type":"page","link":"https:\/\/supercuotas.gratis\/arg\/codere-todos-los-codigos-promocionales-ciudad-buenos-aires\/","title":{"rendered":"Codere C\u00f3digos Promocionales \u00bb C\u00f3digos de Bono [Actualizados]"},"content":{"rendered":"\n<p><strong>En este art\u00edculo te vamos a contar cu\u00e1les son los Codere C\u00f3digos Promocionales. Y no solo eso. Adem\u00e1s, el uso que la casa les da y para qu\u00e9 sirven. <\/strong>Claro que tambi\u00e9n haremos una descripci\u00f3n de los principales bonos para Argentina y de las caracter\u00edsticas salientes del servicio del sitio. <strong><a href=\"https:\/\/recor.to\/coderearg\" target=\"_blank\" rel=\"noreferrer noopener nofollow sponsored\">\u00a1Empieza por registrarte!<\/a><\/strong><\/p>\n\n\n\n<figure class=\"wp-block-image size-full\"><a href=\"https:\/\/recor.to\/coderearg\" target=\"_blank\" rel=\"noreferrer noopener nofollow sponsored\"><img fetchpriority=\"high\" decoding=\"async\" width=\"1024\" height=\"576\" src=\"https:\/\/supercuotas.gratis\/wp-content\/uploads\/2023\/01\/codere-codigos-promocionales.jpg\" alt=\"codere c\u00f3digos promocionales\" class=\"wp-image-25891\" srcset=\"https:\/\/supercuotas.gratis\/wp-content\/uploads\/2023\/01\/codere-codigos-promocionales.jpg 1024w, https:\/\/supercuotas.gratis\/wp-content\/uploads\/2023\/01\/codere-codigos-promocionales-300x169.jpg 300w, https:\/\/supercuotas.gratis\/wp-content\/uploads\/2023\/01\/codere-codigos-promocionales-768x432.jpg 768w\" sizes=\"(max-width: 1024px) 100vw, 1024px\" \/><\/a><\/figure>\n\n\n\n<h2 class=\"wp-block-heading\"><strong>Todo lo que tienes que saber sobre Codere Argentina<\/strong><\/h2>\n\n\n\n<p><strong>Si bien en este art\u00edculo nos ocuparemos de los Codere C\u00f3digos Promocionales<\/strong>, como adelantamos al inicio, tambi\u00e9n haremos un recorrido por el servicio de la casa en Argentina. Con el prop\u00f3sito de que lo conozcas en profundidad y puedas determinar si es lo que est\u00e1s buscando para tu juego. <strong>De nuestra parte, consideramos que es una de las mejores opciones tanto para hacer apuestas deportivas como para disfrutar de tus juegos de casino predilectos. <a href=\"https:\/\/recor.to\/coderearg\" target=\"_blank\" rel=\"noreferrer noopener nofollow sponsored\">\u00a1Ingresa a la plataforma y compru\u00e9balo!<\/a><\/strong><\/p>\n\n\n\n<p><strong>Lo primero a decir con respecto a Codere es que su servicio es completamente seguro. Porque la casa opera bajo permiso de la Loter\u00eda de la Ciudad Aut\u00f3noma de Buenos Aires.<\/strong> Recuerda que para jugar u apostar, debes estar f\u00edsicamente ubicado en CABA, no en otra parte del pa\u00eds. <strong>Adem\u00e1s, el sitio protege tus datos personales y bancarios con tecnolog\u00eda de vanguardia.<\/strong> Esto significa que nadie acceder\u00e1 a tu informaci\u00f3n m\u00e1s que el personal autorizado. <\/p>\n\n\n\n<p><strong>Si hablamos de m\u00e9todos de pago, hay distintas opciones para los usuarios de Argentina. Ellas son MasterCard, DEBIN, Transferencia Bancaria y Mercado Pago.<\/strong> Repasa las caracter\u00edsticas de cada alternativa (tiempos de procesamiento y valores m\u00ednimos y m\u00e1ximos para dep\u00f3sitos y retiradas) y elige aquella que se adapte a tus posibilidades y conveniencias. <strong>Todas funcionan de forma r\u00e1pida, simple y eficaz. No tendr\u00e1s ninguna dificultad a la hora de ingresar o sacar fondos. <\/strong><\/p>\n\n\n\n<p>Antes de pasar a los mercados para luego llegar a los Codere C\u00f3digos Promocionales, una cosa m\u00e1s. <strong>La plataforma de <a href=\"https:\/\/recor.to\/coderearg\" target=\"_blank\" rel=\"noreferrer noopener nofollow sponsored\">esta casa<\/a> no es de las m\u00e1s sofisticadas en cuanto al dise\u00f1o pero s\u00ed posee informaci\u00f3n clara y correctamente se\u00f1alizada. <\/strong>Esto implica que gozar\u00e1s de \u00e1gil navegaci\u00f3n y que <strong>no tendr\u00e1s que perder el tiempo para encontrar aquello que buscas. <\/strong>Parece algo simple, pero a la vez resulta determinante para disfrutar de una experiencia de usuario de mejor calidad. <\/p>\n\n\n\n<h2 class=\"wp-block-heading\"><strong>Mercados de Codere disponibles en Argentina<\/strong><\/h2>\n\n\n\n<h3 class=\"wp-block-heading\"><strong>Apuestas Deportivas<\/strong><\/h3>\n\n\n\n<p>Ya falta menos para llegar a la explicaci\u00f3n de los Codere C\u00f3digos Promocionales. <strong>Previo a ello, haremos un breve recorrido por los mercados de la casa. Y empezamos por las apuestas deportivas<\/strong>, ya que en Argentina el deporte se vive con una pasi\u00f3n especial. <strong><a href=\"https:\/\/recor.to\/coderearg\" target=\"_blank\" rel=\"noreferrer noopener nofollow sponsored\">Ingresa a Codere <\/a>y encuentra un amplio abanico de disciplinas, con la m\u00e1s amplia cobertura tanto a nivel nacional como internacional.<\/strong> Desde las disciplinas m\u00e1s populares hasta las menos masivas o convencionales. <\/p>\n\n\n\n<p><strong>Apuesta en los partidos de la Liga Profesional de F\u00fatbol de Primera Divisi\u00f3n, en las ligas top de Europa<\/strong> y en competencias continentales como la Copa Libertadores, Copa Sudamericana, UEFA Champions League y UEFA Europa League. <strong>Por fuera del f\u00fatbol, haz pron\u00f3sticos en la NBA, F\u00f3rmula 1, NFL, veladas de boxeo, combates de UFC y mucho m\u00e1s.<\/strong> Si hay un evento de inter\u00e9s popular, all\u00ed estar\u00e1n los mercados de Codere para que pongas a prueba tus conocimientos. <\/p>\n\n\n\n<p><strong>A todo lo mencionado hasta ahora se le agrega el <a href=\"https:\/\/supercuotas.gratis\/arg\/codere-bono-apuestas-deportivas-ciudad-buenos-aires\/\" target=\"_blank\" rel=\"noreferrer noopener\">Bono de Codere para Apuestas Deportivas. <\/a>\u00bfQuieres apostar con el doble de fondos? Pues est\u00e1s a tan solo un clic de distancia.<\/strong> Ent\u00e9rate c\u00f3mo obtener la oferta y cu\u00e1les son los t\u00e9rminos y condiciones a respetar. <strong>Adem\u00e1s, aprovecha las mejores cuotas de la casa y de esta manera alcanza ganancias incre\u00edbles.<\/strong> Y tambi\u00e9n dispones de la posibilidad de hacer pron\u00f3sticos en vivo, tanto con selecciones simples como combinadas. S\u00edguenos, que falta menos para llegar a los Codere C\u00f3digos Promocionales. <\/p>\n\n\n\n<h3 class=\"wp-block-heading\"><strong>Juegos de Casino y Casino en Vivo<\/strong><\/h3>\n\n\n\n<p>Nos acercamos a los Codere C\u00f3digos Promocionales. La estaci\u00f3n previa es completar la informaci\u00f3n sobre los mercados de la casa. <strong>Y para ello, hay que hablar de los juegos de casino de Codere. <\/strong>Porque si buscas diversi\u00f3n adem\u00e1s de hacer dinero, por supuesto que la encontrar\u00e1s. <strong>Nuevos lanzamientos, ediciones cl\u00e1sicas y lo m\u00e1s popular del momento forman parte del men\u00fa de este sitio de enorme prestigio a nivel mundial. <\/strong><\/p>\n\n\n\n<p><strong>Juegos de guerra, animales, antiguo Egipto, mitol\u00f3gicos, dibujos animados, Halloween, Navidad, deportes, pel\u00edculas y series, vikingos y muchas tem\u00e1ticas m\u00e1s.<\/strong> Por supuesto, todo equipado con la m\u00e1s alta calidad de gr\u00e1ficos y sonido que garantizan los proveedores de mayor prestigio y trayectoria dentro de la industria. <strong>Y para completar una secci\u00f3n estupenda, est\u00e1 el <a href=\"https:\/\/supercuotas.gratis\/arg\/codere-bono-casino-ciudad-buenos-aires\/\" target=\"_blank\" rel=\"noreferrer noopener\">Bono Casino de Codere disponible en Argentina.<\/a> \u00a1No te lo pierdas!<\/strong><\/p>\n\n\n\n<p><strong>Para completar la trilog\u00eda de mercados perfecta, est\u00e1n las salas de casino en vivo. Ruletas, Blackjack, Baccarat y P\u00f3ker ante crupiers de verdad.<\/strong> \u00bfDeseas disfrutar de una experiencia de casino real pero sin abandonar la comodidad y calidez de tu hogar? Pues esta modalidad te calzar\u00e1 como anillo al dedo. <strong>No solo podr\u00e1s ganar, sino adem\u00e1s sentir las emociones m\u00e1s intensas<\/strong> gracias a un ambiente fant\u00e1stico. Dicho esto, ahora acomp\u00e1\u00f1anos a la explicaci\u00f3n de los Codere C\u00f3digos Promocionales. <\/p>\n\n\n\n<h2 class=\"wp-block-heading\"><strong>Codere C\u00f3digos Promocionales para Argentina<\/strong><\/h2>\n\n\n\n<p><strong>Ahora s\u00ed, lleg\u00f3 el momento de hablar de los Codere C\u00f3digos Promocionales para la Argentina.<\/strong> Antes de meternos en lo m\u00e1s espec\u00edfico, vale una aclaraci\u00f3n sobre esta modalidad. Porque no todas las casas de apuesta y casino utilizan c\u00f3digos promocionales, e incluso hay diferencias entre quienes las emplean. <strong>Mientras que unos simplemente sirven como meros identificadores de determinada oferta, otros entregan un plus extra en las promociones.<a href=\"https:\/\/recor.to\/coderearg\" target=\"_blank\" rel=\"noreferrer noopener nofollow sponsored\"> \u00a1S\u00e9 parte de la comunidad de Codere! <\/a><\/strong><\/p>\n\n\n\n<p><strong>En el caso de los Codere C\u00f3digos Promocionales, sirven para identificar las ofertas. En el caso del Bono de Bienvenida, por ejemplo, el c\u00f3digo promocional es WB ARG SPORT.<\/strong> De todas formas, no es necesario que introduzcas dicho c\u00f3digo para solicitar la oferta. Como mencionamos antes, es solo una forma que tiene la casa de nombrar a la promoci\u00f3n. <\/p>\n\n\n\n<p><strong>Si tienes alguna duda con respecto a los Codere C\u00f3digos promocionales<\/strong>, ponte en contacto con el servicio de atenci\u00f3n al cliente. <strong>Para ello dispones de un chat en vivo que se encuentra en la plataforma, de una direcci\u00f3n de correo electr\u00f3nico e incluso de un n\u00famero de WhatsApp. <\/strong>Utiliza la v\u00eda que te resulte m\u00e1s pr\u00e1ctica y ser\u00e1s atendido a la brevedad por profesionales altamente capacitados y predispuestos en ayudarte. <strong>Tambi\u00e9n, no olvides interactuar a trav\u00e9s de las redes sociales (Twitter, Facebook e Instagram). <\/strong><\/p>\n\n\n\n<figure class=\"wp-block-image size-full\"><a href=\"https:\/\/recor.to\/coderearg\" target=\"_blank\" rel=\"noreferrer noopener nofollow sponsored\"><img decoding=\"async\" width=\"900\" height=\"474\" src=\"https:\/\/supercuotas.gratis\/wp-content\/uploads\/2023\/01\/codere-codigo-de-bono.webp\" alt=\"codere c\u00f3digo de bono\" class=\"wp-image-25899\" srcset=\"https:\/\/supercuotas.gratis\/wp-content\/uploads\/2023\/01\/codere-codigo-de-bono.webp 900w, https:\/\/supercuotas.gratis\/wp-content\/uploads\/2023\/01\/codere-codigo-de-bono-300x158.webp 300w, https:\/\/supercuotas.gratis\/wp-content\/uploads\/2023\/01\/codere-codigo-de-bono-768x404.webp 768w\" sizes=\"(max-width: 900px) 100vw, 900px\" \/><\/a><\/figure>\n\n\n\n<h2 class=\"wp-block-heading\"><strong>Promociones de Codere para Argentina<\/strong><\/h2>\n\n\n\n<h3 class=\"wp-block-heading\"><strong>Bono de Bienvenida<\/strong><\/h3>\n\n\n\n<p>Para completar este art\u00edculo sobre los Codere C\u00f3digos Promocionales, no podemos dejar de mencionar las principales ofertas de la casa para los usuarios de la Argentina. <strong>Una de ellas es el Bono de Bienvenida, que consiste en el 100% extra de tu primer dep\u00f3sito hasta un m\u00e1ximo de $5.000.<\/strong> \u00bfQuieres hacerte con este beneficio? <strong>Pues <a href=\"https:\/\/recor.to\/coderearg\" target=\"_blank\" rel=\"noreferrer noopener nofollow sponsored\">abre una cuenta<\/a>, haz una recarga no menor a $500 y apuesta la totalidad depositada a cuota m\u00ednima de 2.00. <\/strong><\/p>\n\n\n\n<p><strong>El Bono de Codere se pagar\u00e1 en forma de Freebets, que luego deber\u00e1s apostar a cuota m\u00ednima de 1.50 y que tendr\u00e1n una vigencia de 7 d\u00edas.<\/strong> Tambi\u00e9n, ten en cuenta que en caso de que la apuesta sea ganadora, solo recibir\u00e1s la ganancia neta derivada de las mismas. Y en caso de que la apuesta resulte cancelada no se devolver\u00e1 el importe de la freebet ni se asignar\u00e1 otra en su lugar.<\/p>\n\n\n\n<h3 class=\"wp-block-heading\"><strong>Promo mensual<\/strong><\/h3>\n\n\n\n<p>Todav\u00eda hay m\u00e1s. S\u00ed, <strong>porque al Bono de Bienvenida, se le agrega la Promo Mensual de Codere. Su mec\u00e1nica es simple: realiza tu primer dep\u00f3sito del mes por un valor m\u00ednimo de $1.000 y obt\u00e9n $500 extra <\/strong>de regalo en forma de Freebets. Apuesta dichos Freebets en cuotas iguales o superiores a 1.50 dentro de un lapso m\u00e1ximo de 7 d\u00edas. Adem\u00e1s, recuerda que esta promoci\u00f3n no se puede acumular con el Bono de Bienvenida. <\/p>\n\n\n\n<p>Ya cerramos este art\u00edculo sobre los Codere C\u00f3digos Promocionales. <strong>Pero antes, te dejamos un art\u00edculo con la explicaci\u00f3n de <a href=\"https:\/\/supercuotas.gratis\/arg\/codere\/\" target=\"_blank\" rel=\"noreferrer noopener\">Todos los Bonos de Codere para Argentina.<\/a> <\/strong>Ofertas imperdibles te est\u00e1n esperando, tanto para apuestas deportivas como para juegos de casino. <strong>\u00a1No dejes pasar la oportunidad de recibir beneficios \u00fanicos!<\/strong><\/p>\n\n\n\n<figure class=\"wp-block-image size-full\"><a href=\"https:\/\/recor.to\/coderearg\" target=\"_blank\" rel=\"noreferrer noopener nofollow sponsored\"><img decoding=\"async\" width=\"1000\" height=\"576\" src=\"https:\/\/supercuotas.gratis\/wp-content\/uploads\/2023\/01\/codere-codigo-promocional.jpg\" alt=\"codere c\u00f3digo promocional\" class=\"wp-image-25907\" srcset=\"https:\/\/supercuotas.gratis\/wp-content\/uploads\/2023\/01\/codere-codigo-promocional.jpg 1000w, https:\/\/supercuotas.gratis\/wp-content\/uploads\/2023\/01\/codere-codigo-promocional-300x173.jpg 300w, https:\/\/supercuotas.gratis\/wp-content\/uploads\/2023\/01\/codere-codigo-promocional-768x442.jpg 768w\" sizes=\"(max-width: 1000px) 100vw, 1000px\" \/><\/a><\/figure>\n\n\n\n<h2 class=\"wp-block-heading\"><strong>Preguntas frecuentes sobre los Codere C\u00f3digos Promocionales<\/strong><\/h2>\n\n\n\n<div class=\"wp-block-rank-math-faq-block\"><div class=\"rank-math-faq-item\"><h3 class=\"rank-math-question\">\u00bfQui\u00e9n es Codere?<\/h3><div class=\"rank-math-answer\"><strong>Una de las casas de mayor prestigio internacional<\/strong>, que incluye tanto apuestas deportivas como juegos de casino. <\/div><\/div><div class=\"rank-math-faq-item\"><h3 class=\"rank-math-question\">\u00bfHay Codere C\u00f3digos Promocionales para Argentina?<\/h3><div class=\"rank-math-answer\"><strong>S\u00ed, la casa tiene determinados c\u00f3digos promocionales<\/strong> para sus ofertas en Argentina. <\/div><\/div><div class=\"rank-math-faq-item\"><h3 class=\"rank-math-question\">\u00bfPara qu\u00e9 sirven los Codere C\u00f3digos Promocionales?<\/h3><div class=\"rank-math-answer\"><strong>En este caso, son simplemente identificadores de las ofertas<\/strong>, como por ejemplo el Bono de Bienvenida. <\/div><\/div><div class=\"rank-math-faq-item\"><h3 class=\"rank-math-question\">\u00bfEn qu\u00e9 consiste el Bono de Bienvenida de Codere?<\/h3><div class=\"rank-math-answer\"><strong>Es una oferta de bienvenida que te entrega el 100% extra de tu primer dep\u00f3sito<\/strong> hasta un m\u00e1ximo de $5.000. <\/div><\/div><div class=\"rank-math-faq-item\"><h3 class=\"rank-math-question\">\u00bfQu\u00e9 otras promociones tiene Codere para Argentina?<\/h3><div class=\"rank-math-answer\"><strong><a href=\"https:\/\/recor.to\/coderearg\" target=\"_blank\" rel=\"noreferrer noopener nofollow sponsored\">Reg\u00edstrate<\/a> y disfruta de una Promo Mensual, mediante la cual obtienes $500 extra<\/strong> si depositas un m\u00ednimo de $1.000. <\/div><\/div><div class=\"rank-math-faq-item\"><h3 class=\"rank-math-question\">\u00bfCu\u00e1les son los m\u00e9todos de pago que Codere acepta en Argentina?<\/h3><div class=\"rank-math-answer\"><strong>MasterCard, DEBIN, Transferencia Bancaria y Mercado Pago<\/strong> son las opciones que la casa tiene disponibles. <\/div><\/div><div class=\"rank-math-faq-item\"><h3 class=\"rank-math-question\">\u00bfEs seguro <a href=\"https:\/\/recor.to\/coderearg\" target=\"_blank\" rel=\"noreferrer noopener nofollow sponsored\">abrir una cuenta en Codere desde Argentina<\/a>?<\/h3><div class=\"rank-math-answer\"><strong>No hay dudas de ello, ya que la casa opera bajo permiso<\/strong> de la Loter\u00eda de la Ciudad Aut\u00f3noma de Buenos Aires. <\/div><\/div><\/div>\n","protected":false},"excerpt":{"rendered":"<p>En este art\u00edculo te vamos a contar cu\u00e1les son los Codere C\u00f3digos Promocionales. Y no solo eso. Adem\u00e1s, el uso que la casa les da y para qu\u00e9 sirven. Claro que tambi\u00e9n haremos una descripci\u00f3n de los principales bonos para Argentina y de las caracter\u00edsticas salientes del servicio del sitio. \u00a1Empieza por registrarte! Todo lo &#8230; <a title=\"Codere C\u00f3digos Promocionales \u00bb C\u00f3digos de Bono [Actualizados]\" class=\"read-more\" href=\"https:\/\/supercuotas.gratis\/arg\/codere-todos-los-codigos-promocionales-ciudad-buenos-aires\/\" aria-label=\"Read more about Codere C\u00f3digos Promocionales \u00bb C\u00f3digos de Bono [Actualizados]\">Read more<\/a><\/p>\n","protected":false},"author":73,"featured_media":0,"parent":0,"menu_order":0,"comment_status":"closed","ping_status":"closed","template":"","meta":{"_uag_custom_page_level_css":"","generate_page_header":"","footnotes":""},"class_list":["post-25890","page","type-page","status-publish"],"uagb_featured_image_src":{"full":false,"thumbnail":false,"medium":false,"medium_large":false,"large":false,"1536x1536":false,"2048x2048":false},"uagb_author_info":{"display_name":"Rodrigo Marquez","author_link":"https:\/\/supercuotas.gratis\/arg\/author\/rodrigo-marquez\/"},"uagb_comment_info":0,"uagb_excerpt":"En este art\u00edculo te vamos a contar cu\u00e1les son los Codere C\u00f3digos Promocionales. Y no solo eso. Adem\u00e1s, el uso que la casa les da y para qu\u00e9 sirven. Claro que tambi\u00e9n haremos una descripci\u00f3n de los principales bonos para Argentina y de las caracter\u00edsticas salientes del servicio del sitio. \u00a1Empieza por registrarte! Todo lo&hellip;","_links":{"self":[{"href":"https:\/\/supercuotas.gratis\/arg\/wp-json\/wp\/v2\/pages\/25890","targetHints":{"allow":["GET"]}}],"collection":[{"href":"https:\/\/supercuotas.gratis\/arg\/wp-json\/wp\/v2\/pages"}],"about":[{"href":"https:\/\/supercuotas.gratis\/arg\/wp-json\/wp\/v2\/types\/page"}],"author":[{"embeddable":true,"href":"https:\/\/supercuotas.gratis\/arg\/wp-json\/wp\/v2\/users\/73"}],"replies":[{"embeddable":true,"href":"https:\/\/supercuotas.gratis\/arg\/wp-json\/wp\/v2\/comments?post=25890"}],"version-history":[{"count":0,"href":"https:\/\/supercuotas.gratis\/arg\/wp-json\/wp\/v2\/pages\/25890\/revisions"}],"wp:attachment":[{"href":"https:\/\/supercuotas.gratis\/arg\/wp-json\/wp\/v2\/media?parent=25890"}],"curies":[{"name":"wp","href":"https:\/\/api.w.org\/{rel}","templated":true}]}}